{"id":1739,"date":"2021-10-15T16:27:06","date_gmt":"2021-10-15T20:27:06","guid":{"rendered":"https:\/\/caefs.ca\/accessibility-statement\/"},"modified":"2022-04-19T10:14:29","modified_gmt":"2022-04-19T14:14:29","slug":"accessibility-statement","status":"publish","type":"page","link":"https:\/\/caefs.ca\/fr\/accessibility-statement\/","title":{"rendered":"D\u00e9claration sur l\u2019accessibilit\u00e9"},"content":{"rendered":"<div data-magellan-target=\"custom-heading-block_6169e469978ce\" id=\"custom-heading-block_6169e469978ce\" class=\"custom-heading with-border \">\n    <div class=\"row\">\n        <div class=\"medium-12 column\">\n                <h2>D\u00e9claration sur l\u2019accessibilit\u00e9<\/h2>\n        <\/div>\n    <\/div>\n<\/div>\n\n\n\n<p>Nous voulons que toutes les personnes qui visitent notre site Web se sentent les bienvenues et puissent trouver les informations dont elles ont besoin.<\/p>\n\n\n\n<p><strong><strong>Nos directives de conformit\u00e9<\/strong><\/strong><\/p>\n\n\n\n<p>Pour nous aider \u00e0 rendre le site Web de l\u2019ACSEF inclusif, nous avons suivi les <a href=\"https:\/\/www.w3.org\/WAI\/standards-guidelines\/wcag\/fr\" target=\"_blank\" rel=\"noreferrer noopener\"><strong>directives pour l\u2019accessibilit\u00e9 des contenus Web (WCAG)\u00a02.1<\/strong><\/a>.<\/p>\n\n\n\n<p>Les directives indiquent trois niveaux d\u2019accessibilit\u00e9 (A, AA et AAA). Nous avons choisi le niveau AA comme cible du site Web de l\u2019ACSEF. Cela garantit que vous pouvez utiliser les outils d\u2019accessibilit\u00e9 de votre navigateur pour ajuster la taille du texte, que les images sont assorties d\u2019une description textuelle et que le site Web s\u00e9pare le style du contenu s\u00e9mantique, permettant ainsi \u00e0 d\u2019autres navigateurs de fonctionner pleinement.<\/p>\n\n\n\n<p>Ce site utilise \u00e9galement un code conforme aux normes\u00a0W3C pour HTML et CSS. Il s\u2019affiche correctement quel que soit le navigateur de l\u2019internaute et son code HTML\/CSS fonctionnera avec les futurs utilisateurs.<\/p>\n\n\n\n<p><strong><strong>Dites-nous ce que vous pensez du site<\/strong><\/strong><\/p>\n\n\n\n<p>Notre d\u00e9veloppeur Web a travaill\u00e9 dur pour que le site soit conforme \u00e0 notre objectif d\u2019accessibilit\u00e9 de niveau AA. Nous contr\u00f4lons r\u00e9guli\u00e8rement le site Web pour maintenir ce niveau, mais si vous rencontrez des probl\u00e8mes, n\u2019h\u00e9sitez pas \u00e0 communiquer avec nous.<\/p>\n\n\n\n<p>Si vous avez appr\u00e9ci\u00e9 notre site Web ou si vous avez eu du mal \u00e0 y naviguer, veuillez nous contacter. Nous aimerions recevoir vos commentaires. Veuillez nous \u00e9crire \u00e0 <a href=\"mailto:admin@caefs.ca\">admin@caefs.ca<\/a>.<\/p>\n\n\n\n<div style=\"height:100px\" aria-hidden=\"true\" class=\"wp-block-spacer\"><\/div>\n","protected":false},"excerpt":{"rendered":"<p>Nous voulons que toutes les personnes qui visitent notre site Web se sentent les bienvenues et puissent trouver les informations dont elles ont besoin. Nos directives de conformit\u00e9 Pour nous [&hellip;]<\/p>\n","protected":false},"author":1,"featured_media":1775,"parent":0,"menu_order":0,"comment_status":"closed","ping_status":"closed","template":"page-banner.php","meta":{"_acf_changed":false,"om_disable_all_campaigns":false,"_monsterinsights_skip_tracking":false,"_monsterinsights_sitenote_active":false,"_monsterinsights_sitenote_note":"","_monsterinsights_sitenote_category":0,"footnotes":""},"category":[],"class_list":["post-1739","page","type-page","status-publish","has-post-thumbnail","hentry"],"acf":[],"aioseo_notices":[],"yoast_head":"<!-- This site is optimized with the Yoast SEO plugin v27.2 - https:\/\/yoast.com\/product\/yoast-seo-wordpress\/ -->\n<title>D\u00e9claration sur l\u2019accessibilit\u00e9 - ACSEF<\/title>\n<meta name=\"robots\" content=\"index, follow, max-snippet:-1, max-image-preview:large, max-video-preview:-1\" \/>\n<link rel=\"canonical\" href=\"https:\/\/caefs.ca\/fr\/accessibility-statement\/\" \/>\n<meta property=\"og:locale\" content=\"fr_FR\" \/>\n<meta property=\"og:type\" content=\"article\" \/>\n<meta property=\"og:title\" content=\"D\u00e9claration sur l\u2019accessibilit\u00e9 - ACSEF\" \/>\n<meta property=\"og:description\" content=\"Nous voulons que toutes les personnes qui visitent notre site Web se sentent les bienvenues et puissent trouver les informations dont elles ont besoin. Nos directives de conformit\u00e9 Pour nous [&hellip;]\" \/>\n<meta property=\"og:url\" content=\"https:\/\/caefs.ca\/fr\/accessibility-statement\/\" \/>\n<meta property=\"og:site_name\" content=\"ACSEF\" \/>\n<meta property=\"article:modified_time\" content=\"2022-04-19T14:14:29+00:00\" \/>\n<meta property=\"og:image\" content=\"https:\/\/caefs.ca\/wp-content\/uploads\/2021\/11\/56WspenQ.png\" \/>\n\t<meta property=\"og:image:width\" content=\"236\" \/>\n\t<meta property=\"og:image:height\" content=\"236\" \/>\n\t<meta property=\"og:image:type\" content=\"image\/png\" \/>\n<meta name=\"twitter:card\" content=\"summary_large_image\" \/>\n<meta name=\"twitter:label1\" content=\"Dur\u00e9e de lecture estim\u00e9e\" \/>\n\t<meta name=\"twitter:data1\" content=\"2 minutes\" \/>\n<script type=\"application\/ld+json\" class=\"yoast-schema-graph\">{\"@context\":\"https:\/\/schema.org\",\"@graph\":[{\"@type\":\"WebPage\",\"@id\":\"https:\/\/caefs.ca\/fr\/accessibility-statement\/\",\"url\":\"https:\/\/caefs.ca\/fr\/accessibility-statement\/\",\"name\":\"D\u00e9claration sur l\u2019accessibilit\u00e9 - ACSEF\",\"isPartOf\":{\"@id\":\"https:\/\/caefs.ca\/fr\/#website\"},\"primaryImageOfPage\":{\"@id\":\"https:\/\/caefs.ca\/fr\/accessibility-statement\/#primaryimage\"},\"image\":{\"@id\":\"https:\/\/caefs.ca\/fr\/accessibility-statement\/#primaryimage\"},\"thumbnailUrl\":\"https:\/\/caefs.ca\/wp-content\/uploads\/2021\/11\/56WspenQ.png\",\"datePublished\":\"2021-10-15T20:27:06+00:00\",\"dateModified\":\"2022-04-19T14:14:29+00:00\",\"breadcrumb\":{\"@id\":\"https:\/\/caefs.ca\/fr\/accessibility-statement\/#breadcrumb\"},\"inLanguage\":\"fr-FR\",\"potentialAction\":[{\"@type\":\"ReadAction\",\"target\":[\"https:\/\/caefs.ca\/fr\/accessibility-statement\/\"]}]},{\"@type\":\"ImageObject\",\"inLanguage\":\"fr-FR\",\"@id\":\"https:\/\/caefs.ca\/fr\/accessibility-statement\/#primaryimage\",\"url\":\"https:\/\/caefs.ca\/wp-content\/uploads\/2021\/11\/56WspenQ.png\",\"contentUrl\":\"https:\/\/caefs.ca\/wp-content\/uploads\/2021\/11\/56WspenQ.png\",\"width\":236,\"height\":236},{\"@type\":\"BreadcrumbList\",\"@id\":\"https:\/\/caefs.ca\/fr\/accessibility-statement\/#breadcrumb\",\"itemListElement\":[{\"@type\":\"ListItem\",\"position\":1,\"name\":\"Accueil\",\"item\":\"https:\/\/caefs.ca\/fr\/\"},{\"@type\":\"ListItem\",\"position\":2,\"name\":\"D\u00e9claration sur l\u2019accessibilit\u00e9\"}]},{\"@type\":\"WebSite\",\"@id\":\"https:\/\/caefs.ca\/fr\/#website\",\"url\":\"https:\/\/caefs.ca\/fr\/\",\"name\":\"ACSEF\",\"description\":\"Just another WordPress site\",\"potentialAction\":[{\"@type\":\"SearchAction\",\"target\":{\"@type\":\"EntryPoint\",\"urlTemplate\":\"https:\/\/caefs.ca\/fr\/?s={search_term_string}\"},\"query-input\":{\"@type\":\"PropertyValueSpecification\",\"valueRequired\":true,\"valueName\":\"search_term_string\"}}],\"inLanguage\":\"fr-FR\"}]}<\/script>\n<!-- \/ Yoast SEO plugin. -->","yoast_head_json":{"title":"D\u00e9claration sur l\u2019accessibilit\u00e9 - ACSEF","robots":{"index":"index","follow":"follow","max-snippet":"max-snippet:-1","max-image-preview":"max-image-preview:large","max-video-preview":"max-video-preview:-1"},"canonical":"https:\/\/caefs.ca\/fr\/accessibility-statement\/","og_locale":"fr_FR","og_type":"article","og_title":"D\u00e9claration sur l\u2019accessibilit\u00e9 - ACSEF","og_description":"Nous voulons que toutes les personnes qui visitent notre site Web se sentent les bienvenues et puissent trouver les informations dont elles ont besoin. Nos directives de conformit\u00e9 Pour nous [&hellip;]","og_url":"https:\/\/caefs.ca\/fr\/accessibility-statement\/","og_site_name":"ACSEF","article_modified_time":"2022-04-19T14:14:29+00:00","og_image":[{"width":236,"height":236,"url":"https:\/\/caefs.ca\/wp-content\/uploads\/2021\/11\/56WspenQ.png","type":"image\/png"}],"twitter_card":"summary_large_image","twitter_misc":{"Dur\u00e9e de lecture estim\u00e9e":"2 minutes"},"schema":{"@context":"https:\/\/schema.org","@graph":[{"@type":"WebPage","@id":"https:\/\/caefs.ca\/fr\/accessibility-statement\/","url":"https:\/\/caefs.ca\/fr\/accessibility-statement\/","name":"D\u00e9claration sur l\u2019accessibilit\u00e9 - ACSEF","isPartOf":{"@id":"https:\/\/caefs.ca\/fr\/#website"},"primaryImageOfPage":{"@id":"https:\/\/caefs.ca\/fr\/accessibility-statement\/#primaryimage"},"image":{"@id":"https:\/\/caefs.ca\/fr\/accessibility-statement\/#primaryimage"},"thumbnailUrl":"https:\/\/caefs.ca\/wp-content\/uploads\/2021\/11\/56WspenQ.png","datePublished":"2021-10-15T20:27:06+00:00","dateModified":"2022-04-19T14:14:29+00:00","breadcrumb":{"@id":"https:\/\/caefs.ca\/fr\/accessibility-statement\/#breadcrumb"},"inLanguage":"fr-FR","potentialAction":[{"@type":"ReadAction","target":["https:\/\/caefs.ca\/fr\/accessibility-statement\/"]}]},{"@type":"ImageObject","inLanguage":"fr-FR","@id":"https:\/\/caefs.ca\/fr\/accessibility-statement\/#primaryimage","url":"https:\/\/caefs.ca\/wp-content\/uploads\/2021\/11\/56WspenQ.png","contentUrl":"https:\/\/caefs.ca\/wp-content\/uploads\/2021\/11\/56WspenQ.png","width":236,"height":236},{"@type":"BreadcrumbList","@id":"https:\/\/caefs.ca\/fr\/accessibility-statement\/#breadcrumb","itemListElement":[{"@type":"ListItem","position":1,"name":"Accueil","item":"https:\/\/caefs.ca\/fr\/"},{"@type":"ListItem","position":2,"name":"D\u00e9claration sur l\u2019accessibilit\u00e9"}]},{"@type":"WebSite","@id":"https:\/\/caefs.ca\/fr\/#website","url":"https:\/\/caefs.ca\/fr\/","name":"ACSEF","description":"Just another WordPress site","potentialAction":[{"@type":"SearchAction","target":{"@type":"EntryPoint","urlTemplate":"https:\/\/caefs.ca\/fr\/?s={search_term_string}"},"query-input":{"@type":"PropertyValueSpecification","valueRequired":true,"valueName":"search_term_string"}}],"inLanguage":"fr-FR"}]}},"_links":{"self":[{"href":"https:\/\/caefs.ca\/fr\/wp-json\/wp\/v2\/pages\/1739","targetHints":{"allow":["GET"]}}],"collection":[{"href":"https:\/\/caefs.ca\/fr\/wp-json\/wp\/v2\/pages"}],"about":[{"href":"https:\/\/caefs.ca\/fr\/wp-json\/wp\/v2\/types\/page"}],"author":[{"embeddable":true,"href":"https:\/\/caefs.ca\/fr\/wp-json\/wp\/v2\/users\/1"}],"replies":[{"embeddable":true,"href":"https:\/\/caefs.ca\/fr\/wp-json\/wp\/v2\/comments?post=1739"}],"version-history":[{"count":4,"href":"https:\/\/caefs.ca\/fr\/wp-json\/wp\/v2\/pages\/1739\/revisions"}],"predecessor-version":[{"id":3783,"href":"https:\/\/caefs.ca\/fr\/wp-json\/wp\/v2\/pages\/1739\/revisions\/3783"}],"wp:featuredmedia":[{"embeddable":true,"href":"https:\/\/caefs.ca\/fr\/wp-json\/wp\/v2\/media\/1775"}],"wp:attachment":[{"href":"https:\/\/caefs.ca\/fr\/wp-json\/wp\/v2\/media?parent=1739"}],"wp:term":[{"taxonomy":"category","embeddable":true,"href":"https:\/\/caefs.ca\/fr\/wp-json\/wp\/v2\/category?post=1739"}],"curies":[{"name":"wp","href":"https:\/\/api.w.org\/{rel}","templated":true}]}}