{"id":2410,"date":"2021-07-19T18:07:30","date_gmt":"2021-07-19T18:07:30","guid":{"rendered":"https:\/\/caefs.ca\/sample-page\/"},"modified":"2026-03-24T10:30:28","modified_gmt":"2026-03-24T14:30:28","slug":"sample-page","status":"publish","type":"page","link":"https:\/\/caefs.ca\/fr\/","title":{"rendered":"Accueil"},"content":{"rendered":"<div id=\"about-block-block_360d471f2297abb7c5c655963ad35b96\" class=\"about-block alignfull \">\n    <div class=\"row\">\n        <div class=\"medium-9 column\">\n            <div class=\"block-title\">\n                <h2>Qui sommes-nous?<\/h2>\n            <\/div>\n            <div class=\"block-details\">\n\t            <p>\u00c0 l\u2019Association canadienne des Soci\u00e9t\u00e9s Elizabeth Fry (ACSEF), nous r\u00eavons d\u2019un monde sans prisons, avec des communaut\u00e9s fortes et dot\u00e9es de ressources pour toutes et tous. Pour concr\u00e9tiser cette vision, nous nous effor\u00e7ons de rem\u00e9dier \u00e0 la d\u00e9shumanisation et \u00e0 l\u2019exclusion sociale persistantes des femmes et des personnes de diverses identit\u00e9s de genre criminalis\u00e9es.<\/p>\n            <\/div>\n            <div class=\"block-cta\">\n\t                                <a href=\"https:\/\/caefs.ca\/fr\/qui-sommes-nous\/\" class=\"cta\" title=\"En savoir plus sur nous\" >En savoir plus sur nous<\/a>\n\t                        <\/div>\n        <\/div>\n        <div class=\"medium-3 column\">\n            <div class=\"block-image\">\n\t                        <\/div>\n        <\/div>\n    <\/div>\n<\/div>\n\n\n<div id=\"key-issues-block_ff00bc737d24e2d958ca85e835233845\" class=\"key-issues alignfull  grey\">\n    <div class=\"row\">\n        <div class=\"large-8 large-offset-2 column\">\n            <div class=\"block-title\">\n                <h2>Notre travail<\/h2>\n                <p>En savoir plus sur ce que nous faisons <\/p>\n            <\/div>\n        <\/div>\n    <\/div>\n\t    <div class=\"contents\">\n        <div class=\"row\">\n\t                    <div class=\"medium-3 column\">\n                <div class=\"issue-box\">\n                                                            <a href=\"https:\/\/caefs.ca\/fr\/legal-advocacy\/\" title=\"D\u00e9fense des droits juridiques\" >\n                        D\u00e9fense des droits juridiques                    <\/a>\n                <\/div>\n            <\/div>\n                        <div class=\"medium-3 column\">\n                <div class=\"issue-box\">\n                                                            <a href=\"https:\/\/caefs.ca\/fr\/projects-and-initiatives\/\" title=\"Projets et initiatives\" >\n                        Projets et initiatives                    <\/a>\n                <\/div>\n            <\/div>\n                        <div class=\"medium-3 column\">\n                <div class=\"issue-box\">\n                                                            <a href=\"https:\/\/caefs.ca\/fr\/defense-des-droits-dans-les-penitenciers-dits-pour-femmes\/\" title=\"D\u00e9fense des droits dans les p\u00e9nitenciers dits pour femmes\" >\n                        D\u00e9fense des droits dans les p\u00e9nitenciers dits pour femmes                    <\/a>\n                <\/div>\n            <\/div>\n                        <div class=\"medium-3 column\">\n                <div class=\"issue-box\">\n                                                            <a href=\"https:\/\/caefs.ca\/fr\/legislation-changement-travail\/\" title=\"L\u00e9gislation Changement Travail\" >\n                        L\u00e9gislation Changement Travail                    <\/a>\n                <\/div>\n            <\/div>\n                    <\/div>\n    <\/div>\n        <div class=\"row\">\n        <div class=\"large-12 column\">\n            <div class=\"block-cta\">\n\t                        <\/div>\n        <\/div>\n    <\/div>\n<\/div>\n\n\n<div id=\"latest-news-block_3aeb9d29115665e92b3d7323a375088e\" class=\"latest-news alignfull \">\n    <div class=\"row\">\n        <div class=\"large-8 large-offset-2 column\">\n            <div class=\"block-title\">\n                <h2>Derni\u00e8res nouvelles<\/h2>\n                <p>D\u00e9couvrez nos actualit\u00e9s! Lisez nos derniers communiqu\u00e9s de presse, voyez nos \u00e9v\u00e9nements \u00e0 venir et impliquez-vous.<\/p>\n            <\/div>\n        <\/div>\n    <\/div>\n    <div class=\"row posts-wrapper\">\n                <div class=\"medium-4 column\">\n                <div class=\"post-wrapper post-1\">\n                    <div class=\"post-details\">\n                        <h4><a href=\"https:\/\/caefs.ca\/fr\/le-2-octobre-est-la-journee-des-erreurs-judiciaires\/\">Le 2\u202foctobre est la Journ\u00e9e des&#8230;<\/a><\/h4>\n                        <span>1\/10\/2024<\/span>\n                    <\/div>\n                    <div class=\"read-more\">\n                        <a href=\"https:\/\/caefs.ca\/fr\/le-2-octobre-est-la-journee-des-erreurs-judiciaires\/\">\n                            Lire la suite                            <i class=\"icon icon-right-arrow\"><\/i>\n                        <\/a>\n                    <\/div>\n                <\/div>\n            <\/div>\n                <div class=\"medium-4 column\">\n                <div class=\"post-wrapper post-2\">\n                    <div class=\"post-details\">\n                        <h4><a href=\"https:\/\/caefs.ca\/fr\/annonce-de-la-semaine-elizabeth-fry-2024-labolition-en-action\/\">Annonce de la semaine Elizabeth Fry&#8230;<\/a><\/h4>\n                        <span>17\/4\/2024<\/span>\n                    <\/div>\n                    <div class=\"read-more\">\n                        <a href=\"https:\/\/caefs.ca\/fr\/annonce-de-la-semaine-elizabeth-fry-2024-labolition-en-action\/\">\n                            Lire la suite                            <i class=\"icon icon-right-arrow\"><\/i>\n                        <\/a>\n                    <\/div>\n                <\/div>\n            <\/div>\n                <div class=\"medium-4 column\">\n                <div class=\"post-wrapper post-3\">\n                    <div class=\"post-details\">\n                        <h4><a href=\"https:\/\/caefs.ca\/fr\/enquete-publique-sur-la-mort-de-terry-baker\/\">Enqu\u00eate publique sur la mort de&#8230;<\/a><\/h4>\n                        <span>22\/1\/2024<\/span>\n                    <\/div>\n                    <div class=\"read-more\">\n                        <a href=\"https:\/\/caefs.ca\/fr\/enquete-publique-sur-la-mort-de-terry-baker\/\">\n                            Lire la suite                            <i class=\"icon icon-right-arrow\"><\/i>\n                        <\/a>\n                    <\/div>\n                <\/div>\n            <\/div>\n                <div class=\"medium-4 column\">\n                <div class=\"post-wrapper post-1\">\n                    <div class=\"post-details\">\n                        <h4><a href=\"https:\/\/caefs.ca\/fr\/les-demandes-de-bourses-commemoratives-2023-sont-ouvertes\/\">Les demandes de bourses comm\u00e9moratives 2023&#8230;<\/a><\/h4>\n                        <span>15\/5\/2023<\/span>\n                    <\/div>\n                    <div class=\"read-more\">\n                        <a href=\"https:\/\/caefs.ca\/fr\/les-demandes-de-bourses-commemoratives-2023-sont-ouvertes\/\">\n                            Lire la suite                            <i class=\"icon icon-right-arrow\"><\/i>\n                        <\/a>\n                    <\/div>\n                <\/div>\n            <\/div>\n                <div class=\"medium-4 column\">\n                <div class=\"post-wrapper post-2\">\n                    <div class=\"post-details\">\n                        <h4><a href=\"https:\/\/caefs.ca\/fr\/jour-6-semaine-elizabeth-fry-2023\/\">Jour 6 : Semaine Elizabeth Fry&#8230;<\/a><\/h4>\n                        <span>13\/5\/2023<\/span>\n                    <\/div>\n                    <div class=\"read-more\">\n                        <a href=\"https:\/\/caefs.ca\/fr\/jour-6-semaine-elizabeth-fry-2023\/\">\n                            Lire la suite                            <i class=\"icon icon-right-arrow\"><\/i>\n                        <\/a>\n                    <\/div>\n                <\/div>\n            <\/div>\n                <div class=\"medium-4 column\">\n                <div class=\"post-wrapper post-3\">\n                    <div class=\"post-details\">\n                        <h4><a href=\"https:\/\/caefs.ca\/fr\/jour-7-semaine-elizabeth-fry-2023\/\">Jour 7 : Semaine Elizabeth Fry&#8230;<\/a><\/h4>\n                        <span>14\/5\/2023<\/span>\n                    <\/div>\n                    <div class=\"read-more\">\n                        <a href=\"https:\/\/caefs.ca\/fr\/jour-7-semaine-elizabeth-fry-2023\/\">\n                            Lire la suite                            <i class=\"icon icon-right-arrow\"><\/i>\n                        <\/a>\n                    <\/div>\n                <\/div>\n            <\/div>\n        <\/div>\n<\/div>\n\n\n<div id=\"quote-block-block_294c0020f72b69982075a3672e87150b\" class=\"quote-block alignfull \">\n    <div class=\"row\">\n        <div class=\"medium-12 column\">\n            <p><span class=\"has-inline-color\" style=\"color: #692875;\" data-rich-text-format-boundary=\"true\">\u00ab Aucun de nous ne sera libre,<\/span><span class=\"has-inline-color\" style=\"color: #98639e;\">tant que nous ne serons pas tous libres. \u00bb<\/span><\/p>\n            <div class=\"author\">\n\t            Emma Lazarus            <\/div>\n        <\/div>\n    <\/div>\n<\/div>\n","protected":false},"excerpt":{"rendered":"","protected":false},"author":1,"featured_media":0,"parent":0,"menu_order":0,"comment_status":"closed","ping_status":"open","template":"","meta":{"_acf_changed":false,"om_disable_all_campaigns":false,"_monsterinsights_skip_tracking":false,"_monsterinsights_sitenote_active":false,"_monsterinsights_sitenote_note":"","_monsterinsights_sitenote_category":0,"footnotes":""},"category":[],"class_list":["post-2410","page","type-page","status-publish","hentry"],"acf":[],"aioseo_notices":[],"yoast_head":"<!-- This site is optimized with the Yoast SEO plugin v27.2 - https:\/\/yoast.com\/product\/yoast-seo-wordpress\/ -->\n<title>Accueil - ACSEF<\/title>\n<meta name=\"robots\" content=\"index, follow, max-snippet:-1, max-image-preview:large, max-video-preview:-1\" \/>\n<link rel=\"canonical\" href=\"https:\/\/caefs.ca\/fr\/\" \/>\n<meta property=\"og:locale\" content=\"fr_FR\" \/>\n<meta property=\"og:type\" content=\"article\" \/>\n<meta property=\"og:title\" content=\"Accueil - ACSEF\" \/>\n<meta property=\"og:url\" content=\"https:\/\/caefs.ca\/fr\/\" \/>\n<meta property=\"og:site_name\" content=\"ACSEF\" \/>\n<meta property=\"article:modified_time\" content=\"2026-03-24T14:30:28+00:00\" \/>\n<meta name=\"twitter:card\" content=\"summary_large_image\" \/>\n<script type=\"application\/ld+json\" class=\"yoast-schema-graph\">{\"@context\":\"https:\/\/schema.org\",\"@graph\":[{\"@type\":\"WebPage\",\"@id\":\"https:\/\/caefs.ca\/fr\/\",\"url\":\"https:\/\/caefs.ca\/fr\/\",\"name\":\"Accueil - ACSEF\",\"isPartOf\":{\"@id\":\"https:\/\/caefs.ca\/fr\/#website\"},\"datePublished\":\"2021-07-19T18:07:30+00:00\",\"dateModified\":\"2026-03-24T14:30:28+00:00\",\"breadcrumb\":{\"@id\":\"https:\/\/caefs.ca\/fr\/#breadcrumb\"},\"inLanguage\":\"fr-FR\",\"potentialAction\":[{\"@type\":\"ReadAction\",\"target\":[\"https:\/\/caefs.ca\/fr\/\"]}]},{\"@type\":\"BreadcrumbList\",\"@id\":\"https:\/\/caefs.ca\/fr\/#breadcrumb\",\"itemListElement\":[{\"@type\":\"ListItem\",\"position\":1,\"name\":\"Accueil\",\"item\":\"https:\/\/caefs.ca\/fr\/\"},{\"@type\":\"ListItem\",\"position\":2,\"name\":\"Accueil\"}]},{\"@type\":\"WebSite\",\"@id\":\"https:\/\/caefs.ca\/fr\/#website\",\"url\":\"https:\/\/caefs.ca\/fr\/\",\"name\":\"ACSEF\",\"description\":\"Just another WordPress site\",\"potentialAction\":[{\"@type\":\"SearchAction\",\"target\":{\"@type\":\"EntryPoint\",\"urlTemplate\":\"https:\/\/caefs.ca\/fr\/?s={search_term_string}\"},\"query-input\":{\"@type\":\"PropertyValueSpecification\",\"valueRequired\":true,\"valueName\":\"search_term_string\"}}],\"inLanguage\":\"fr-FR\"}]}<\/script>\n<!-- \/ Yoast SEO plugin. -->","yoast_head_json":{"title":"Accueil - ACSEF","robots":{"index":"index","follow":"follow","max-snippet":"max-snippet:-1","max-image-preview":"max-image-preview:large","max-video-preview":"max-video-preview:-1"},"canonical":"https:\/\/caefs.ca\/fr\/","og_locale":"fr_FR","og_type":"article","og_title":"Accueil - ACSEF","og_url":"https:\/\/caefs.ca\/fr\/","og_site_name":"ACSEF","article_modified_time":"2026-03-24T14:30:28+00:00","twitter_card":"summary_large_image","schema":{"@context":"https:\/\/schema.org","@graph":[{"@type":"WebPage","@id":"https:\/\/caefs.ca\/fr\/","url":"https:\/\/caefs.ca\/fr\/","name":"Accueil - ACSEF","isPartOf":{"@id":"https:\/\/caefs.ca\/fr\/#website"},"datePublished":"2021-07-19T18:07:30+00:00","dateModified":"2026-03-24T14:30:28+00:00","breadcrumb":{"@id":"https:\/\/caefs.ca\/fr\/#breadcrumb"},"inLanguage":"fr-FR","potentialAction":[{"@type":"ReadAction","target":["https:\/\/caefs.ca\/fr\/"]}]},{"@type":"BreadcrumbList","@id":"https:\/\/caefs.ca\/fr\/#breadcrumb","itemListElement":[{"@type":"ListItem","position":1,"name":"Accueil","item":"https:\/\/caefs.ca\/fr\/"},{"@type":"ListItem","position":2,"name":"Accueil"}]},{"@type":"WebSite","@id":"https:\/\/caefs.ca\/fr\/#website","url":"https:\/\/caefs.ca\/fr\/","name":"ACSEF","description":"Just another WordPress site","potentialAction":[{"@type":"SearchAction","target":{"@type":"EntryPoint","urlTemplate":"https:\/\/caefs.ca\/fr\/?s={search_term_string}"},"query-input":{"@type":"PropertyValueSpecification","valueRequired":true,"valueName":"search_term_string"}}],"inLanguage":"fr-FR"}]}},"_links":{"self":[{"href":"https:\/\/caefs.ca\/fr\/wp-json\/wp\/v2\/pages\/2410","targetHints":{"allow":["GET"]}}],"collection":[{"href":"https:\/\/caefs.ca\/fr\/wp-json\/wp\/v2\/pages"}],"about":[{"href":"https:\/\/caefs.ca\/fr\/wp-json\/wp\/v2\/types\/page"}],"author":[{"embeddable":true,"href":"https:\/\/caefs.ca\/fr\/wp-json\/wp\/v2\/users\/1"}],"replies":[{"embeddable":true,"href":"https:\/\/caefs.ca\/fr\/wp-json\/wp\/v2\/comments?post=2410"}],"version-history":[{"count":63,"href":"https:\/\/caefs.ca\/fr\/wp-json\/wp\/v2\/pages\/2410\/revisions"}],"predecessor-version":[{"id":7873,"href":"https:\/\/caefs.ca\/fr\/wp-json\/wp\/v2\/pages\/2410\/revisions\/7873"}],"wp:attachment":[{"href":"https:\/\/caefs.ca\/fr\/wp-json\/wp\/v2\/media?parent=2410"}],"wp:term":[{"taxonomy":"category","embeddable":true,"href":"https:\/\/caefs.ca\/fr\/wp-json\/wp\/v2\/category?post=2410"}],"curies":[{"name":"wp","href":"https:\/\/api.w.org\/{rel}","templated":true}]}}