{"id":2412,"date":"2021-09-17T15:30:58","date_gmt":"2021-09-17T19:30:58","guid":{"rendered":"https:\/\/caefs.ca\/become-a-member-society\/"},"modified":"2022-04-19T08:54:43","modified_gmt":"2022-04-19T12:54:43","slug":"become-a-member-society","status":"publish","type":"page","link":"https:\/\/caefs.ca\/fr\/become-a-member-society\/","title":{"rendered":"Devenez une Soci\u00e9t\u00e9 membre"},"content":{"rendered":"<div data-magellan-target=\"Devenez une Soci\u00e9t\u00e9 membre\" id=\"Devenez une Soci\u00e9t\u00e9 membre\" class=\"custom-heading with-border \">\n    <div class=\"row\">\n        <div class=\"medium-12 column\">\n                <h1>Devenez une Soci\u00e9t\u00e9 membre<\/h1>\n        <\/div>\n    <\/div>\n<\/div>\n\n\n\n<p>\u00cates-vous \u00e0 la direction g\u00e9n\u00e9rale d\u2019un organisme \u00e0 but non lucratif qui vient en aide aux femmes et aux personnes trans, non binaires et bispirituelles criminalis\u00e9es et vuln\u00e9rables, et qui travaille pour un monde sans prisons? Nous aimerions vous conna\u00eetre. Contactez&nbsp;<a href=\"mailto:admin@caefs.ca\" target=\"_blank\" rel=\"noreferrer noopener\">admin@caefs.ca<\/a>&nbsp;pour en savoir plus sur le membrariat de l\u2019ACSEF.&nbsp;&nbsp;<\/p>\n\n\n\n<div style=\"height:100px\" aria-hidden=\"true\" class=\"wp-block-spacer\"><\/div>\n","protected":false},"excerpt":{"rendered":"<p>\u00cates-vous \u00e0 la direction g\u00e9n\u00e9rale d\u2019un organisme \u00e0 but non lucratif qui vient en aide aux femmes et aux personnes trans, non binaires et bispirituelles criminalis\u00e9es et vuln\u00e9rables, et qui [&hellip;]<\/p>\n","protected":false},"author":2,"featured_media":1775,"parent":0,"menu_order":0,"comment_status":"closed","ping_status":"closed","template":"page-banner.php","meta":{"_acf_changed":false,"om_disable_all_campaigns":false,"_monsterinsights_skip_tracking":false,"_monsterinsights_sitenote_active":false,"_monsterinsights_sitenote_note":"","_monsterinsights_sitenote_category":0,"footnotes":""},"category":[],"class_list":["post-2412","page","type-page","status-publish","has-post-thumbnail","hentry"],"acf":[],"aioseo_notices":[],"yoast_head":"<!-- This site is optimized with the Yoast SEO plugin v27.4 - https:\/\/yoast.com\/product\/yoast-seo-wordpress\/ -->\n<title>Devenez une Soci\u00e9t\u00e9 membre - ACSEF<\/title>\n<meta name=\"robots\" content=\"index, follow, max-snippet:-1, max-image-preview:large, max-video-preview:-1\" \/>\n<link rel=\"canonical\" href=\"https:\/\/caefs.ca\/fr\/become-a-member-society\/\" \/>\n<meta property=\"og:locale\" content=\"fr_FR\" \/>\n<meta property=\"og:type\" content=\"article\" \/>\n<meta property=\"og:title\" content=\"Devenez une Soci\u00e9t\u00e9 membre - ACSEF\" \/>\n<meta property=\"og:description\" content=\"\u00cates-vous \u00e0 la direction g\u00e9n\u00e9rale d\u2019un organisme \u00e0 but non lucratif qui vient en aide aux femmes et aux personnes trans, non binaires et bispirituelles criminalis\u00e9es et vuln\u00e9rables, et qui [&hellip;]\" \/>\n<meta property=\"og:url\" content=\"https:\/\/caefs.ca\/fr\/become-a-member-society\/\" \/>\n<meta property=\"og:site_name\" content=\"ACSEF\" \/>\n<meta property=\"article:modified_time\" content=\"2022-04-19T12:54:43+00:00\" \/>\n<meta property=\"og:image\" content=\"https:\/\/caefs.ca\/wp-content\/uploads\/2021\/11\/56WspenQ.png\" \/>\n\t<meta property=\"og:image:width\" content=\"236\" \/>\n\t<meta property=\"og:image:height\" content=\"236\" \/>\n\t<meta property=\"og:image:type\" content=\"image\/png\" \/>\n<meta name=\"twitter:card\" content=\"summary_large_image\" \/>\n<meta name=\"twitter:label1\" content=\"Dur\u00e9e de lecture estim\u00e9e\" \/>\n\t<meta name=\"twitter:data1\" content=\"1 minute\" \/>\n<script type=\"application\/ld+json\" class=\"yoast-schema-graph\">{\"@context\":\"https:\\\/\\\/schema.org\",\"@graph\":[{\"@type\":\"WebPage\",\"@id\":\"https:\\\/\\\/caefs.ca\\\/fr\\\/become-a-member-society\\\/\",\"url\":\"https:\\\/\\\/caefs.ca\\\/fr\\\/become-a-member-society\\\/\",\"name\":\"Devenez une Soci\u00e9t\u00e9 membre - ACSEF\",\"isPartOf\":{\"@id\":\"https:\\\/\\\/caefs.ca\\\/fr\\\/#website\"},\"primaryImageOfPage\":{\"@id\":\"https:\\\/\\\/caefs.ca\\\/fr\\\/become-a-member-society\\\/#primaryimage\"},\"image\":{\"@id\":\"https:\\\/\\\/caefs.ca\\\/fr\\\/become-a-member-society\\\/#primaryimage\"},\"thumbnailUrl\":\"https:\\\/\\\/caefs.ca\\\/wp-content\\\/uploads\\\/2021\\\/11\\\/56WspenQ.png\",\"datePublished\":\"2021-09-17T19:30:58+00:00\",\"dateModified\":\"2022-04-19T12:54:43+00:00\",\"breadcrumb\":{\"@id\":\"https:\\\/\\\/caefs.ca\\\/fr\\\/become-a-member-society\\\/#breadcrumb\"},\"inLanguage\":\"fr-FR\",\"potentialAction\":[{\"@type\":\"ReadAction\",\"target\":[\"https:\\\/\\\/caefs.ca\\\/fr\\\/become-a-member-society\\\/\"]}]},{\"@type\":\"ImageObject\",\"inLanguage\":\"fr-FR\",\"@id\":\"https:\\\/\\\/caefs.ca\\\/fr\\\/become-a-member-society\\\/#primaryimage\",\"url\":\"https:\\\/\\\/caefs.ca\\\/wp-content\\\/uploads\\\/2021\\\/11\\\/56WspenQ.png\",\"contentUrl\":\"https:\\\/\\\/caefs.ca\\\/wp-content\\\/uploads\\\/2021\\\/11\\\/56WspenQ.png\",\"width\":236,\"height\":236},{\"@type\":\"BreadcrumbList\",\"@id\":\"https:\\\/\\\/caefs.ca\\\/fr\\\/become-a-member-society\\\/#breadcrumb\",\"itemListElement\":[{\"@type\":\"ListItem\",\"position\":1,\"name\":\"Accueil\",\"item\":\"https:\\\/\\\/caefs.ca\\\/fr\\\/\"},{\"@type\":\"ListItem\",\"position\":2,\"name\":\"Devenez une Soci\u00e9t\u00e9 membre\"}]},{\"@type\":\"WebSite\",\"@id\":\"https:\\\/\\\/caefs.ca\\\/fr\\\/#website\",\"url\":\"https:\\\/\\\/caefs.ca\\\/fr\\\/\",\"name\":\"ACSEF\",\"description\":\"Just another WordPress site\",\"potentialAction\":[{\"@type\":\"SearchAction\",\"target\":{\"@type\":\"EntryPoint\",\"urlTemplate\":\"https:\\\/\\\/caefs.ca\\\/fr\\\/?s={search_term_string}\"},\"query-input\":{\"@type\":\"PropertyValueSpecification\",\"valueRequired\":true,\"valueName\":\"search_term_string\"}}],\"inLanguage\":\"fr-FR\"}]}<\/script>\n<!-- \/ Yoast SEO plugin. -->","yoast_head_json":{"title":"Devenez une Soci\u00e9t\u00e9 membre - ACSEF","robots":{"index":"index","follow":"follow","max-snippet":"max-snippet:-1","max-image-preview":"max-image-preview:large","max-video-preview":"max-video-preview:-1"},"canonical":"https:\/\/caefs.ca\/fr\/become-a-member-society\/","og_locale":"fr_FR","og_type":"article","og_title":"Devenez une Soci\u00e9t\u00e9 membre - ACSEF","og_description":"\u00cates-vous \u00e0 la direction g\u00e9n\u00e9rale d\u2019un organisme \u00e0 but non lucratif qui vient en aide aux femmes et aux personnes trans, non binaires et bispirituelles criminalis\u00e9es et vuln\u00e9rables, et qui [&hellip;]","og_url":"https:\/\/caefs.ca\/fr\/become-a-member-society\/","og_site_name":"ACSEF","article_modified_time":"2022-04-19T12:54:43+00:00","og_image":[{"width":236,"height":236,"url":"https:\/\/caefs.ca\/wp-content\/uploads\/2021\/11\/56WspenQ.png","type":"image\/png"}],"twitter_card":"summary_large_image","twitter_misc":{"Dur\u00e9e de lecture estim\u00e9e":"1 minute"},"schema":{"@context":"https:\/\/schema.org","@graph":[{"@type":"WebPage","@id":"https:\/\/caefs.ca\/fr\/become-a-member-society\/","url":"https:\/\/caefs.ca\/fr\/become-a-member-society\/","name":"Devenez une Soci\u00e9t\u00e9 membre - ACSEF","isPartOf":{"@id":"https:\/\/caefs.ca\/fr\/#website"},"primaryImageOfPage":{"@id":"https:\/\/caefs.ca\/fr\/become-a-member-society\/#primaryimage"},"image":{"@id":"https:\/\/caefs.ca\/fr\/become-a-member-society\/#primaryimage"},"thumbnailUrl":"https:\/\/caefs.ca\/wp-content\/uploads\/2021\/11\/56WspenQ.png","datePublished":"2021-09-17T19:30:58+00:00","dateModified":"2022-04-19T12:54:43+00:00","breadcrumb":{"@id":"https:\/\/caefs.ca\/fr\/become-a-member-society\/#breadcrumb"},"inLanguage":"fr-FR","potentialAction":[{"@type":"ReadAction","target":["https:\/\/caefs.ca\/fr\/become-a-member-society\/"]}]},{"@type":"ImageObject","inLanguage":"fr-FR","@id":"https:\/\/caefs.ca\/fr\/become-a-member-society\/#primaryimage","url":"https:\/\/caefs.ca\/wp-content\/uploads\/2021\/11\/56WspenQ.png","contentUrl":"https:\/\/caefs.ca\/wp-content\/uploads\/2021\/11\/56WspenQ.png","width":236,"height":236},{"@type":"BreadcrumbList","@id":"https:\/\/caefs.ca\/fr\/become-a-member-society\/#breadcrumb","itemListElement":[{"@type":"ListItem","position":1,"name":"Accueil","item":"https:\/\/caefs.ca\/fr\/"},{"@type":"ListItem","position":2,"name":"Devenez une Soci\u00e9t\u00e9 membre"}]},{"@type":"WebSite","@id":"https:\/\/caefs.ca\/fr\/#website","url":"https:\/\/caefs.ca\/fr\/","name":"ACSEF","description":"Just another WordPress site","potentialAction":[{"@type":"SearchAction","target":{"@type":"EntryPoint","urlTemplate":"https:\/\/caefs.ca\/fr\/?s={search_term_string}"},"query-input":{"@type":"PropertyValueSpecification","valueRequired":true,"valueName":"search_term_string"}}],"inLanguage":"fr-FR"}]}},"_links":{"self":[{"href":"https:\/\/caefs.ca\/fr\/wp-json\/wp\/v2\/pages\/2412","targetHints":{"allow":["GET"]}}],"collection":[{"href":"https:\/\/caefs.ca\/fr\/wp-json\/wp\/v2\/pages"}],"about":[{"href":"https:\/\/caefs.ca\/fr\/wp-json\/wp\/v2\/types\/page"}],"author":[{"embeddable":true,"href":"https:\/\/caefs.ca\/fr\/wp-json\/wp\/v2\/users\/2"}],"replies":[{"embeddable":true,"href":"https:\/\/caefs.ca\/fr\/wp-json\/wp\/v2\/comments?post=2412"}],"version-history":[{"count":5,"href":"https:\/\/caefs.ca\/fr\/wp-json\/wp\/v2\/pages\/2412\/revisions"}],"predecessor-version":[{"id":3744,"href":"https:\/\/caefs.ca\/fr\/wp-json\/wp\/v2\/pages\/2412\/revisions\/3744"}],"wp:featuredmedia":[{"embeddable":true,"href":"https:\/\/caefs.ca\/fr\/wp-json\/wp\/v2\/media\/1775"}],"wp:attachment":[{"href":"https:\/\/caefs.ca\/fr\/wp-json\/wp\/v2\/media?parent=2412"}],"wp:term":[{"taxonomy":"category","embeddable":true,"href":"https:\/\/caefs.ca\/fr\/wp-json\/wp\/v2\/category?post=2412"}],"curies":[{"name":"wp","href":"https:\/\/api.w.org\/{rel}","templated":true}]}}