{"id":2413,"date":"2021-09-17T14:52:01","date_gmt":"2021-09-17T18:52:01","guid":{"rendered":"https:\/\/caefs.ca\/donate\/"},"modified":"2026-03-27T11:02:19","modified_gmt":"2026-03-27T15:02:19","slug":"donate","status":"publish","type":"page","link":"https:\/\/caefs.ca\/fr\/donate\/","title":{"rendered":"Faites un don"},"content":{"rendered":"<div data-magellan-target=\"Faites un don\" id=\"Faites un don\" class=\"custom-heading with-border \">\n    <div class=\"row\">\n        <div class=\"medium-12 column\">\n                <h1>Faites un don<\/h1>\n        <\/div>\n    <\/div>\n<\/div>\n\n\n\n<p>L\u2019ACSEF est un organisme de bienfaisance enregistr\u00e9. Pour tout don de plus de 3&nbsp;$, vous recevrez un re\u00e7u d\u2019imp\u00f4t pour activit\u00e9s de bienfaisance.&nbsp;&nbsp;<\/p>\n\n\n\n<p>Notre travail ne peut se faire sans votre soutien.&nbsp;Vous pouvez choisir l\u2019initiative que votre don servira \u00e0 financer&nbsp;:&nbsp;<\/p>\n\n\n<div id=\"accordion-content-block_893cda7e019054245960e38babf19446\" class=\"accordion-wrapper \">\n        <ul class=\"accordion\" data-accordion data-multi-expand=\"false\"  data-allow-all-closed=\"true\" data-accordion data-deep-link=\"true\" data-update-history=\"true\" data-deep-link-smudge=\"true\" data-deep-link-smudge-delay=\"500\">\n                    <li class=\"accordion-item\" data-accordion-item>\n                <a href=\"#block_893cda7e019054245960e38babf19446-0\" class=\"accordion-title\">Soutien g\u00e9n\u00e9ral<\/a>\n                <div class=\"accordion-content\" data-tab-content id=\"block_893cda7e019054245960e38babf19446-0\">\n                    <p>Votre don contribuera \u00e0 financer les activit\u00e9s quotidiennes de l\u2019ACSEF, notamment ses visites de d\u00e9fense des droits r\u00e9gionale, ses lignes d\u2019appel sans frais, etc. Ce fond nous permet d\u2019injecter votre argent l\u00e0 il est sera le plus utile.<\/p>\n                                    <\/div>\n            <\/li>\n                    <li class=\"accordion-item\" data-accordion-item>\n                <a href=\"#block_893cda7e019054245960e38babf19446-1\" class=\"accordion-title\">Fonds pour la bourse comm\u00e9morative<\/a>\n                <div class=\"accordion-content\" data-tab-content id=\"block_893cda7e019054245960e38babf19446-1\">\n                    <p>Votre don servira \u00e0 financer la bourse comm\u00e9morative, une bourse annuelle attribu\u00e9e par l\u2019ACSEF \u00e0 des femmes et des personnes de diverses identit\u00e9s de genre criminalis\u00e9es afin de les aider \u00e0 atteindre leurs objectifs en mati\u00e8re d\u2019\u00e9tudes et d\u2019emploi. Vous pouvez en apprendre plus sur notre bourse comm\u00e9morative <a href=\"https:\/\/caefs.ca\/fr\/initiatives\/memorial-bursaries\/\">ici<\/a>.<\/p>\n                                    <\/div>\n            <\/li>\n                    <li class=\"accordion-item\" data-accordion-item>\n                <a href=\"#block_893cda7e019054245960e38babf19446-2\" class=\"accordion-title\">Fonds pour la d\u00e9fense des droits juridiques<\/a>\n                <div class=\"accordion-content\" data-tab-content id=\"block_893cda7e019054245960e38babf19446-2\">\n                    <p>L\u2019ACSEF travaille \u00e0 faire changer les choses sur le plan syst\u00e9mique. Ce travail consiste en partie \u00e0 lancer des enqu\u00eates publiques, \u00e0 d\u00e9clencher des contestations constitutionnelles et \u00e0 intenter des poursuites pour atteinte aux droits de la personne, afin d\u2019am\u00e9liorer les conditions de vie des femmes et des personnes de diverses identit\u00e9s de genre criminalis\u00e9es. Votre don servira \u00e0 financer ces initiatives essentielles, mais souvent co\u00fbteuses.<\/p>\n<p>Vous pouvez en apprendre plus sur notre travail juridique\u00a0<a href=\"https:\/\/caefs.ca\/fr\/our-work\/\">ici<\/a>.<\/p>\n                                    <\/div>\n            <\/li>\n                    <li class=\"accordion-item\" data-accordion-item>\n                <a href=\"#block_893cda7e019054245960e38babf19446-3\" class=\"accordion-title\">Bourses pour la conf\u00e9rence \u00ab Perspectives critiques \u00bb<\/a>\n                <div class=\"accordion-content\" data-tab-content id=\"block_893cda7e019054245960e38babf19446-3\">\n                    <p>Contribuez aux changements en finan\u00e7ant une bourse permettant \u00e0 une personne ayant v\u00e9cu l&rsquo;incarc\u00e9ration de participer \u00e0 <strong>Connecting Paths : 15e Conf\u00e9rence nationale sur les perspectives critiques en criminologie et en justice sociale<\/strong>, qui se tiendra du 20 au 22 mai 2026 \u00e0 l&rsquo;Universit\u00e9 Brock, \u00e0 St. Catharines, en Ontario. Tous les dons recueillis par l&rsquo;ACSEF seront directement vers\u00e9s aux b\u00e9n\u00e9ficiaires afin de financer leur participation \u00e0 la conf\u00e9rence. Pour plus d&rsquo;informations sur la conf\u00e9rence, cliquez ici<\/p>\n                     \n                                                    <p><a href=\"https:\/\/crpoi.ca\/critical-perspectives-2025\/\">https:\/\/crpoi.ca\/connecting-paths-2026\/<\/a><\/p>\n                                                            <\/div>\n            <\/li>\n            <\/ul>\n<\/div>\n\n\n\n<div style=\"height:40px\" aria-hidden=\"true\" class=\"wp-block-spacer\"><\/div>\n\n\n\n<div class=\"wp-block-columns is-layout-flex wp-container-core-columns-is-layout-9d6595d7 wp-block-columns-is-layout-flex\">\n<div class=\"wp-block-column is-layout-flow wp-block-column-is-layout-flow\">\n<h3 class=\"wp-block-heading\">Pr\u00eat(e) \u00e0 contribuer?<\/h3>\n<\/div>\n\n\n\n<div class=\"wp-block-column is-layout-flow wp-block-column-is-layout-flow\">\n<div class=\"wp-block-buttons is-horizontal is-content-justification-left is-layout-flex wp-container-core-buttons-is-layout-7e5fce0a wp-block-buttons-is-layout-flex\"><\/div>\n<\/div>\n\n\n\n<div class=\"wp-block-column is-layout-flow wp-block-column-is-layout-flow\"><\/div>\n\n\n\n<div class=\"wp-block-column is-layout-flow wp-block-column-is-layout-flow\"><\/div>\n<\/div>\n\n\n\n<script id=\"ch_cdn_embed\"\n        type=\"text\/javascript\"\n        src=\"https:\/\/www.canadahelps.org\/secure\/js\/cdf_embed.2.js\"\n        charSet=\"utf-8\"\n        data-language=\"fr\"\n        data-page-id=\"126746\"\n        data-root-url=\"https:\/\/www.canadahelps.org\"\n        data-formtype=\"1\"\n        data-cfasync=\"false\">\n<\/script>\n\n\n\n<p><\/p>\n","protected":false},"excerpt":{"rendered":"<p>L\u2019ACSEF est un organisme de bienfaisance enregistr\u00e9. Pour tout don de plus de 3&nbsp;$, vous recevrez un re\u00e7u d\u2019imp\u00f4t pour activit\u00e9s de bienfaisance.&nbsp;&nbsp; Notre travail ne peut se faire sans [&hellip;]<\/p>\n","protected":false},"author":2,"featured_media":4392,"parent":0,"menu_order":0,"comment_status":"closed","ping_status":"closed","template":"page-banner.php","meta":{"_acf_changed":false,"om_disable_all_campaigns":false,"_monsterinsights_skip_tracking":false,"_monsterinsights_sitenote_active":false,"_monsterinsights_sitenote_note":"","_monsterinsights_sitenote_category":0,"footnotes":""},"category":[],"class_list":["post-2413","page","type-page","status-publish","has-post-thumbnail","hentry"],"acf":[],"aioseo_notices":[],"yoast_head":"<!-- This site is optimized with the Yoast SEO plugin v27.4 - https:\/\/yoast.com\/product\/yoast-seo-wordpress\/ -->\n<title>Faites un don - ACSEF<\/title>\n<meta name=\"robots\" content=\"index, follow, max-snippet:-1, max-image-preview:large, max-video-preview:-1\" \/>\n<link rel=\"canonical\" href=\"https:\/\/caefs.ca\/fr\/donate\/\" \/>\n<meta property=\"og:locale\" content=\"fr_FR\" \/>\n<meta property=\"og:type\" content=\"article\" \/>\n<meta property=\"og:title\" content=\"Faites un don - ACSEF\" \/>\n<meta property=\"og:description\" content=\"L\u2019ACSEF est un organisme de bienfaisance enregistr\u00e9. Pour tout don de plus de 3&nbsp;$, vous recevrez un re\u00e7u d\u2019imp\u00f4t pour activit\u00e9s de bienfaisance.&nbsp;&nbsp; Notre travail ne peut se faire sans [&hellip;]\" \/>\n<meta property=\"og:url\" content=\"https:\/\/caefs.ca\/fr\/donate\/\" \/>\n<meta property=\"og:site_name\" content=\"ACSEF\" \/>\n<meta property=\"article:modified_time\" content=\"2026-03-27T15:02:19+00:00\" \/>\n<meta name=\"twitter:card\" content=\"summary_large_image\" \/>\n<meta name=\"twitter:label1\" content=\"Dur\u00e9e de lecture estim\u00e9e\" \/>\n\t<meta name=\"twitter:data1\" content=\"1 minute\" \/>\n<script type=\"application\/ld+json\" class=\"yoast-schema-graph\">{\"@context\":\"https:\\\/\\\/schema.org\",\"@graph\":[{\"@type\":\"WebPage\",\"@id\":\"https:\\\/\\\/caefs.ca\\\/fr\\\/donate\\\/\",\"url\":\"https:\\\/\\\/caefs.ca\\\/fr\\\/donate\\\/\",\"name\":\"Faites un don - ACSEF\",\"isPartOf\":{\"@id\":\"https:\\\/\\\/caefs.ca\\\/fr\\\/#website\"},\"primaryImageOfPage\":{\"@id\":\"https:\\\/\\\/caefs.ca\\\/fr\\\/donate\\\/#primaryimage\"},\"image\":{\"@id\":\"https:\\\/\\\/caefs.ca\\\/fr\\\/donate\\\/#primaryimage\"},\"thumbnailUrl\":\"https:\\\/\\\/caefs.ca\\\/wp-content\\\/uploads\\\/2022\\\/04\\\/logo.svg\",\"datePublished\":\"2021-09-17T18:52:01+00:00\",\"dateModified\":\"2026-03-27T15:02:19+00:00\",\"breadcrumb\":{\"@id\":\"https:\\\/\\\/caefs.ca\\\/fr\\\/donate\\\/#breadcrumb\"},\"inLanguage\":\"fr-FR\",\"potentialAction\":[{\"@type\":\"ReadAction\",\"target\":[\"https:\\\/\\\/caefs.ca\\\/fr\\\/donate\\\/\"]}]},{\"@type\":\"ImageObject\",\"inLanguage\":\"fr-FR\",\"@id\":\"https:\\\/\\\/caefs.ca\\\/fr\\\/donate\\\/#primaryimage\",\"url\":\"https:\\\/\\\/caefs.ca\\\/wp-content\\\/uploads\\\/2022\\\/04\\\/logo.svg\",\"contentUrl\":\"https:\\\/\\\/caefs.ca\\\/wp-content\\\/uploads\\\/2022\\\/04\\\/logo.svg\",\"width\":213,\"height\":94,\"caption\":\"Canadian Association of Elizabeth Fry Societies Logo\"},{\"@type\":\"BreadcrumbList\",\"@id\":\"https:\\\/\\\/caefs.ca\\\/fr\\\/donate\\\/#breadcrumb\",\"itemListElement\":[{\"@type\":\"ListItem\",\"position\":1,\"name\":\"Accueil\",\"item\":\"https:\\\/\\\/caefs.ca\\\/fr\\\/\"},{\"@type\":\"ListItem\",\"position\":2,\"name\":\"Faites un don\"}]},{\"@type\":\"WebSite\",\"@id\":\"https:\\\/\\\/caefs.ca\\\/fr\\\/#website\",\"url\":\"https:\\\/\\\/caefs.ca\\\/fr\\\/\",\"name\":\"ACSEF\",\"description\":\"Just another WordPress site\",\"potentialAction\":[{\"@type\":\"SearchAction\",\"target\":{\"@type\":\"EntryPoint\",\"urlTemplate\":\"https:\\\/\\\/caefs.ca\\\/fr\\\/?s={search_term_string}\"},\"query-input\":{\"@type\":\"PropertyValueSpecification\",\"valueRequired\":true,\"valueName\":\"search_term_string\"}}],\"inLanguage\":\"fr-FR\"}]}<\/script>\n<!-- \/ Yoast SEO plugin. -->","yoast_head_json":{"title":"Faites un don - ACSEF","robots":{"index":"index","follow":"follow","max-snippet":"max-snippet:-1","max-image-preview":"max-image-preview:large","max-video-preview":"max-video-preview:-1"},"canonical":"https:\/\/caefs.ca\/fr\/donate\/","og_locale":"fr_FR","og_type":"article","og_title":"Faites un don - ACSEF","og_description":"L\u2019ACSEF est un organisme de bienfaisance enregistr\u00e9. Pour tout don de plus de 3&nbsp;$, vous recevrez un re\u00e7u d\u2019imp\u00f4t pour activit\u00e9s de bienfaisance.&nbsp;&nbsp; Notre travail ne peut se faire sans [&hellip;]","og_url":"https:\/\/caefs.ca\/fr\/donate\/","og_site_name":"ACSEF","article_modified_time":"2026-03-27T15:02:19+00:00","twitter_card":"summary_large_image","twitter_misc":{"Dur\u00e9e de lecture estim\u00e9e":"1 minute"},"schema":{"@context":"https:\/\/schema.org","@graph":[{"@type":"WebPage","@id":"https:\/\/caefs.ca\/fr\/donate\/","url":"https:\/\/caefs.ca\/fr\/donate\/","name":"Faites un don - ACSEF","isPartOf":{"@id":"https:\/\/caefs.ca\/fr\/#website"},"primaryImageOfPage":{"@id":"https:\/\/caefs.ca\/fr\/donate\/#primaryimage"},"image":{"@id":"https:\/\/caefs.ca\/fr\/donate\/#primaryimage"},"thumbnailUrl":"https:\/\/caefs.ca\/wp-content\/uploads\/2022\/04\/logo.svg","datePublished":"2021-09-17T18:52:01+00:00","dateModified":"2026-03-27T15:02:19+00:00","breadcrumb":{"@id":"https:\/\/caefs.ca\/fr\/donate\/#breadcrumb"},"inLanguage":"fr-FR","potentialAction":[{"@type":"ReadAction","target":["https:\/\/caefs.ca\/fr\/donate\/"]}]},{"@type":"ImageObject","inLanguage":"fr-FR","@id":"https:\/\/caefs.ca\/fr\/donate\/#primaryimage","url":"https:\/\/caefs.ca\/wp-content\/uploads\/2022\/04\/logo.svg","contentUrl":"https:\/\/caefs.ca\/wp-content\/uploads\/2022\/04\/logo.svg","width":213,"height":94,"caption":"Canadian Association of Elizabeth Fry Societies Logo"},{"@type":"BreadcrumbList","@id":"https:\/\/caefs.ca\/fr\/donate\/#breadcrumb","itemListElement":[{"@type":"ListItem","position":1,"name":"Accueil","item":"https:\/\/caefs.ca\/fr\/"},{"@type":"ListItem","position":2,"name":"Faites un don"}]},{"@type":"WebSite","@id":"https:\/\/caefs.ca\/fr\/#website","url":"https:\/\/caefs.ca\/fr\/","name":"ACSEF","description":"Just another WordPress site","potentialAction":[{"@type":"SearchAction","target":{"@type":"EntryPoint","urlTemplate":"https:\/\/caefs.ca\/fr\/?s={search_term_string}"},"query-input":{"@type":"PropertyValueSpecification","valueRequired":true,"valueName":"search_term_string"}}],"inLanguage":"fr-FR"}]}},"_links":{"self":[{"href":"https:\/\/caefs.ca\/fr\/wp-json\/wp\/v2\/pages\/2413","targetHints":{"allow":["GET"]}}],"collection":[{"href":"https:\/\/caefs.ca\/fr\/wp-json\/wp\/v2\/pages"}],"about":[{"href":"https:\/\/caefs.ca\/fr\/wp-json\/wp\/v2\/types\/page"}],"author":[{"embeddable":true,"href":"https:\/\/caefs.ca\/fr\/wp-json\/wp\/v2\/users\/2"}],"replies":[{"embeddable":true,"href":"https:\/\/caefs.ca\/fr\/wp-json\/wp\/v2\/comments?post=2413"}],"version-history":[{"count":22,"href":"https:\/\/caefs.ca\/fr\/wp-json\/wp\/v2\/pages\/2413\/revisions"}],"predecessor-version":[{"id":7889,"href":"https:\/\/caefs.ca\/fr\/wp-json\/wp\/v2\/pages\/2413\/revisions\/7889"}],"wp:featuredmedia":[{"embeddable":true,"href":"https:\/\/caefs.ca\/fr\/wp-json\/wp\/v2\/media\/4392"}],"wp:attachment":[{"href":"https:\/\/caefs.ca\/fr\/wp-json\/wp\/v2\/media?parent=2413"}],"wp:term":[{"taxonomy":"category","embeddable":true,"href":"https:\/\/caefs.ca\/fr\/wp-json\/wp\/v2\/category?post=2413"}],"curies":[{"name":"wp","href":"https:\/\/api.w.org\/{rel}","templated":true}]}}