{"id":2425,"date":"2021-10-28T15:07:10","date_gmt":"2021-10-28T19:07:10","guid":{"rendered":"https:\/\/caefs.ca\/fact-sheets\/"},"modified":"2022-04-22T11:37:36","modified_gmt":"2022-04-22T15:37:36","slug":"fact-sheets","status":"publish","type":"page","link":"https:\/\/caefs.ca\/fr\/news-campaigns\/publications-and-resources\/fact-sheets\/","title":{"rendered":"Fiches d\u2019information"},"content":{"rendered":"\n<h1 class=\"wp-block-heading\">Fiches d\u2019information<\/h1>\n\n\n<div id=\"files-block-block_617b061be7fa0\" class=\"files-block \">\n                <div class=\"files\">\n                            <div class=\"file\">\n                    <span class=\"title\">Septembre 2021 : La criminalisation et l\u2019incarc\u00e9ration excessive des femmes autochtones<\/span>\n                    <span class=\"size\">(PDF)<\/span>\n                    <a class=\"cta\" href=\"https:\/\/caefs.ca\/wp-content\/uploads\/2021\/12\/2021-08-01-IP-FS-La-criminalisation-et-lincarce\u0301ration-excessive-des-femmes-autochtones.pdf\" title=\"Septembre 2021 : La criminalisation et l\u2019incarc\u00e9ration excessive des femmes autochtones\" target=\"_blank\">\n                        T\u00e9l\u00e9charger<i class=\"icon icon-download\"><\/i>\n                    <\/a>\n                <\/div>\n                            <div class=\"file\">\n                    <span class=\"title\">Ao\u00fbt 2021 : Lib\u00e9ration conditionnelle et mise en libert\u00e9 sous condition<\/span>\n                    <span class=\"size\">(PDF)<\/span>\n                    <a class=\"cta\" href=\"https:\/\/caefs.ca\/wp-content\/uploads\/2021\/12\/2021-08-01-CR-FS-Libe\u0301ration-conditionnelle-et-mise-en-liberte\u0301-sous-condition.pdf\" title=\"Ao\u00fbt 2021 : Lib\u00e9ration conditionnelle et mise en libert\u00e9 sous condition\" target=\"_blank\">\n                        T\u00e9l\u00e9charger<i class=\"icon icon-download\"><\/i>\n                    <\/a>\n                <\/div>\n                            <div class=\"file\">\n                    <span class=\"title\">Juillet 2021 : La violence et la coercition sexuelles dans les p\u00e9nitenciers dits pour femmes<\/span>\n                    <span class=\"size\">(234kB, PDF)<\/span>\n                    <a class=\"cta\" href=\"https:\/\/caefs.ca\/wp-content\/uploads\/2022\/04\/Fact-Sheet-Sexual-Violence-and-Coercion-July-29-2021_FR.pdf\" title=\"Juillet 2021 : La violence et la coercition sexuelles dans les p\u00e9nitenciers dits pour femmes\" target=\"_blank\">\n                        T\u00e9l\u00e9charger<i class=\"icon icon-download\"><\/i>\n                    <\/a>\n                <\/div>\n                            <div class=\"file\">\n                    <span class=\"title\">Juillet 2021 : Les fouilles \u00e0 nu dans les p\u00e9nitenciers dits pour femmes<\/span>\n                    <span class=\"size\">(240kB, PDF)<\/span>\n                    <a class=\"cta\" href=\"https:\/\/caefs.ca\/wp-content\/uploads\/2022\/04\/Fact-Sheet-Strip-Searches-July-29-2021_FR.pdf\" title=\"Juillet 2021 : Les fouilles \u00e0 nu dans les p\u00e9nitenciers dits pour femmes\" target=\"_blank\">\n                        T\u00e9l\u00e9charger<i class=\"icon icon-download\"><\/i>\n                    <\/a>\n                <\/div>\n                    <\/div>\n    <\/div>\n\n\n\n<div style=\"height:100px\" aria-hidden=\"true\" class=\"wp-block-spacer\"><\/div>\n","protected":false},"excerpt":{"rendered":"<p>Fiches d\u2019information<\/p>\n","protected":false},"author":2,"featured_media":1775,"parent":2428,"menu_order":0,"comment_status":"closed","ping_status":"closed","template":"page-inner.php","meta":{"_acf_changed":false,"om_disable_all_campaigns":false,"_monsterinsights_skip_tracking":false,"_monsterinsights_sitenote_active":false,"_monsterinsights_sitenote_note":"","_monsterinsights_sitenote_category":0,"footnotes":""},"category":[],"class_list":["post-2425","page","type-page","status-publish","has-post-thumbnail","hentry"],"acf":[],"aioseo_notices":[],"yoast_head":"<!-- This site is optimized with the Yoast SEO plugin v27.2 - https:\/\/yoast.com\/product\/yoast-seo-wordpress\/ -->\n<title>Fiches d\u2019information - ACSEF<\/title>\n<meta name=\"robots\" content=\"index, follow, max-snippet:-1, max-image-preview:large, max-video-preview:-1\" \/>\n<link rel=\"canonical\" href=\"https:\/\/caefs.ca\/fr\/news-campaigns\/publications-and-resources\/fact-sheets\/\" \/>\n<meta property=\"og:locale\" content=\"fr_FR\" \/>\n<meta property=\"og:type\" content=\"article\" \/>\n<meta property=\"og:title\" content=\"Fiches d\u2019information - ACSEF\" \/>\n<meta property=\"og:description\" content=\"Fiches d\u2019information\" \/>\n<meta property=\"og:url\" content=\"https:\/\/caefs.ca\/fr\/news-campaigns\/publications-and-resources\/fact-sheets\/\" \/>\n<meta property=\"og:site_name\" content=\"ACSEF\" \/>\n<meta property=\"article:modified_time\" content=\"2022-04-22T15:37:36+00:00\" \/>\n<meta property=\"og:image\" content=\"https:\/\/caefs.ca\/wp-content\/uploads\/2021\/11\/56WspenQ.png\" \/>\n\t<meta property=\"og:image:width\" content=\"236\" \/>\n\t<meta property=\"og:image:height\" content=\"236\" \/>\n\t<meta property=\"og:image:type\" content=\"image\/png\" \/>\n<meta name=\"twitter:card\" content=\"summary_large_image\" \/>\n<meta name=\"twitter:label1\" content=\"Dur\u00e9e de lecture estim\u00e9e\" \/>\n\t<meta name=\"twitter:data1\" content=\"1 minute\" \/>\n<script type=\"application\/ld+json\" class=\"yoast-schema-graph\">{\"@context\":\"https:\/\/schema.org\",\"@graph\":[{\"@type\":\"WebPage\",\"@id\":\"https:\/\/caefs.ca\/fr\/news-campaigns\/publications-and-resources\/fact-sheets\/\",\"url\":\"https:\/\/caefs.ca\/fr\/news-campaigns\/publications-and-resources\/fact-sheets\/\",\"name\":\"Fiches d\u2019information - ACSEF\",\"isPartOf\":{\"@id\":\"https:\/\/caefs.ca\/fr\/#website\"},\"primaryImageOfPage\":{\"@id\":\"https:\/\/caefs.ca\/fr\/news-campaigns\/publications-and-resources\/fact-sheets\/#primaryimage\"},\"image\":{\"@id\":\"https:\/\/caefs.ca\/fr\/news-campaigns\/publications-and-resources\/fact-sheets\/#primaryimage\"},\"thumbnailUrl\":\"https:\/\/caefs.ca\/wp-content\/uploads\/2021\/11\/56WspenQ.png\",\"datePublished\":\"2021-10-28T19:07:10+00:00\",\"dateModified\":\"2022-04-22T15:37:36+00:00\",\"breadcrumb\":{\"@id\":\"https:\/\/caefs.ca\/fr\/news-campaigns\/publications-and-resources\/fact-sheets\/#breadcrumb\"},\"inLanguage\":\"fr-FR\",\"potentialAction\":[{\"@type\":\"ReadAction\",\"target\":[\"https:\/\/caefs.ca\/fr\/news-campaigns\/publications-and-resources\/fact-sheets\/\"]}]},{\"@type\":\"ImageObject\",\"inLanguage\":\"fr-FR\",\"@id\":\"https:\/\/caefs.ca\/fr\/news-campaigns\/publications-and-resources\/fact-sheets\/#primaryimage\",\"url\":\"https:\/\/caefs.ca\/wp-content\/uploads\/2021\/11\/56WspenQ.png\",\"contentUrl\":\"https:\/\/caefs.ca\/wp-content\/uploads\/2021\/11\/56WspenQ.png\",\"width\":236,\"height\":236},{\"@type\":\"BreadcrumbList\",\"@id\":\"https:\/\/caefs.ca\/fr\/news-campaigns\/publications-and-resources\/fact-sheets\/#breadcrumb\",\"itemListElement\":[{\"@type\":\"ListItem\",\"position\":1,\"name\":\"Accueil\",\"item\":\"https:\/\/caefs.ca\/fr\/\"},{\"@type\":\"ListItem\",\"position\":2,\"name\":\"Nouvelles et publications\",\"item\":\"https:\/\/caefs.ca\/fr\/news-campaigns\/\"},{\"@type\":\"ListItem\",\"position\":3,\"name\":\"Publications et ressources\",\"item\":\"https:\/\/caefs.ca\/fr\/news-campaigns\/publications-and-resources\/\"},{\"@type\":\"ListItem\",\"position\":4,\"name\":\"Fiches d\u2019information\"}]},{\"@type\":\"WebSite\",\"@id\":\"https:\/\/caefs.ca\/fr\/#website\",\"url\":\"https:\/\/caefs.ca\/fr\/\",\"name\":\"ACSEF\",\"description\":\"Just another WordPress site\",\"potentialAction\":[{\"@type\":\"SearchAction\",\"target\":{\"@type\":\"EntryPoint\",\"urlTemplate\":\"https:\/\/caefs.ca\/fr\/?s={search_term_string}\"},\"query-input\":{\"@type\":\"PropertyValueSpecification\",\"valueRequired\":true,\"valueName\":\"search_term_string\"}}],\"inLanguage\":\"fr-FR\"}]}<\/script>\n<!-- \/ Yoast SEO plugin. -->","yoast_head_json":{"title":"Fiches d\u2019information - ACSEF","robots":{"index":"index","follow":"follow","max-snippet":"max-snippet:-1","max-image-preview":"max-image-preview:large","max-video-preview":"max-video-preview:-1"},"canonical":"https:\/\/caefs.ca\/fr\/news-campaigns\/publications-and-resources\/fact-sheets\/","og_locale":"fr_FR","og_type":"article","og_title":"Fiches d\u2019information - ACSEF","og_description":"Fiches d\u2019information","og_url":"https:\/\/caefs.ca\/fr\/news-campaigns\/publications-and-resources\/fact-sheets\/","og_site_name":"ACSEF","article_modified_time":"2022-04-22T15:37:36+00:00","og_image":[{"width":236,"height":236,"url":"https:\/\/caefs.ca\/wp-content\/uploads\/2021\/11\/56WspenQ.png","type":"image\/png"}],"twitter_card":"summary_large_image","twitter_misc":{"Dur\u00e9e de lecture estim\u00e9e":"1 minute"},"schema":{"@context":"https:\/\/schema.org","@graph":[{"@type":"WebPage","@id":"https:\/\/caefs.ca\/fr\/news-campaigns\/publications-and-resources\/fact-sheets\/","url":"https:\/\/caefs.ca\/fr\/news-campaigns\/publications-and-resources\/fact-sheets\/","name":"Fiches d\u2019information - ACSEF","isPartOf":{"@id":"https:\/\/caefs.ca\/fr\/#website"},"primaryImageOfPage":{"@id":"https:\/\/caefs.ca\/fr\/news-campaigns\/publications-and-resources\/fact-sheets\/#primaryimage"},"image":{"@id":"https:\/\/caefs.ca\/fr\/news-campaigns\/publications-and-resources\/fact-sheets\/#primaryimage"},"thumbnailUrl":"https:\/\/caefs.ca\/wp-content\/uploads\/2021\/11\/56WspenQ.png","datePublished":"2021-10-28T19:07:10+00:00","dateModified":"2022-04-22T15:37:36+00:00","breadcrumb":{"@id":"https:\/\/caefs.ca\/fr\/news-campaigns\/publications-and-resources\/fact-sheets\/#breadcrumb"},"inLanguage":"fr-FR","potentialAction":[{"@type":"ReadAction","target":["https:\/\/caefs.ca\/fr\/news-campaigns\/publications-and-resources\/fact-sheets\/"]}]},{"@type":"ImageObject","inLanguage":"fr-FR","@id":"https:\/\/caefs.ca\/fr\/news-campaigns\/publications-and-resources\/fact-sheets\/#primaryimage","url":"https:\/\/caefs.ca\/wp-content\/uploads\/2021\/11\/56WspenQ.png","contentUrl":"https:\/\/caefs.ca\/wp-content\/uploads\/2021\/11\/56WspenQ.png","width":236,"height":236},{"@type":"BreadcrumbList","@id":"https:\/\/caefs.ca\/fr\/news-campaigns\/publications-and-resources\/fact-sheets\/#breadcrumb","itemListElement":[{"@type":"ListItem","position":1,"name":"Accueil","item":"https:\/\/caefs.ca\/fr\/"},{"@type":"ListItem","position":2,"name":"Nouvelles et publications","item":"https:\/\/caefs.ca\/fr\/news-campaigns\/"},{"@type":"ListItem","position":3,"name":"Publications et ressources","item":"https:\/\/caefs.ca\/fr\/news-campaigns\/publications-and-resources\/"},{"@type":"ListItem","position":4,"name":"Fiches d\u2019information"}]},{"@type":"WebSite","@id":"https:\/\/caefs.ca\/fr\/#website","url":"https:\/\/caefs.ca\/fr\/","name":"ACSEF","description":"Just another WordPress site","potentialAction":[{"@type":"SearchAction","target":{"@type":"EntryPoint","urlTemplate":"https:\/\/caefs.ca\/fr\/?s={search_term_string}"},"query-input":{"@type":"PropertyValueSpecification","valueRequired":true,"valueName":"search_term_string"}}],"inLanguage":"fr-FR"}]}},"_links":{"self":[{"href":"https:\/\/caefs.ca\/fr\/wp-json\/wp\/v2\/pages\/2425","targetHints":{"allow":["GET"]}}],"collection":[{"href":"https:\/\/caefs.ca\/fr\/wp-json\/wp\/v2\/pages"}],"about":[{"href":"https:\/\/caefs.ca\/fr\/wp-json\/wp\/v2\/types\/page"}],"author":[{"embeddable":true,"href":"https:\/\/caefs.ca\/fr\/wp-json\/wp\/v2\/users\/2"}],"replies":[{"embeddable":true,"href":"https:\/\/caefs.ca\/fr\/wp-json\/wp\/v2\/comments?post=2425"}],"version-history":[{"count":9,"href":"https:\/\/caefs.ca\/fr\/wp-json\/wp\/v2\/pages\/2425\/revisions"}],"predecessor-version":[{"id":4256,"href":"https:\/\/caefs.ca\/fr\/wp-json\/wp\/v2\/pages\/2425\/revisions\/4256"}],"up":[{"embeddable":true,"href":"https:\/\/caefs.ca\/fr\/wp-json\/wp\/v2\/pages\/2428"}],"wp:featuredmedia":[{"embeddable":true,"href":"https:\/\/caefs.ca\/fr\/wp-json\/wp\/v2\/media\/1775"}],"wp:attachment":[{"href":"https:\/\/caefs.ca\/fr\/wp-json\/wp\/v2\/media?parent=2425"}],"wp:term":[{"taxonomy":"category","embeddable":true,"href":"https:\/\/caefs.ca\/fr\/wp-json\/wp\/v2\/category?post=2425"}],"curies":[{"name":"wp","href":"https:\/\/api.w.org\/{rel}","templated":true}]}}