{"id":2428,"date":"2021-10-17T09:51:22","date_gmt":"2021-10-17T13:51:22","guid":{"rendered":"https:\/\/caefs.ca\/news-campaigns\/publications-and-resources\/"},"modified":"2026-03-23T11:11:52","modified_gmt":"2026-03-23T15:11:52","slug":"publications-and-resources","status":"publish","type":"page","link":"https:\/\/caefs.ca\/fr\/news-campaigns\/publications-and-resources\/","title":{"rendered":"Publications et ressources"},"content":{"rendered":"<div id=\"key-issues-block_b4c51262be280c1032c159afc4b3cfb8\" class=\"key-issues alignfull  white\">\n    <div class=\"row\">\n        <div class=\"large-8 large-offset-2 column\">\n            <div class=\"block-title\">\n                <h2>Publications et ressources<\/h2>\n                <p>Un aspect essentiel de notre travail consiste \u00e0 concevoir des documents et des recherches qui traitent des enjeux majeurs touchant les femmes et les personnes de diverses identit\u00e9s de genre criminalis\u00e9es et incarc\u00e9r\u00e9es. Nous les rendons accessibles au grand public. Cliquez ci-dessous pour d\u00e9couvrir nos travaux. \r\n\r\nPour tout document r\u00e9dig\u00e9 avant 2018, merci de consulter nos archives.<\/p>\n            <\/div>\n        <\/div>\n    <\/div>\n\t    <div class=\"contents\">\n        <div class=\"row\">\n\t                    <div class=\"medium-3 column\">\n                <div class=\"issue-box\">\n                                        <img loading=\"lazy\" decoding=\"async\" width=\"768\" height=\"768\" src=\"https:\/\/caefs.ca\/wp-content\/uploads\/2021\/12\/thumbnail_image2-768x768.jpeg\" class=\"attachment-box-image size-box-image\" alt=\"\" srcset=\"https:\/\/caefs.ca\/wp-content\/uploads\/2021\/12\/thumbnail_image2-768x768.jpeg 768w, https:\/\/caefs.ca\/wp-content\/uploads\/2021\/12\/thumbnail_image2-300x300.jpeg 300w, https:\/\/caefs.ca\/wp-content\/uploads\/2021\/12\/thumbnail_image2-1024x1024.jpeg 1024w, https:\/\/caefs.ca\/wp-content\/uploads\/2021\/12\/thumbnail_image2-150x150.jpeg 150w, https:\/\/caefs.ca\/wp-content\/uploads\/2021\/12\/thumbnail_image2-400x400.jpeg 400w, https:\/\/caefs.ca\/wp-content\/uploads\/2021\/12\/thumbnail_image2.jpeg 1280w\" sizes=\"auto, (max-width: 768px) 100vw, 768px\" \/>                    <a href=\"https:\/\/caefs.ca\/fr\/news-campaigns\/publications-and-resources\/annual-reports\/\" title=\"Rapports annuels\" >\n                        Rapports annuels                    <\/a>\n                <\/div>\n            <\/div>\n                        <div class=\"medium-3 column\">\n                <div class=\"issue-box\">\n                                        <img loading=\"lazy\" decoding=\"async\" width=\"768\" height=\"548\" src=\"https:\/\/caefs.ca\/wp-content\/uploads\/2021\/12\/moon-768x548.jpeg\" class=\"attachment-box-image size-box-image\" alt=\"\" srcset=\"https:\/\/caefs.ca\/wp-content\/uploads\/2021\/12\/moon-768x548.jpeg 768w, https:\/\/caefs.ca\/wp-content\/uploads\/2021\/12\/moon-300x214.jpeg 300w, https:\/\/caefs.ca\/wp-content\/uploads\/2021\/12\/moon-1024x731.jpeg 1024w, https:\/\/caefs.ca\/wp-content\/uploads\/2021\/12\/moon-400x286.jpeg 400w, https:\/\/caefs.ca\/wp-content\/uploads\/2021\/12\/moon.jpeg 1280w\" sizes=\"auto, (max-width: 768px) 100vw, 768px\" \/>                    <a href=\"https:\/\/caefs.ca\/fr\/news-campaigns\/publications-and-resources\/reports\/\" title=\"Rapports et soumissions\" >\n                        Rapports et soumissions                    <\/a>\n                <\/div>\n            <\/div>\n                        <div class=\"medium-3 column\">\n                <div class=\"issue-box\">\n                                        <img loading=\"lazy\" decoding=\"async\" width=\"768\" height=\"768\" src=\"https:\/\/caefs.ca\/wp-content\/uploads\/2021\/12\/Flower-768x768.jpeg\" class=\"attachment-box-image size-box-image\" alt=\"\" srcset=\"https:\/\/caefs.ca\/wp-content\/uploads\/2021\/12\/Flower-768x768.jpeg 768w, https:\/\/caefs.ca\/wp-content\/uploads\/2021\/12\/Flower-300x300.jpeg 300w, https:\/\/caefs.ca\/wp-content\/uploads\/2021\/12\/Flower-1024x1024.jpeg 1024w, https:\/\/caefs.ca\/wp-content\/uploads\/2021\/12\/Flower-150x150.jpeg 150w, https:\/\/caefs.ca\/wp-content\/uploads\/2021\/12\/Flower-400x400.jpeg 400w, https:\/\/caefs.ca\/wp-content\/uploads\/2021\/12\/Flower.jpeg 1280w\" sizes=\"auto, (max-width: 768px) 100vw, 768px\" \/>                    <a href=\"https:\/\/caefs.ca\/fr\/news-campaigns\/publications-and-resources\/communiques-de-presse-declarations-publiques-et-lettres-ouvertes\/\" title=\"Communiqu\u00e9s de presse, d\u00e9clarations publiques et lettres ouvertes\" >\n                        Communiqu\u00e9s de presse, d\u00e9clarations publiques et lettres ouvertes                    <\/a>\n                <\/div>\n            <\/div>\n                        <div class=\"medium-3 column\">\n                <div class=\"issue-box\">\n                                        <img loading=\"lazy\" decoding=\"async\" width=\"768\" height=\"548\" src=\"https:\/\/caefs.ca\/wp-content\/uploads\/2021\/12\/Heart-768x548.jpeg\" class=\"attachment-box-image size-box-image\" alt=\"\" srcset=\"https:\/\/caefs.ca\/wp-content\/uploads\/2021\/12\/Heart-768x548.jpeg 768w, https:\/\/caefs.ca\/wp-content\/uploads\/2021\/12\/Heart-300x214.jpeg 300w, https:\/\/caefs.ca\/wp-content\/uploads\/2021\/12\/Heart-1024x731.jpeg 1024w, https:\/\/caefs.ca\/wp-content\/uploads\/2021\/12\/Heart-400x286.jpeg 400w, https:\/\/caefs.ca\/wp-content\/uploads\/2021\/12\/Heart.jpeg 1280w\" sizes=\"auto, (max-width: 768px) 100vw, 768px\" \/>                    <a href=\"https:\/\/caefs.ca\/fr\/news-campaigns\/publications-and-resources\/fact-sheets\/\" title=\"Fiches d\u2019information\" >\n                        Fiches d\u2019information                    <\/a>\n                <\/div>\n            <\/div>\n                        <div class=\"medium-3 column\">\n                <div class=\"issue-box\">\n                                        <img loading=\"lazy\" decoding=\"async\" width=\"768\" height=\"768\" src=\"https:\/\/caefs.ca\/wp-content\/uploads\/2021\/12\/thumbnail_image3-768x768.jpeg\" class=\"attachment-box-image size-box-image\" alt=\"A cartoon pair of hands hold a small sheet of paper that reads, &quot;Human Rights&quot;\" srcset=\"https:\/\/caefs.ca\/wp-content\/uploads\/2021\/12\/thumbnail_image3-768x768.jpeg 768w, https:\/\/caefs.ca\/wp-content\/uploads\/2021\/12\/thumbnail_image3-300x300.jpeg 300w, https:\/\/caefs.ca\/wp-content\/uploads\/2021\/12\/thumbnail_image3-1024x1024.jpeg 1024w, https:\/\/caefs.ca\/wp-content\/uploads\/2021\/12\/thumbnail_image3-150x150.jpeg 150w, https:\/\/caefs.ca\/wp-content\/uploads\/2021\/12\/thumbnail_image3-400x400.jpeg 400w, https:\/\/caefs.ca\/wp-content\/uploads\/2021\/12\/thumbnail_image3.jpeg 1280w\" sizes=\"auto, (max-width: 768px) 100vw, 768px\" \/>                    <a href=\"https:\/\/caefs.ca\/fr\/news-campaigns\/publications-and-resources\/human-rights-in-action-handbooks\/\" title=\"Manuels Droits de la personne en action\" >\n                        Manuels Droits de la personne en action                    <\/a>\n                <\/div>\n            <\/div>\n                        <div class=\"medium-3 column\">\n                <div class=\"issue-box\">\n                                        <img loading=\"lazy\" decoding=\"async\" width=\"768\" height=\"548\" src=\"https:\/\/caefs.ca\/wp-content\/uploads\/2021\/12\/moon-768x548.jpeg\" class=\"attachment-box-image size-box-image\" alt=\"\" srcset=\"https:\/\/caefs.ca\/wp-content\/uploads\/2021\/12\/moon-768x548.jpeg 768w, https:\/\/caefs.ca\/wp-content\/uploads\/2021\/12\/moon-300x214.jpeg 300w, https:\/\/caefs.ca\/wp-content\/uploads\/2021\/12\/moon-1024x731.jpeg 1024w, https:\/\/caefs.ca\/wp-content\/uploads\/2021\/12\/moon-400x286.jpeg 400w, https:\/\/caefs.ca\/wp-content\/uploads\/2021\/12\/moon.jpeg 1280w\" sizes=\"auto, (max-width: 768px) 100vw, 768px\" \/>                    <a href=\"https:\/\/caefs.ca\/fr\/news-campaigns\/publications-and-resources\/videos\/\" title=\"Vid\u00e9os\" >\n                        Vid\u00e9os                    <\/a>\n                <\/div>\n            <\/div>\n                    <\/div>\n    <\/div>\n        <div class=\"row\">\n        <div class=\"large-12 column\">\n            <div class=\"block-cta\">\n\t                        <\/div>\n        <\/div>\n    <\/div>\n<\/div>\n\n\n\n<div style=\"height:75px\" aria-hidden=\"true\" class=\"wp-block-spacer\"><\/div>\n","protected":false},"excerpt":{"rendered":"","protected":false},"author":2,"featured_media":1775,"parent":2423,"menu_order":0,"comment_status":"closed","ping_status":"closed","template":"page-banner.php","meta":{"_acf_changed":false,"om_disable_all_campaigns":false,"_monsterinsights_skip_tracking":false,"_monsterinsights_sitenote_active":false,"_monsterinsights_sitenote_note":"","_monsterinsights_sitenote_category":0,"footnotes":""},"category":[],"class_list":["post-2428","page","type-page","status-publish","has-post-thumbnail","hentry"],"acf":[],"aioseo_notices":[],"yoast_head":"<!-- This site is optimized with the Yoast SEO plugin v27.4 - https:\/\/yoast.com\/product\/yoast-seo-wordpress\/ -->\n<title>Publications et ressources - ACSEF<\/title>\n<meta name=\"robots\" content=\"index, follow, max-snippet:-1, max-image-preview:large, max-video-preview:-1\" \/>\n<link rel=\"canonical\" href=\"https:\/\/caefs.ca\/fr\/news-campaigns\/publications-and-resources\/\" \/>\n<meta property=\"og:locale\" content=\"fr_FR\" \/>\n<meta property=\"og:type\" content=\"article\" \/>\n<meta property=\"og:title\" content=\"Publications et ressources - ACSEF\" \/>\n<meta property=\"og:url\" content=\"https:\/\/caefs.ca\/fr\/news-campaigns\/publications-and-resources\/\" \/>\n<meta property=\"og:site_name\" content=\"ACSEF\" \/>\n<meta property=\"article:modified_time\" content=\"2026-03-23T15:11:52+00:00\" \/>\n<meta property=\"og:image\" content=\"https:\/\/caefs.ca\/wp-content\/uploads\/2021\/11\/56WspenQ.png\" \/>\n\t<meta property=\"og:image:width\" content=\"236\" \/>\n\t<meta property=\"og:image:height\" content=\"236\" \/>\n\t<meta property=\"og:image:type\" content=\"image\/png\" \/>\n<meta name=\"twitter:card\" content=\"summary_large_image\" \/>\n<meta name=\"twitter:label1\" content=\"Dur\u00e9e de lecture estim\u00e9e\" \/>\n\t<meta name=\"twitter:data1\" content=\"1 minute\" \/>\n<script type=\"application\/ld+json\" class=\"yoast-schema-graph\">{\"@context\":\"https:\\\/\\\/schema.org\",\"@graph\":[{\"@type\":\"WebPage\",\"@id\":\"https:\\\/\\\/caefs.ca\\\/fr\\\/news-campaigns\\\/publications-and-resources\\\/\",\"url\":\"https:\\\/\\\/caefs.ca\\\/fr\\\/news-campaigns\\\/publications-and-resources\\\/\",\"name\":\"Publications et ressources - ACSEF\",\"isPartOf\":{\"@id\":\"https:\\\/\\\/caefs.ca\\\/fr\\\/#website\"},\"primaryImageOfPage\":{\"@id\":\"https:\\\/\\\/caefs.ca\\\/fr\\\/news-campaigns\\\/publications-and-resources\\\/#primaryimage\"},\"image\":{\"@id\":\"https:\\\/\\\/caefs.ca\\\/fr\\\/news-campaigns\\\/publications-and-resources\\\/#primaryimage\"},\"thumbnailUrl\":\"https:\\\/\\\/caefs.ca\\\/wp-content\\\/uploads\\\/2021\\\/11\\\/56WspenQ.png\",\"datePublished\":\"2021-10-17T13:51:22+00:00\",\"dateModified\":\"2026-03-23T15:11:52+00:00\",\"breadcrumb\":{\"@id\":\"https:\\\/\\\/caefs.ca\\\/fr\\\/news-campaigns\\\/publications-and-resources\\\/#breadcrumb\"},\"inLanguage\":\"fr-FR\",\"potentialAction\":[{\"@type\":\"ReadAction\",\"target\":[\"https:\\\/\\\/caefs.ca\\\/fr\\\/news-campaigns\\\/publications-and-resources\\\/\"]}]},{\"@type\":\"ImageObject\",\"inLanguage\":\"fr-FR\",\"@id\":\"https:\\\/\\\/caefs.ca\\\/fr\\\/news-campaigns\\\/publications-and-resources\\\/#primaryimage\",\"url\":\"https:\\\/\\\/caefs.ca\\\/wp-content\\\/uploads\\\/2021\\\/11\\\/56WspenQ.png\",\"contentUrl\":\"https:\\\/\\\/caefs.ca\\\/wp-content\\\/uploads\\\/2021\\\/11\\\/56WspenQ.png\",\"width\":236,\"height\":236},{\"@type\":\"BreadcrumbList\",\"@id\":\"https:\\\/\\\/caefs.ca\\\/fr\\\/news-campaigns\\\/publications-and-resources\\\/#breadcrumb\",\"itemListElement\":[{\"@type\":\"ListItem\",\"position\":1,\"name\":\"Accueil\",\"item\":\"https:\\\/\\\/caefs.ca\\\/fr\\\/\"},{\"@type\":\"ListItem\",\"position\":2,\"name\":\"Nouvelles et publications\",\"item\":\"https:\\\/\\\/caefs.ca\\\/fr\\\/news-campaigns\\\/\"},{\"@type\":\"ListItem\",\"position\":3,\"name\":\"Publications et ressources\"}]},{\"@type\":\"WebSite\",\"@id\":\"https:\\\/\\\/caefs.ca\\\/fr\\\/#website\",\"url\":\"https:\\\/\\\/caefs.ca\\\/fr\\\/\",\"name\":\"ACSEF\",\"description\":\"Just another WordPress site\",\"potentialAction\":[{\"@type\":\"SearchAction\",\"target\":{\"@type\":\"EntryPoint\",\"urlTemplate\":\"https:\\\/\\\/caefs.ca\\\/fr\\\/?s={search_term_string}\"},\"query-input\":{\"@type\":\"PropertyValueSpecification\",\"valueRequired\":true,\"valueName\":\"search_term_string\"}}],\"inLanguage\":\"fr-FR\"}]}<\/script>\n<!-- \/ Yoast SEO plugin. -->","yoast_head_json":{"title":"Publications et ressources - ACSEF","robots":{"index":"index","follow":"follow","max-snippet":"max-snippet:-1","max-image-preview":"max-image-preview:large","max-video-preview":"max-video-preview:-1"},"canonical":"https:\/\/caefs.ca\/fr\/news-campaigns\/publications-and-resources\/","og_locale":"fr_FR","og_type":"article","og_title":"Publications et ressources - ACSEF","og_url":"https:\/\/caefs.ca\/fr\/news-campaigns\/publications-and-resources\/","og_site_name":"ACSEF","article_modified_time":"2026-03-23T15:11:52+00:00","og_image":[{"width":236,"height":236,"url":"https:\/\/caefs.ca\/wp-content\/uploads\/2021\/11\/56WspenQ.png","type":"image\/png"}],"twitter_card":"summary_large_image","twitter_misc":{"Dur\u00e9e de lecture estim\u00e9e":"1 minute"},"schema":{"@context":"https:\/\/schema.org","@graph":[{"@type":"WebPage","@id":"https:\/\/caefs.ca\/fr\/news-campaigns\/publications-and-resources\/","url":"https:\/\/caefs.ca\/fr\/news-campaigns\/publications-and-resources\/","name":"Publications et ressources - ACSEF","isPartOf":{"@id":"https:\/\/caefs.ca\/fr\/#website"},"primaryImageOfPage":{"@id":"https:\/\/caefs.ca\/fr\/news-campaigns\/publications-and-resources\/#primaryimage"},"image":{"@id":"https:\/\/caefs.ca\/fr\/news-campaigns\/publications-and-resources\/#primaryimage"},"thumbnailUrl":"https:\/\/caefs.ca\/wp-content\/uploads\/2021\/11\/56WspenQ.png","datePublished":"2021-10-17T13:51:22+00:00","dateModified":"2026-03-23T15:11:52+00:00","breadcrumb":{"@id":"https:\/\/caefs.ca\/fr\/news-campaigns\/publications-and-resources\/#breadcrumb"},"inLanguage":"fr-FR","potentialAction":[{"@type":"ReadAction","target":["https:\/\/caefs.ca\/fr\/news-campaigns\/publications-and-resources\/"]}]},{"@type":"ImageObject","inLanguage":"fr-FR","@id":"https:\/\/caefs.ca\/fr\/news-campaigns\/publications-and-resources\/#primaryimage","url":"https:\/\/caefs.ca\/wp-content\/uploads\/2021\/11\/56WspenQ.png","contentUrl":"https:\/\/caefs.ca\/wp-content\/uploads\/2021\/11\/56WspenQ.png","width":236,"height":236},{"@type":"BreadcrumbList","@id":"https:\/\/caefs.ca\/fr\/news-campaigns\/publications-and-resources\/#breadcrumb","itemListElement":[{"@type":"ListItem","position":1,"name":"Accueil","item":"https:\/\/caefs.ca\/fr\/"},{"@type":"ListItem","position":2,"name":"Nouvelles et publications","item":"https:\/\/caefs.ca\/fr\/news-campaigns\/"},{"@type":"ListItem","position":3,"name":"Publications et ressources"}]},{"@type":"WebSite","@id":"https:\/\/caefs.ca\/fr\/#website","url":"https:\/\/caefs.ca\/fr\/","name":"ACSEF","description":"Just another WordPress site","potentialAction":[{"@type":"SearchAction","target":{"@type":"EntryPoint","urlTemplate":"https:\/\/caefs.ca\/fr\/?s={search_term_string}"},"query-input":{"@type":"PropertyValueSpecification","valueRequired":true,"valueName":"search_term_string"}}],"inLanguage":"fr-FR"}]}},"_links":{"self":[{"href":"https:\/\/caefs.ca\/fr\/wp-json\/wp\/v2\/pages\/2428","targetHints":{"allow":["GET"]}}],"collection":[{"href":"https:\/\/caefs.ca\/fr\/wp-json\/wp\/v2\/pages"}],"about":[{"href":"https:\/\/caefs.ca\/fr\/wp-json\/wp\/v2\/types\/page"}],"author":[{"embeddable":true,"href":"https:\/\/caefs.ca\/fr\/wp-json\/wp\/v2\/users\/2"}],"replies":[{"embeddable":true,"href":"https:\/\/caefs.ca\/fr\/wp-json\/wp\/v2\/comments?post=2428"}],"version-history":[{"count":21,"href":"https:\/\/caefs.ca\/fr\/wp-json\/wp\/v2\/pages\/2428\/revisions"}],"predecessor-version":[{"id":7847,"href":"https:\/\/caefs.ca\/fr\/wp-json\/wp\/v2\/pages\/2428\/revisions\/7847"}],"up":[{"embeddable":true,"href":"https:\/\/caefs.ca\/fr\/wp-json\/wp\/v2\/pages\/2423"}],"wp:featuredmedia":[{"embeddable":true,"href":"https:\/\/caefs.ca\/fr\/wp-json\/wp\/v2\/media\/1775"}],"wp:attachment":[{"href":"https:\/\/caefs.ca\/fr\/wp-json\/wp\/v2\/media?parent=2428"}],"wp:term":[{"taxonomy":"category","embeddable":true,"href":"https:\/\/caefs.ca\/fr\/wp-json\/wp\/v2\/category?post=2428"}],"curies":[{"name":"wp","href":"https:\/\/api.w.org\/{rel}","templated":true}]}}