{"id":2429,"date":"2021-10-28T15:04:12","date_gmt":"2021-10-28T19:04:12","guid":{"rendered":"https:\/\/caefs.ca\/news-campaigns\/publications-and-resources\/human-rights-in-action-handbooks\/"},"modified":"2022-06-13T15:02:08","modified_gmt":"2022-06-13T19:02:08","slug":"human-rights-in-action-handbooks","status":"publish","type":"page","link":"https:\/\/caefs.ca\/fr\/news-campaigns\/publications-and-resources\/human-rights-in-action-handbooks\/","title":{"rendered":"Manuels Droits de la personne en action"},"content":{"rendered":"<div data-magellan-target=\"custom-heading-block_617b0b90942e5\" id=\"custom-heading-block_617b0b90942e5\" class=\"custom-heading with-border \">\n    <div class=\"row\">\n        <div class=\"medium-12 column\">\n                <h1>Manuels Droits de la personne en action<\/h1>\n        <\/div>\n    <\/div>\n<\/div>\n\n\n<div data-magellan-target=\"custom-heading-block_625ac842c6b09\" id=\"custom-heading-block_625ac842c6b09\" class=\"custom-heading  \">\n    <div class=\"row\">\n        <div class=\"medium-12 column\">\n                <h2>Pour les personnes incarc\u00e9r\u00e9es dans les p\u00e9nitenciers f\u00e9d\u00e9raux<\/h2>\n        <\/div>\n    <\/div>\n<\/div>\n\n\n\n<div class=\"wp-block-columns is-layout-flex wp-container-core-columns-is-layout-9d6595d7 wp-block-columns-is-layout-flex\">\n<div class=\"wp-block-column is-layout-flow wp-block-column-is-layout-flow\" style=\"flex-basis:33.33%\">\n<figure class=\"wp-block-image size-large\"><img loading=\"lazy\" decoding=\"async\" width=\"1024\" height=\"1024\" src=\"https:\/\/caefs.ca\/wp-content\/uploads\/2022\/04\/Huamn-Rights-copy-1024x1024.jpg\" alt=\"\" class=\"wp-image-3670\" srcset=\"https:\/\/caefs.ca\/wp-content\/uploads\/2022\/04\/Huamn-Rights-copy-1024x1024.jpg 1024w, https:\/\/caefs.ca\/wp-content\/uploads\/2022\/04\/Huamn-Rights-copy-300x300.jpg 300w, https:\/\/caefs.ca\/wp-content\/uploads\/2022\/04\/Huamn-Rights-copy-150x150.jpg 150w, https:\/\/caefs.ca\/wp-content\/uploads\/2022\/04\/Huamn-Rights-copy-768x768.jpg 768w, https:\/\/caefs.ca\/wp-content\/uploads\/2022\/04\/Huamn-Rights-copy-1536x1536.jpg 1536w, https:\/\/caefs.ca\/wp-content\/uploads\/2022\/04\/Huamn-Rights-copy-2048x2048.jpg 2048w, https:\/\/caefs.ca\/wp-content\/uploads\/2022\/04\/Huamn-Rights-copy-1600x1600.jpg 1600w, https:\/\/caefs.ca\/wp-content\/uploads\/2022\/04\/Huamn-Rights-copy-400x400.jpg 400w\" sizes=\"auto, (max-width: 1024px) 100vw, 1024px\" \/><\/figure>\n<\/div>\n\n\n\n<div class=\"wp-block-column is-layout-flow wp-block-column-is-layout-flow\" style=\"flex-basis:66.66%\">\n<p>Ce manuel est con\u00e7u pour donner aux femmes et aux personnes de diverses identit\u00e9s de genre incarc\u00e9r\u00e9es dans les p\u00e9nitenciers f\u00e9d\u00e9raux les outils et les ressources n\u00e9cessaires pour d\u00e9fendre leurs droits pendant leur incarc\u00e9ration. Ce manuel a \u00e9t\u00e9 \u00e9crit sp\u00e9cifiquement pour les personnes d\u00e9tenues, mais nous esp\u00e9rons qu\u2019il aidera aussi le travail des d\u00e9fenseur(-euse)s des droits, des avocat(e)s et d\u2019autres alli\u00e9(e)s.<\/p>\n\n\n\n<p>\u00c0 l\u2019origine, ce manuel a \u00e9t\u00e9 con\u00e7u sous la direction de la s\u00e9natrice Kim Pate, avec l\u2019aide de femmes actuellement ou anciennement incarc\u00e9r\u00e9es dans des \u00e9tablissements f\u00e9d\u00e9raux, d\u2019\u00e9tudiant(e)s en droit carc\u00e9ral de l\u2019Universit\u00e9 Dalhousie et de l\u2019Universit\u00e9 d\u2019Ottawa, et de d\u00e9fenseur(-euse)s r\u00e9gionaux(-ales) des droits \u00e0 l\u2019Association canadienne des Soci\u00e9t\u00e9s Elizabeth Fry (ACSEF). Nous avons conserv\u00e9 certains aspects du manuel original, mais la version que vous lisez aujourd\u2019hui a \u00e9t\u00e9 mise \u00e0 jour par le personnel de l\u2019ACSEF entre 2020 et 2021, gr\u00e2ce aux commentaires d\u2019autres organismes.<\/p>\n<\/div>\n<\/div>\n\n\n<div id=\"files-block-block_625ac864c6b0a\" class=\"files-block \">\n                <div class=\"files\">\n                            <div class=\"file\">\n                    <span class=\"title\">Droits de la personne en action : En prison<\/span>\n                    <span class=\"size\">(1MB, PDF)<\/span>\n                    <a class=\"cta\" href=\"https:\/\/caefs.ca\/wp-content\/uploads\/2022\/05\/HRIA_2021_WEB_French_FINAL.pdf\" title=\"Droits de la personne en action : En prison\" target=\"_blank\">\n                        T\u00e9l\u00e9charger<i class=\"icon icon-download\"><\/i>\n                    <\/a>\n                <\/div>\n                    <\/div>\n    <\/div>\n\n\n<div data-magellan-target=\"custom-heading-block_625ac90ec6b0c\" id=\"custom-heading-block_625ac90ec6b0c\" class=\"custom-heading  \">\n    <div class=\"row\">\n        <div class=\"medium-12 column\">\n                <h2>Pour les personnes incarc\u00e9r\u00e9es dans les prisons provinciales<br \/>\r\n<\/h2>\n        <\/div>\n    <\/div>\n<\/div>\n\n\n\n<p>Ces manuels ont \u00e9t\u00e9 con\u00e7us pour aider les personnes incarc\u00e9r\u00e9es dans les prisons provinciales dites pour femmes. Nous avons h\u00e2te de les mettre \u00e0 jour au cours des prochaines ann\u00e9es.<\/p>\n\n\n<div id=\"files-block-block_617b0bb2942e6\" class=\"files-block \">\n                <div class=\"files\">\n                            <div class=\"file\">\n                    <span class=\"title\">Colombie-Britannique (anglais seulement)<\/span>\n                    <span class=\"size\">(1MB, PDF)<\/span>\n                    <a class=\"cta\" href=\"https:\/\/caefs.ca\/wp-content\/uploads\/2021\/10\/HRIA-BC.pdf\" title=\"Colombie-Britannique (anglais seulement)\" target=\"_blank\">\n                        T\u00e9l\u00e9charger<i class=\"icon icon-download\"><\/i>\n                    <\/a>\n                <\/div>\n                            <div class=\"file\">\n                    <span class=\"title\">Nouveau-Brunswick<\/span>\n                    <span class=\"size\">(2MB, PDF)<\/span>\n                    <a class=\"cta\" href=\"https:\/\/caefs.ca\/wp-content\/uploads\/2022\/04\/Droits-de-la-personne-en-action_Nouveau-Brunswick.pdf\" title=\"Nouveau-Brunswick\" target=\"_blank\">\n                        T\u00e9l\u00e9charger<i class=\"icon icon-download\"><\/i>\n                    <\/a>\n                <\/div>\n                            <div class=\"file\">\n                    <span class=\"title\">Nouvelle-\u00c9cosse (anglais seulement)<\/span>\n                    <span class=\"size\">(837kB, PDF)<\/span>\n                    <a class=\"cta\" href=\"https:\/\/caefs.ca\/wp-content\/uploads\/2021\/10\/5cd0744130fa63baa9f8621fb58d26cc.pdf\" title=\"Nouvelle-\u00c9cosse (anglais seulement)\" target=\"_blank\">\n                        T\u00e9l\u00e9charger<i class=\"icon icon-download\"><\/i>\n                    <\/a>\n                <\/div>\n                            <div class=\"file\">\n                    <span class=\"title\">Ontario<\/span>\n                    <span class=\"size\">(764kB, PDF)<\/span>\n                    <a class=\"cta\" href=\"https:\/\/caefs.ca\/wp-content\/uploads\/2022\/04\/Droits-de-la-personne-en-action_Ontario.pdf\" title=\"Ontario\" target=\"_blank\">\n                        T\u00e9l\u00e9charger<i class=\"icon icon-download\"><\/i>\n                    <\/a>\n                <\/div>\n                            <div class=\"file\">\n                    <span class=\"title\">Qu\u00e9bec<\/span>\n                    <span class=\"size\">(1MB, PDF)<\/span>\n                    <a class=\"cta\" href=\"https:\/\/caefs.ca\/wp-content\/uploads\/2022\/04\/Manuel-DPEA_Quebec.pdf\" title=\"Qu\u00e9bec\" target=\"_blank\">\n                        T\u00e9l\u00e9charger<i class=\"icon icon-download\"><\/i>\n                    <\/a>\n                <\/div>\n                            <div class=\"file\">\n                    <span class=\"title\">Saskatchewan (anglais seulement)<\/span>\n                    <span class=\"size\">(2MB, PDF)<\/span>\n                    <a class=\"cta\" href=\"https:\/\/caefs.ca\/wp-content\/uploads\/2021\/10\/d2d30e_c0db408fe5d44e7d83ff09f21658fef2.pdf\" title=\"Saskatchewan (anglais seulement)\" target=\"_blank\">\n                        T\u00e9l\u00e9charger<i class=\"icon icon-download\"><\/i>\n                    <\/a>\n                <\/div>\n                    <\/div>\n    <\/div>\n\n\n\n<div style=\"height:100px\" aria-hidden=\"true\" class=\"wp-block-spacer\"><\/div>\n","protected":false},"excerpt":{"rendered":"<p>Ce manuel est con\u00e7u pour donner aux femmes et aux personnes de diverses identit\u00e9s de genre incarc\u00e9r\u00e9es dans les p\u00e9nitenciers f\u00e9d\u00e9raux les outils et les ressources n\u00e9cessaires pour d\u00e9fendre leurs [&hellip;]<\/p>\n","protected":false},"author":2,"featured_media":3670,"parent":2428,"menu_order":0,"comment_status":"closed","ping_status":"closed","template":"page-inner.php","meta":{"_acf_changed":false,"om_disable_all_campaigns":false,"_monsterinsights_skip_tracking":false,"_monsterinsights_sitenote_active":false,"_monsterinsights_sitenote_note":"","_monsterinsights_sitenote_category":0,"footnotes":""},"category":[],"class_list":["post-2429","page","type-page","status-publish","has-post-thumbnail","hentry"],"acf":[],"aioseo_notices":[],"yoast_head":"<!-- This site is optimized with the Yoast SEO plugin v27.4 - https:\/\/yoast.com\/product\/yoast-seo-wordpress\/ -->\n<title>Manuels Droits de la personne en action - ACSEF<\/title>\n<meta name=\"robots\" content=\"index, follow, max-snippet:-1, max-image-preview:large, max-video-preview:-1\" \/>\n<link rel=\"canonical\" href=\"https:\/\/caefs.ca\/fr\/news-campaigns\/publications-and-resources\/human-rights-in-action-handbooks\/\" \/>\n<meta property=\"og:locale\" content=\"fr_FR\" \/>\n<meta property=\"og:type\" content=\"article\" \/>\n<meta property=\"og:title\" content=\"Manuels Droits de la personne en action - ACSEF\" \/>\n<meta property=\"og:description\" content=\"Ce manuel est con\u00e7u pour donner aux femmes et aux personnes de diverses identit\u00e9s de genre incarc\u00e9r\u00e9es dans les p\u00e9nitenciers f\u00e9d\u00e9raux les outils et les ressources n\u00e9cessaires pour d\u00e9fendre leurs [&hellip;]\" \/>\n<meta property=\"og:url\" content=\"https:\/\/caefs.ca\/fr\/news-campaigns\/publications-and-resources\/human-rights-in-action-handbooks\/\" \/>\n<meta property=\"og:site_name\" content=\"ACSEF\" \/>\n<meta property=\"article:modified_time\" content=\"2022-06-13T19:02:08+00:00\" \/>\n<meta property=\"og:image\" content=\"https:\/\/caefs.ca\/wp-content\/uploads\/2022\/04\/Huamn-Rights-copy-scaled.jpg\" \/>\n\t<meta property=\"og:image:width\" content=\"2560\" \/>\n\t<meta property=\"og:image:height\" content=\"2560\" \/>\n\t<meta property=\"og:image:type\" content=\"image\/jpeg\" \/>\n<meta name=\"twitter:card\" content=\"summary_large_image\" \/>\n<meta name=\"twitter:label1\" content=\"Dur\u00e9e de lecture estim\u00e9e\" \/>\n\t<meta name=\"twitter:data1\" content=\"1 minute\" \/>\n<script type=\"application\/ld+json\" class=\"yoast-schema-graph\">{\"@context\":\"https:\\\/\\\/schema.org\",\"@graph\":[{\"@type\":\"WebPage\",\"@id\":\"https:\\\/\\\/caefs.ca\\\/fr\\\/news-campaigns\\\/publications-and-resources\\\/human-rights-in-action-handbooks\\\/\",\"url\":\"https:\\\/\\\/caefs.ca\\\/fr\\\/news-campaigns\\\/publications-and-resources\\\/human-rights-in-action-handbooks\\\/\",\"name\":\"Manuels Droits de la personne en action - ACSEF\",\"isPartOf\":{\"@id\":\"https:\\\/\\\/caefs.ca\\\/fr\\\/#website\"},\"primaryImageOfPage\":{\"@id\":\"https:\\\/\\\/caefs.ca\\\/fr\\\/news-campaigns\\\/publications-and-resources\\\/human-rights-in-action-handbooks\\\/#primaryimage\"},\"image\":{\"@id\":\"https:\\\/\\\/caefs.ca\\\/fr\\\/news-campaigns\\\/publications-and-resources\\\/human-rights-in-action-handbooks\\\/#primaryimage\"},\"thumbnailUrl\":\"https:\\\/\\\/caefs.ca\\\/wp-content\\\/uploads\\\/2022\\\/04\\\/Huamn-Rights-copy-scaled.jpg\",\"datePublished\":\"2021-10-28T19:04:12+00:00\",\"dateModified\":\"2022-06-13T19:02:08+00:00\",\"breadcrumb\":{\"@id\":\"https:\\\/\\\/caefs.ca\\\/fr\\\/news-campaigns\\\/publications-and-resources\\\/human-rights-in-action-handbooks\\\/#breadcrumb\"},\"inLanguage\":\"fr-FR\",\"potentialAction\":[{\"@type\":\"ReadAction\",\"target\":[\"https:\\\/\\\/caefs.ca\\\/fr\\\/news-campaigns\\\/publications-and-resources\\\/human-rights-in-action-handbooks\\\/\"]}]},{\"@type\":\"ImageObject\",\"inLanguage\":\"fr-FR\",\"@id\":\"https:\\\/\\\/caefs.ca\\\/fr\\\/news-campaigns\\\/publications-and-resources\\\/human-rights-in-action-handbooks\\\/#primaryimage\",\"url\":\"https:\\\/\\\/caefs.ca\\\/wp-content\\\/uploads\\\/2022\\\/04\\\/Huamn-Rights-copy-scaled.jpg\",\"contentUrl\":\"https:\\\/\\\/caefs.ca\\\/wp-content\\\/uploads\\\/2022\\\/04\\\/Huamn-Rights-copy-scaled.jpg\",\"width\":2560,\"height\":2560},{\"@type\":\"BreadcrumbList\",\"@id\":\"https:\\\/\\\/caefs.ca\\\/fr\\\/news-campaigns\\\/publications-and-resources\\\/human-rights-in-action-handbooks\\\/#breadcrumb\",\"itemListElement\":[{\"@type\":\"ListItem\",\"position\":1,\"name\":\"Accueil\",\"item\":\"https:\\\/\\\/caefs.ca\\\/fr\\\/\"},{\"@type\":\"ListItem\",\"position\":2,\"name\":\"Nouvelles et publications\",\"item\":\"https:\\\/\\\/caefs.ca\\\/fr\\\/news-campaigns\\\/\"},{\"@type\":\"ListItem\",\"position\":3,\"name\":\"Publications et ressources\",\"item\":\"https:\\\/\\\/caefs.ca\\\/fr\\\/news-campaigns\\\/publications-and-resources\\\/\"},{\"@type\":\"ListItem\",\"position\":4,\"name\":\"Manuels Droits de la personne en action\"}]},{\"@type\":\"WebSite\",\"@id\":\"https:\\\/\\\/caefs.ca\\\/fr\\\/#website\",\"url\":\"https:\\\/\\\/caefs.ca\\\/fr\\\/\",\"name\":\"ACSEF\",\"description\":\"Just another WordPress site\",\"potentialAction\":[{\"@type\":\"SearchAction\",\"target\":{\"@type\":\"EntryPoint\",\"urlTemplate\":\"https:\\\/\\\/caefs.ca\\\/fr\\\/?s={search_term_string}\"},\"query-input\":{\"@type\":\"PropertyValueSpecification\",\"valueRequired\":true,\"valueName\":\"search_term_string\"}}],\"inLanguage\":\"fr-FR\"}]}<\/script>\n<!-- \/ Yoast SEO plugin. -->","yoast_head_json":{"title":"Manuels Droits de la personne en action - ACSEF","robots":{"index":"index","follow":"follow","max-snippet":"max-snippet:-1","max-image-preview":"max-image-preview:large","max-video-preview":"max-video-preview:-1"},"canonical":"https:\/\/caefs.ca\/fr\/news-campaigns\/publications-and-resources\/human-rights-in-action-handbooks\/","og_locale":"fr_FR","og_type":"article","og_title":"Manuels Droits de la personne en action - ACSEF","og_description":"Ce manuel est con\u00e7u pour donner aux femmes et aux personnes de diverses identit\u00e9s de genre incarc\u00e9r\u00e9es dans les p\u00e9nitenciers f\u00e9d\u00e9raux les outils et les ressources n\u00e9cessaires pour d\u00e9fendre leurs [&hellip;]","og_url":"https:\/\/caefs.ca\/fr\/news-campaigns\/publications-and-resources\/human-rights-in-action-handbooks\/","og_site_name":"ACSEF","article_modified_time":"2022-06-13T19:02:08+00:00","og_image":[{"width":2560,"height":2560,"url":"https:\/\/caefs.ca\/wp-content\/uploads\/2022\/04\/Huamn-Rights-copy-scaled.jpg","type":"image\/jpeg"}],"twitter_card":"summary_large_image","twitter_misc":{"Dur\u00e9e de lecture estim\u00e9e":"1 minute"},"schema":{"@context":"https:\/\/schema.org","@graph":[{"@type":"WebPage","@id":"https:\/\/caefs.ca\/fr\/news-campaigns\/publications-and-resources\/human-rights-in-action-handbooks\/","url":"https:\/\/caefs.ca\/fr\/news-campaigns\/publications-and-resources\/human-rights-in-action-handbooks\/","name":"Manuels Droits de la personne en action - ACSEF","isPartOf":{"@id":"https:\/\/caefs.ca\/fr\/#website"},"primaryImageOfPage":{"@id":"https:\/\/caefs.ca\/fr\/news-campaigns\/publications-and-resources\/human-rights-in-action-handbooks\/#primaryimage"},"image":{"@id":"https:\/\/caefs.ca\/fr\/news-campaigns\/publications-and-resources\/human-rights-in-action-handbooks\/#primaryimage"},"thumbnailUrl":"https:\/\/caefs.ca\/wp-content\/uploads\/2022\/04\/Huamn-Rights-copy-scaled.jpg","datePublished":"2021-10-28T19:04:12+00:00","dateModified":"2022-06-13T19:02:08+00:00","breadcrumb":{"@id":"https:\/\/caefs.ca\/fr\/news-campaigns\/publications-and-resources\/human-rights-in-action-handbooks\/#breadcrumb"},"inLanguage":"fr-FR","potentialAction":[{"@type":"ReadAction","target":["https:\/\/caefs.ca\/fr\/news-campaigns\/publications-and-resources\/human-rights-in-action-handbooks\/"]}]},{"@type":"ImageObject","inLanguage":"fr-FR","@id":"https:\/\/caefs.ca\/fr\/news-campaigns\/publications-and-resources\/human-rights-in-action-handbooks\/#primaryimage","url":"https:\/\/caefs.ca\/wp-content\/uploads\/2022\/04\/Huamn-Rights-copy-scaled.jpg","contentUrl":"https:\/\/caefs.ca\/wp-content\/uploads\/2022\/04\/Huamn-Rights-copy-scaled.jpg","width":2560,"height":2560},{"@type":"BreadcrumbList","@id":"https:\/\/caefs.ca\/fr\/news-campaigns\/publications-and-resources\/human-rights-in-action-handbooks\/#breadcrumb","itemListElement":[{"@type":"ListItem","position":1,"name":"Accueil","item":"https:\/\/caefs.ca\/fr\/"},{"@type":"ListItem","position":2,"name":"Nouvelles et publications","item":"https:\/\/caefs.ca\/fr\/news-campaigns\/"},{"@type":"ListItem","position":3,"name":"Publications et ressources","item":"https:\/\/caefs.ca\/fr\/news-campaigns\/publications-and-resources\/"},{"@type":"ListItem","position":4,"name":"Manuels Droits de la personne en action"}]},{"@type":"WebSite","@id":"https:\/\/caefs.ca\/fr\/#website","url":"https:\/\/caefs.ca\/fr\/","name":"ACSEF","description":"Just another WordPress site","potentialAction":[{"@type":"SearchAction","target":{"@type":"EntryPoint","urlTemplate":"https:\/\/caefs.ca\/fr\/?s={search_term_string}"},"query-input":{"@type":"PropertyValueSpecification","valueRequired":true,"valueName":"search_term_string"}}],"inLanguage":"fr-FR"}]}},"_links":{"self":[{"href":"https:\/\/caefs.ca\/fr\/wp-json\/wp\/v2\/pages\/2429","targetHints":{"allow":["GET"]}}],"collection":[{"href":"https:\/\/caefs.ca\/fr\/wp-json\/wp\/v2\/pages"}],"about":[{"href":"https:\/\/caefs.ca\/fr\/wp-json\/wp\/v2\/types\/page"}],"author":[{"embeddable":true,"href":"https:\/\/caefs.ca\/fr\/wp-json\/wp\/v2\/users\/2"}],"replies":[{"embeddable":true,"href":"https:\/\/caefs.ca\/fr\/wp-json\/wp\/v2\/comments?post=2429"}],"version-history":[{"count":14,"href":"https:\/\/caefs.ca\/fr\/wp-json\/wp\/v2\/pages\/2429\/revisions"}],"predecessor-version":[{"id":4584,"href":"https:\/\/caefs.ca\/fr\/wp-json\/wp\/v2\/pages\/2429\/revisions\/4584"}],"up":[{"embeddable":true,"href":"https:\/\/caefs.ca\/fr\/wp-json\/wp\/v2\/pages\/2428"}],"wp:featuredmedia":[{"embeddable":true,"href":"https:\/\/caefs.ca\/fr\/wp-json\/wp\/v2\/media\/3670"}],"wp:attachment":[{"href":"https:\/\/caefs.ca\/fr\/wp-json\/wp\/v2\/media?parent=2429"}],"wp:term":[{"taxonomy":"category","embeddable":true,"href":"https:\/\/caefs.ca\/fr\/wp-json\/wp\/v2\/category?post=2429"}],"curies":[{"name":"wp","href":"https:\/\/api.w.org\/{rel}","templated":true}]}}