{"id":2436,"date":"2021-09-08T23:29:01","date_gmt":"2021-09-09T03:29:01","guid":{"rendered":"https:\/\/caefs.ca\/our-local-member-societies\/"},"modified":"2023-05-30T17:24:00","modified_gmt":"2023-05-30T21:24:00","slug":"our-local-member-societies","status":"publish","type":"page","link":"https:\/\/caefs.ca\/fr\/our-local-member-societies\/","title":{"rendered":"Nos Soci\u00e9t\u00e9s locales membres"},"content":{"rendered":"<div data-magellan-target=\"Nos Soci\u00e9t\u00e9s locales membres\" id=\"Nos Soci\u00e9t\u00e9s locales membres\" class=\"custom-heading with-border \">\n    <div class=\"row\">\n        <div class=\"medium-12 column\">\n                <h1>Nos Soci\u00e9t\u00e9s locales membres<\/h1>\n        <\/div>\n    <\/div>\n<\/div>\n\n\n<div id=\"member-societies-block_857320b496e3597f210d54c43cfdd9a9\" class=\"member-societies \">\n    <div class=\"row\">\n        <div class=\"large-12 column\">\n            <div class=\"block-title\">\n                <h1><\/h1>\n                <p><\/p>\n            <\/div>\n            <div class=\"societies\">\n\t\t                            <h4>Atlantique<\/h4>\n                                            <ul>\n                                                            <li><a href=\"https:\/\/efrynb.ca\/\" target=\"_blank\" title=\"Elizabeth Fry Nouveau-Brunswick\">Elizabeth Fry Nouveau-Brunswick<\/a><\/li>\n                                                            <li><a href=\"https:\/\/www.efrycb.com\/home.html\" target=\"_blank\" title=\"Soci\u00e9t\u00e9 Elizabeth Fry du Cap-Breton\">Soci\u00e9t\u00e9 Elizabeth Fry du Cap-Breton<\/a><\/li>\n                                                            <li><a href=\"https:\/\/efrymns.ca\/\" target=\"_blank\" title=\"Soci\u00e9t\u00e9 Elizabeth Fry de Nouvelle-\u00c9cosse continentale\">Soci\u00e9t\u00e9 Elizabeth Fry de Nouvelle-\u00c9cosse continentale<\/a><\/li>\n                                                    <\/ul>\n                                                        <h4>Qu\u00e9bec<\/h4>\n                                            <ul>\n                                                            <li><a href=\"http:\/\/www.elizabethfry.qc.ca\/\" target=\"_blank\" title=\"Soci\u00e9t\u00e9 Elizabeth Fry du Qu\u00e9bec\">Soci\u00e9t\u00e9 Elizabeth Fry du Qu\u00e9bec<\/a><\/li>\n                                                    <\/ul>\n                                                        <h4>Ontario<\/h4>\n                                            <ul>\n                                                            <li><a href=\"https:\/\/efryottawa.com\/fr\/\" target=\"_blank\" title=\"Soci\u00e9t\u00e9 Elizabeth Fry d\u2019Ottawa\">Soci\u00e9t\u00e9 Elizabeth Fry d\u2019Ottawa<\/a><\/li>\n                                                            <li><a href=\"https:\/\/efryptbo.org\/\" target=\"_blank\" title=\"Soci\u00e9t\u00e9 Elizabeth Fry de Peterborough\">Soci\u00e9t\u00e9 Elizabeth Fry de Peterborough<\/a><\/li>\n                                                            <li><a href=\"https:\/\/www.efrytoronto.org\/\" target=\"_blank\" title=\"Elizabeth Fry Toronto\">Elizabeth Fry Toronto<\/a><\/li>\n                                                            <li><a href=\"https:\/\/www.elizabethfrysociety.com\/\" target=\"_blank\" title=\"Elizabeth Fry Simcoe Muskoka\">Elizabeth Fry Simcoe Muskoka<\/a><\/li>\n                                                            <li><a href=\"http:\/\/efrypeelhalton.ca\/\" target=\"_blank\" title=\"Elizabeth Fry Hope and Help\">Elizabeth Fry Hope and Help<\/a><\/li>\n                                                            <li><a href=\"https:\/\/www.elizabethfrynwo.org\/\" target=\"_blank\" title=\"Soci\u00e9t\u00e9 Elizabeth Fry du nord-ouest de l\u2019Ontario\">Soci\u00e9t\u00e9 Elizabeth Fry du nord-ouest de l\u2019Ontario<\/a><\/li>\n                                                            <li><a href=\"https:\/\/efryneo.com\/?lang=fr\" target=\"_blank\" title=\"Soci\u00e9t\u00e9 Elizabeth Fry du nord-est de l\u2019Ontario\">Soci\u00e9t\u00e9 Elizabeth Fry du nord-est de l\u2019Ontario<\/a><\/li>\n                                                            <li><a href=\"https:\/\/www.efrykingston.ca\/\" target=\"_blank\" title=\"Elizabeth Fry Kingston\">Elizabeth Fry Kingston<\/a><\/li>\n                                                    <\/ul>\n                                                        <h4>Prairies<\/h4>\n                                            <ul>\n                                                            <li><a href=\"https:\/\/efsmanitoba.org\/\" target=\"_blank\" title=\"Soci\u00e9t\u00e9 Elizabeth Fry du Manitoba\">Soci\u00e9t\u00e9 Elizabeth Fry du Manitoba<\/a><\/li>\n                                                            <li><a href=\"https:\/\/elizabethfrysask.org\/\" target=\"_blank\" title=\"Soci\u00e9t\u00e9 Elizabeth Fry de la Saskatchewan\">Soci\u00e9t\u00e9 Elizabeth Fry de la Saskatchewan<\/a><\/li>\n                                                            <li><a href=\"https:\/\/elizabethfrycalgary.ca\/\" target=\"_blank\" title=\"Soci\u00e9t\u00e9 Elizabeth Fry de Calgary\">Soci\u00e9t\u00e9 Elizabeth Fry de Calgary<\/a><\/li>\n                                                            <li><a href=\"https:\/\/www.efrynorthernalberta.com\/\" target=\"_blank\" title=\"Soci\u00e9t\u00e9 Elizabeth Fry du nord de l\u2019Alberta\">Soci\u00e9t\u00e9 Elizabeth Fry du nord de l\u2019Alberta<\/a><\/li>\n                                                    <\/ul>\n                                                        <h4>Pacifique<\/h4>\n                                            <ul>\n                                                            <li><a href=\"https:\/\/kamloopsefry.com\/\" target=\"_blank\" title=\"Soci\u00e9t\u00e9 Elizabeth Fry Kamloops et District\">Soci\u00e9t\u00e9 Elizabeth Fry Kamloops et District<\/a><\/li>\n                                                            <li><a href=\"https:\/\/www.pgefry.bc.ca\/\" target=\"_blank\" title=\"Soci\u00e9t\u00e9 Elizabeth Fry Prince George et District\">Soci\u00e9t\u00e9 Elizabeth Fry Prince George et District<\/a><\/li>\n                                                            <li><a href=\"https:\/\/empowerific.com\/\" target=\"_blank\" title=\"Soci\u00e9t\u00e9 Elizabeth Fry Central Okanagan\">Soci\u00e9t\u00e9 Elizabeth Fry Central Okanagan<\/a><\/li>\n                                                            <li><a href=\"https:\/\/www.elizabethfry.com\/\" target=\"_blank\" title=\"Soci\u00e9t\u00e9 Elizabeth Fry du Grand Vancouver\">Soci\u00e9t\u00e9 Elizabeth Fry du Grand Vancouver<\/a><\/li>\n                                                            <li><a href=\"https:\/\/www.scefry.ca\/\" target=\"_blank\" title=\"Soci\u00e9t\u00e9 Elizabeth Fry de South Cariboo\">Soci\u00e9t\u00e9 Elizabeth Fry de South Cariboo<\/a><\/li>\n                                                            <li><a href=\"https:\/\/archwaysociety.ca\" target=\"_blank\" title=\"Soci\u00e9t\u00e9 Archway\">Soci\u00e9t\u00e9 Archway<\/a><\/li>\n                                                    <\/ul>\n                                                <\/div>\n        <\/div>\n    <\/div>\n\n<\/div>\n","protected":false},"excerpt":{"rendered":"","protected":false},"author":1,"featured_media":643,"parent":0,"menu_order":0,"comment_status":"closed","ping_status":"closed","template":"page-inner.php","meta":{"_acf_changed":false,"om_disable_all_campaigns":false,"_monsterinsights_skip_tracking":false,"_monsterinsights_sitenote_active":false,"_monsterinsights_sitenote_note":"","_monsterinsights_sitenote_category":0,"footnotes":""},"category":[],"class_list":["post-2436","page","type-page","status-publish","has-post-thumbnail","hentry"],"acf":[],"aioseo_notices":[],"yoast_head":"<!-- This site is optimized with the Yoast SEO plugin v27.4 - https:\/\/yoast.com\/product\/yoast-seo-wordpress\/ -->\n<title>Nos Soci\u00e9t\u00e9s locales membres - ACSEF<\/title>\n<meta name=\"robots\" content=\"index, follow, max-snippet:-1, max-image-preview:large, max-video-preview:-1\" \/>\n<link rel=\"canonical\" href=\"https:\/\/caefs.ca\/fr\/our-local-member-societies\/\" \/>\n<meta property=\"og:locale\" content=\"fr_FR\" \/>\n<meta property=\"og:type\" content=\"article\" \/>\n<meta property=\"og:title\" content=\"Nos Soci\u00e9t\u00e9s locales membres - ACSEF\" \/>\n<meta property=\"og:url\" content=\"https:\/\/caefs.ca\/fr\/our-local-member-societies\/\" \/>\n<meta property=\"og:site_name\" content=\"ACSEF\" \/>\n<meta property=\"article:modified_time\" content=\"2023-05-30T21:24:00+00:00\" \/>\n<meta property=\"og:image\" content=\"https:\/\/caefs.ca\/wp-content\/uploads\/2021\/10\/Our-Local-Member-Societies-1.jpg\" \/>\n\t<meta property=\"og:image:width\" content=\"1440\" \/>\n\t<meta property=\"og:image:height\" content=\"1080\" \/>\n\t<meta property=\"og:image:type\" content=\"image\/jpeg\" \/>\n<meta name=\"twitter:card\" content=\"summary_large_image\" \/>\n<script type=\"application\/ld+json\" class=\"yoast-schema-graph\">{\"@context\":\"https:\\\/\\\/schema.org\",\"@graph\":[{\"@type\":\"WebPage\",\"@id\":\"https:\\\/\\\/caefs.ca\\\/fr\\\/our-local-member-societies\\\/\",\"url\":\"https:\\\/\\\/caefs.ca\\\/fr\\\/our-local-member-societies\\\/\",\"name\":\"Nos Soci\u00e9t\u00e9s locales membres - ACSEF\",\"isPartOf\":{\"@id\":\"https:\\\/\\\/caefs.ca\\\/fr\\\/#website\"},\"primaryImageOfPage\":{\"@id\":\"https:\\\/\\\/caefs.ca\\\/fr\\\/our-local-member-societies\\\/#primaryimage\"},\"image\":{\"@id\":\"https:\\\/\\\/caefs.ca\\\/fr\\\/our-local-member-societies\\\/#primaryimage\"},\"thumbnailUrl\":\"https:\\\/\\\/caefs.ca\\\/wp-content\\\/uploads\\\/2021\\\/10\\\/Our-Local-Member-Societies-1.jpg\",\"datePublished\":\"2021-09-09T03:29:01+00:00\",\"dateModified\":\"2023-05-30T21:24:00+00:00\",\"breadcrumb\":{\"@id\":\"https:\\\/\\\/caefs.ca\\\/fr\\\/our-local-member-societies\\\/#breadcrumb\"},\"inLanguage\":\"fr-FR\",\"potentialAction\":[{\"@type\":\"ReadAction\",\"target\":[\"https:\\\/\\\/caefs.ca\\\/fr\\\/our-local-member-societies\\\/\"]}]},{\"@type\":\"ImageObject\",\"inLanguage\":\"fr-FR\",\"@id\":\"https:\\\/\\\/caefs.ca\\\/fr\\\/our-local-member-societies\\\/#primaryimage\",\"url\":\"https:\\\/\\\/caefs.ca\\\/wp-content\\\/uploads\\\/2021\\\/10\\\/Our-Local-Member-Societies-1.jpg\",\"contentUrl\":\"https:\\\/\\\/caefs.ca\\\/wp-content\\\/uploads\\\/2021\\\/10\\\/Our-Local-Member-Societies-1.jpg\",\"width\":1440,\"height\":1080,\"caption\":\"A group picture of 16 women gathered in a board room. They are smiling at the camera.\"},{\"@type\":\"BreadcrumbList\",\"@id\":\"https:\\\/\\\/caefs.ca\\\/fr\\\/our-local-member-societies\\\/#breadcrumb\",\"itemListElement\":[{\"@type\":\"ListItem\",\"position\":1,\"name\":\"Accueil\",\"item\":\"https:\\\/\\\/caefs.ca\\\/fr\\\/\"},{\"@type\":\"ListItem\",\"position\":2,\"name\":\"Nos Soci\u00e9t\u00e9s locales membres\"}]},{\"@type\":\"WebSite\",\"@id\":\"https:\\\/\\\/caefs.ca\\\/fr\\\/#website\",\"url\":\"https:\\\/\\\/caefs.ca\\\/fr\\\/\",\"name\":\"ACSEF\",\"description\":\"Just another WordPress site\",\"potentialAction\":[{\"@type\":\"SearchAction\",\"target\":{\"@type\":\"EntryPoint\",\"urlTemplate\":\"https:\\\/\\\/caefs.ca\\\/fr\\\/?s={search_term_string}\"},\"query-input\":{\"@type\":\"PropertyValueSpecification\",\"valueRequired\":true,\"valueName\":\"search_term_string\"}}],\"inLanguage\":\"fr-FR\"}]}<\/script>\n<!-- \/ Yoast SEO plugin. -->","yoast_head_json":{"title":"Nos Soci\u00e9t\u00e9s locales membres - ACSEF","robots":{"index":"index","follow":"follow","max-snippet":"max-snippet:-1","max-image-preview":"max-image-preview:large","max-video-preview":"max-video-preview:-1"},"canonical":"https:\/\/caefs.ca\/fr\/our-local-member-societies\/","og_locale":"fr_FR","og_type":"article","og_title":"Nos Soci\u00e9t\u00e9s locales membres - ACSEF","og_url":"https:\/\/caefs.ca\/fr\/our-local-member-societies\/","og_site_name":"ACSEF","article_modified_time":"2023-05-30T21:24:00+00:00","og_image":[{"width":1440,"height":1080,"url":"https:\/\/caefs.ca\/wp-content\/uploads\/2021\/10\/Our-Local-Member-Societies-1.jpg","type":"image\/jpeg"}],"twitter_card":"summary_large_image","schema":{"@context":"https:\/\/schema.org","@graph":[{"@type":"WebPage","@id":"https:\/\/caefs.ca\/fr\/our-local-member-societies\/","url":"https:\/\/caefs.ca\/fr\/our-local-member-societies\/","name":"Nos Soci\u00e9t\u00e9s locales membres - ACSEF","isPartOf":{"@id":"https:\/\/caefs.ca\/fr\/#website"},"primaryImageOfPage":{"@id":"https:\/\/caefs.ca\/fr\/our-local-member-societies\/#primaryimage"},"image":{"@id":"https:\/\/caefs.ca\/fr\/our-local-member-societies\/#primaryimage"},"thumbnailUrl":"https:\/\/caefs.ca\/wp-content\/uploads\/2021\/10\/Our-Local-Member-Societies-1.jpg","datePublished":"2021-09-09T03:29:01+00:00","dateModified":"2023-05-30T21:24:00+00:00","breadcrumb":{"@id":"https:\/\/caefs.ca\/fr\/our-local-member-societies\/#breadcrumb"},"inLanguage":"fr-FR","potentialAction":[{"@type":"ReadAction","target":["https:\/\/caefs.ca\/fr\/our-local-member-societies\/"]}]},{"@type":"ImageObject","inLanguage":"fr-FR","@id":"https:\/\/caefs.ca\/fr\/our-local-member-societies\/#primaryimage","url":"https:\/\/caefs.ca\/wp-content\/uploads\/2021\/10\/Our-Local-Member-Societies-1.jpg","contentUrl":"https:\/\/caefs.ca\/wp-content\/uploads\/2021\/10\/Our-Local-Member-Societies-1.jpg","width":1440,"height":1080,"caption":"A group picture of 16 women gathered in a board room. They are smiling at the camera."},{"@type":"BreadcrumbList","@id":"https:\/\/caefs.ca\/fr\/our-local-member-societies\/#breadcrumb","itemListElement":[{"@type":"ListItem","position":1,"name":"Accueil","item":"https:\/\/caefs.ca\/fr\/"},{"@type":"ListItem","position":2,"name":"Nos Soci\u00e9t\u00e9s locales membres"}]},{"@type":"WebSite","@id":"https:\/\/caefs.ca\/fr\/#website","url":"https:\/\/caefs.ca\/fr\/","name":"ACSEF","description":"Just another WordPress site","potentialAction":[{"@type":"SearchAction","target":{"@type":"EntryPoint","urlTemplate":"https:\/\/caefs.ca\/fr\/?s={search_term_string}"},"query-input":{"@type":"PropertyValueSpecification","valueRequired":true,"valueName":"search_term_string"}}],"inLanguage":"fr-FR"}]}},"_links":{"self":[{"href":"https:\/\/caefs.ca\/fr\/wp-json\/wp\/v2\/pages\/2436","targetHints":{"allow":["GET"]}}],"collection":[{"href":"https:\/\/caefs.ca\/fr\/wp-json\/wp\/v2\/pages"}],"about":[{"href":"https:\/\/caefs.ca\/fr\/wp-json\/wp\/v2\/types\/page"}],"author":[{"embeddable":true,"href":"https:\/\/caefs.ca\/fr\/wp-json\/wp\/v2\/users\/1"}],"replies":[{"embeddable":true,"href":"https:\/\/caefs.ca\/fr\/wp-json\/wp\/v2\/comments?post=2436"}],"version-history":[{"count":23,"href":"https:\/\/caefs.ca\/fr\/wp-json\/wp\/v2\/pages\/2436\/revisions"}],"predecessor-version":[{"id":6556,"href":"https:\/\/caefs.ca\/fr\/wp-json\/wp\/v2\/pages\/2436\/revisions\/6556"}],"wp:featuredmedia":[{"embeddable":true,"href":"https:\/\/caefs.ca\/fr\/wp-json\/wp\/v2\/media\/643"}],"wp:attachment":[{"href":"https:\/\/caefs.ca\/fr\/wp-json\/wp\/v2\/media?parent=2436"}],"wp:term":[{"taxonomy":"category","embeddable":true,"href":"https:\/\/caefs.ca\/fr\/wp-json\/wp\/v2\/category?post=2436"}],"curies":[{"name":"wp","href":"https:\/\/api.w.org\/{rel}","templated":true}]}}