{"id":2437,"date":"2021-09-17T15:36:10","date_gmt":"2021-09-17T19:36:10","guid":{"rendered":"https:\/\/caefs.ca\/our-network\/"},"modified":"2026-03-24T10:06:28","modified_gmt":"2026-03-24T14:06:28","slug":"our-network","status":"publish","type":"page","link":"https:\/\/caefs.ca\/fr\/qui-sommes-nous\/our-network\/","title":{"rendered":"Notre r\u00e9seau"},"content":{"rendered":"\n<h2 class=\"wp-block-heading\"><\/h2>\n\n\n<div data-magellan-target=\"Notre r\u00e9seau\" id=\"Notre r\u00e9seau\" class=\"custom-heading with-border \">\n    <div class=\"row\">\n        <div class=\"medium-12 column\">\n                <h1>Notre r\u00e9seau<\/h1>\n        <\/div>\n    <\/div>\n<\/div>\n\n\n\n<p><\/p>\n\n\n<div id=\"accordion-content-block_25b0677ee4c9dd9f25dd6cd0f8e9859f\" class=\"accordion-wrapper \">\n        <ul class=\"accordion\" data-accordion data-multi-expand=\"false\"  data-allow-all-closed=\"true\" data-accordion data-deep-link=\"true\" data-update-history=\"true\" data-deep-link-smudge=\"true\" data-deep-link-smudge-delay=\"500\">\n                    <li class=\"accordion-item\" data-accordion-item>\n                <a href=\"#block_25b0677ee4c9dd9f25dd6cd0f8e9859f-0\" class=\"accordion-title\">\u00c9QUIPE DU BUREAU NATIONAL<\/a>\n                <div class=\"accordion-content\" data-tab-content id=\"block_25b0677ee4c9dd9f25dd6cd0f8e9859f-0\">\n                    <table width=\"680\">\n<tbody>\n<tr>\n<td>Nom<\/td>\n<td width=\"452\">Poste<\/td>\n<\/tr>\n<tr>\n<td>Emilie Coyle<\/td>\n<td width=\"452\">Co-directrice g\u00e9n\u00e9rale<\/td>\n<\/tr>\n<tr>\n<td>Nyki Kish<\/td>\n<td width=\"452\">Co-directrice g\u00e9n\u00e9rale<\/td>\n<\/tr>\n<tr>\n<td>Brianna Bourassa<\/td>\n<td width=\"452\">D\u00e9fenseure principale &#8211; \u00e9quipe de plaidoyer du Pacifique et gestionnaire de projets CRPOI<\/td>\n<\/tr>\n<tr>\n<td>Carla Devlin<\/td>\n<td width=\"452\">Chercheuse principale et coordonnatrice de projet<\/td>\n<\/tr>\n<tr>\n<td>Chanelle Lajoie<\/td>\n<td width=\"452\">Soutien au plaidoyer<\/td>\n<\/tr>\n<tr>\n<td>Elizabeth Venczel<\/td>\n<td width=\"452\">Adjointe ex\u00e9cutive<\/td>\n<\/tr>\n<tr>\n<td>Jacqueline Omstead<\/td>\n<td width=\"452\">D\u00e9fenseure principale &#8211; \u00e9quipe de plaidoyer des Prairies<\/td>\n<\/tr>\n<tr>\n<td>Kelsey Timler<\/td>\n<td width=\"452\">Chercheuse postdoctorale &#8211; d\u00e9velopement du CRPOI<\/td>\n<\/tr>\n<tr>\n<td>Patrick Falle<\/td>\n<td width=\"452\">Coordinateur du CRPOI<\/td>\n<\/tr>\n<tr>\n<td>Shelby Thompson<\/td>\n<td width=\"452\">D\u00e9fenseure principale &#8211; \u00e9quipe de plaidoyer de l&rsquo;Atlantique<\/td>\n<\/tr>\n<tr>\n<td>Sheri Pranteau<\/td>\n<td width=\"452\">Projets sp\u00e9ciaux et services-conseils<\/td>\n<\/tr>\n<tr>\n<td>Tise Ogunley<\/td>\n<td width=\"452\">D\u00e9fenseure principale &#8211; \u00e9quipe de plaidoyer de l&rsquo;Ontario<\/td>\n<\/tr>\n<tr>\n<td><\/td>\n<td width=\"452\"><\/td>\n<\/tr>\n<\/tbody>\n<\/table>\n<p>&nbsp;<\/p>\n                                    <\/div>\n            <\/li>\n                    <li class=\"accordion-item\" data-accordion-item>\n                <a href=\"#membership\" class=\"accordion-title\">MEMBRES<\/a>\n                <div class=\"accordion-content\" data-tab-content id=\"membership\">\n                    <p>Notre membrariat est constitu\u00e9 de 22 soci\u00e9t\u00e9s locales. Ces soci\u00e9t\u00e9s locales sont situ\u00e9es partout sur le territoire connu sous le nom de Canada et offrent des services essentiels de premi\u00e8re ligne \u00e0 leurs communaut\u00e9s respectives. Chaque organisme est autogouvern\u00e9, avec son propre conseil d\u2019administration, sa directrice g\u00e9n\u00e9rale, son personnel et son \u00e9quipe de b\u00e9n\u00e9voles. Comme nous gagnons en force et en efficacit\u00e9 en travaillant ensemble, les soci\u00e9t\u00e9s locales collaborent sur les enjeux cl\u00e9s, sur les bonnes pratiques et sur les propositions de financement. Les soci\u00e9t\u00e9s locales deviennent membres de l\u2019ACSEF apr\u00e8s un processus rigoureux de demande d\u2019adh\u00e9sion et conservent leur statut de membre par leur engagement, leurs rapports et leurs cotisations annuelles.<\/p>\n<p><a href=\"https:\/\/caefs.ca\/fr\/our-local-member-societies\/\">Cliquez ici pour trouver votre Soci\u00e9t\u00e9 Elizabeth Fry locale.<\/a><\/p>\n                                    <\/div>\n            <\/li>\n                    <li class=\"accordion-item\" data-accordion-item>\n                <a href=\"#regional-advocate\" class=\"accordion-title\">\u00c9QUIPES R\u00c9GIONALES DE D\u00c9FENSE DES DROITS<\/a>\n                <div class=\"accordion-content\" data-tab-content id=\"regional-advocate\">\n                    <p>Les 5\u00a0\u00e9quipes r\u00e9gionales de d\u00e9fense des droits de l\u2019ACSEF surveillent les conditions de d\u00e9tention dans les 6\u00a0p\u00e9nitenciers f\u00e9d\u00e9raux dits pour femmes et dans les 2\u00a0centres de soins psychiatriques r\u00e9gionaux. Elles font de la d\u00e9fense des droits aux c\u00f4t\u00e9s des personnes qui y sont incarc\u00e9r\u00e9es.<\/p>\n<table>\n<tbody>\n<tr>\n<td width=\"207\"><strong>\u00c9quipe r\u00e9gionale<\/strong><\/td>\n<td width=\"207\"><strong>P\u00e9nitencier f\u00e9d\u00e9ral<\/strong><\/td>\n<td width=\"207\"><strong>Centre de soins psychiatriques<\/strong><\/td>\n<\/tr>\n<tr>\n<td width=\"207\">Atlantique<\/td>\n<td width=\"207\"><a href=\"https:\/\/www.csc-scc.gc.ca\/institutions\/001002-1003-fr.shtml\" target=\"_blank\" rel=\"noopener\">\u00c9tablissement Nova pour femmes<\/a><\/td>\n<td width=\"207\">Aucun<\/td>\n<\/tr>\n<tr>\n<td width=\"207\">Qu\u00e9bec<\/td>\n<td width=\"207\"><a href=\"https:\/\/www.csc-scc.gc.ca\/institutions\/001002-2006-fr.shtml\" target=\"_blank\" rel=\"noopener\">\u00c9tablissement Joliette pour femmes<\/a><\/td>\n<td width=\"207\"><a href=\"https:\/\/pinel.qc.ca\/\" target=\"_blank\" rel=\"noopener\">Institut national de psychiatrie l\u00e9gale Philippe-Pinel<\/a><\/td>\n<\/tr>\n<tr>\n<td width=\"207\">Ontario<\/td>\n<td width=\"207\"><a href=\"https:\/\/www.csc-scc.gc.ca\/institutions\/001002-3006-fr.shtml\" target=\"_blank\" rel=\"noopener\">\u00c9tablissement pour femmes Grand Valley<\/a><\/td>\n<td width=\"207\">Aucun<\/td>\n<\/tr>\n<tr>\n<td width=\"207\">Prairies<\/td>\n<td width=\"207\"><a href=\"https:\/\/www.csc-scc.gc.ca\/institutions\/001002-4004-fr.shtml\" target=\"_blank\" rel=\"noopener\">\u00c9tablissement d\u2019Edmonton pour femmes<\/a>\u00a0et\u00a0<a href=\"https:\/\/www.csc-scc.gc.ca\/institutions\/001002-4007-fr.shtml\" target=\"_blank\" rel=\"noopener\">Pavillon de ressourcement Okimaw Ohci<\/a><\/td>\n<td width=\"207\"><a href=\"https:\/\/www.canada.ca\/fr\/commission-liberations-conditionnelles\/organisation\/publications-et-formulaires\/etablissements-federales\/region-prairies\/centre-psychiatrique-regional.html\" target=\"_blank\" rel=\"noopener\">Centre psychiatrique r\u00e9gional<\/a><\/td>\n<\/tr>\n<tr>\n<td width=\"207\">Pacifique<\/td>\n<td width=\"207\"><a href=\"https:\/\/www.csc-scc.gc.ca\/institutions\/001002-5001-fr.shtml\" target=\"_blank\" rel=\"noopener\">\u00c9tablissement de la vall\u00e9e du Fraser<\/a><\/td>\n<td width=\"207\">Aucun<\/td>\n<\/tr>\n<\/tbody>\n<\/table>\n<p>Les \u00e9quipes r\u00e9gionales de d\u00e9fense des droits sont form\u00e9es par l\u2019ACSEF et travaillent sous sa supervision. Elles sont constitu\u00e9es de membres du personnel et de la gouvernance des Soci\u00e9t\u00e9s Elizabeth Fry locales et de b\u00e9n\u00e9voles issu(e)s de la communaut\u00e9. Ces \u00e9quipes font partie int\u00e9grante de notre travail de d\u00e9fense des droits, \u00e0 propos duquel vous trouverez\u00a0<a href=\"https:\/\/caefs.ca\/fr\/our-pillars-of-work\/\">plus d\u2019information ici<\/a>.<\/p>\n<p><a href=\"https:\/\/caefs.ca\/wp-content\/uploads\/2021\/10\/2021-06-01-RPT-Annual-Report-2020-2021.pdf\" target=\"_blank\" rel=\"noopener\">Lisez notre rapport annuel 2020-2021 (bilingue) pour voir la liste de nos d\u00e9fenseurs et d\u00e9fenseuses r\u00e9gionales des droits<\/a>.<\/p>\n                                    <\/div>\n            <\/li>\n                    <li class=\"accordion-item\" data-accordion-item>\n                <a href=\"#regional-councils\" class=\"accordion-title\">CONSEILS R\u00c9GIONAUX<\/a>\n                <div class=\"accordion-content\" data-tab-content id=\"regional-councils\">\n                    <p>Certaines Soci\u00e9t\u00e9s locales membres se sont organis\u00e9es en conseils r\u00e9gionaux. Le mandat de chaque conseil diff\u00e8re, mais ces conseils visent g\u00e9n\u00e9ralement \u00e0 repr\u00e9senter leurs membres locaux et \u00e0 se faire leur porte-parole pour parler des enjeux qui touchent leurs communaut\u00e9s, au niveau provincial et r\u00e9gional.<\/p>\n<p><a href=\"https:\/\/www.cefso.ca\/\" target=\"_blank\" rel=\"noopener\">Conseil des Soci\u00e9t\u00e9s Elizabeth Fry de l\u2019Ontario (CEFSO)<\/a><\/p>\n<p>Soci\u00e9t\u00e9s Elizabeth Fry de l\u2019Alberta, de la Saskatchewan et du Manitoba (ASMEFS)<\/p>\n<p>Soci\u00e9t\u00e9s Elizabeth Fry de la r\u00e9gion pacifique (PREFS)<\/p>\n                                    <\/div>\n            <\/li>\n                    <li class=\"accordion-item\" data-accordion-item>\n                <a href=\"#block_25b0677ee4c9dd9f25dd6cd0f8e9859f-4\" class=\"accordion-title\">CONSEIL D\u2019ADMINISTRATION<\/a>\n                <div class=\"accordion-content\" data-tab-content id=\"block_25b0677ee4c9dd9f25dd6cd0f8e9859f-4\">\n                    <table width=\"519\">\n<tbody>\n<tr>\n<td width=\"173\">Nom<\/td>\n<td width=\"173\">Poste<\/td>\n<td width=\"173\">R\u00e9gion<\/td>\n<\/tr>\n<tr>\n<td>Aleksandra Zajko<\/td>\n<td>Membre du conseil<\/td>\n<td>Qu\u00e9bec<\/td>\n<\/tr>\n<tr>\n<td>Alison Aho<\/td>\n<td>Secr\u00e9taire<\/td>\n<td>Atlantique<\/td>\n<\/tr>\n<tr>\n<td>Chantal Banman<\/td>\n<td>Membre du conseil<\/td>\n<td>Pacifique<\/td>\n<\/tr>\n<tr>\n<td>Cory Roslyn<\/td>\n<td>Pr\u00e9sidente sortant<\/td>\n<td>Ontario<\/td>\n<\/tr>\n<tr>\n<td>Debbie Carriere Robinson<\/td>\n<td>Membre du conseil<\/td>\n<td>Ontario<\/td>\n<\/tr>\n<tr>\n<td>Diane Bergeron<\/td>\n<td>Membre du conseil<\/td>\n<td>Qu\u00e9bec<\/td>\n<\/tr>\n<tr>\n<td>Jennifer Murphy<\/td>\n<td>Membre du conseil<\/td>\n<td>Pacifique<\/td>\n<\/tr>\n<tr>\n<td>Kassandra Churcher<\/td>\n<td>Tr\u00e9sori\u00e8re<\/td>\n<td>Qu\u00e9bec<\/td>\n<\/tr>\n<tr>\n<td>Kelly Potvin<\/td>\n<td>Pr\u00e9sidente<\/td>\n<td>Ontario<\/td>\n<\/tr>\n<tr>\n<td>Kelly Redmond<\/td>\n<td>Membre du conseil<\/td>\n<td>Ontario<\/td>\n<\/tr>\n<tr>\n<td>Megan Rutherford<\/td>\n<td>Membre du conseil<\/td>\n<td>Atlantique<\/td>\n<\/tr>\n<tr>\n<td>Micki Materi<\/td>\n<td>Membre du conseil<\/td>\n<td>Pacifique<\/td>\n<\/tr>\n<tr>\n<td>Nancy Martel<\/td>\n<td>Membre du conseil<\/td>\n<td>Atlantique<\/td>\n<\/tr>\n<\/tbody>\n<\/table>\n                                    <\/div>\n            <\/li>\n            <\/ul>\n<\/div>\n\n\n\n<div style=\"height:100px\" aria-hidden=\"true\" class=\"wp-block-spacer\"><\/div>\n","protected":false},"excerpt":{"rendered":"","protected":false},"author":2,"featured_media":0,"parent":4340,"menu_order":0,"comment_status":"closed","ping_status":"closed","template":"page-banner.php","meta":{"_acf_changed":false,"om_disable_all_campaigns":false,"_monsterinsights_skip_tracking":false,"_monsterinsights_sitenote_active":false,"_monsterinsights_sitenote_note":"","_monsterinsights_sitenote_category":0,"footnotes":""},"category":[],"class_list":["post-2437","page","type-page","status-publish","hentry"],"acf":[],"aioseo_notices":[],"yoast_head":"<!-- This site is optimized with the Yoast SEO plugin v27.2 - https:\/\/yoast.com\/product\/yoast-seo-wordpress\/ -->\n<title>Notre r\u00e9seau - ACSEF<\/title>\n<meta name=\"robots\" content=\"index, follow, max-snippet:-1, max-image-preview:large, max-video-preview:-1\" \/>\n<link rel=\"canonical\" href=\"https:\/\/caefs.ca\/fr\/qui-sommes-nous\/our-network\/\" \/>\n<meta property=\"og:locale\" content=\"fr_FR\" \/>\n<meta property=\"og:type\" content=\"article\" \/>\n<meta property=\"og:title\" content=\"Notre r\u00e9seau - ACSEF\" \/>\n<meta property=\"og:url\" content=\"https:\/\/caefs.ca\/fr\/qui-sommes-nous\/our-network\/\" \/>\n<meta property=\"og:site_name\" content=\"ACSEF\" \/>\n<meta property=\"article:modified_time\" content=\"2026-03-24T14:06:28+00:00\" \/>\n<meta name=\"twitter:card\" content=\"summary_large_image\" \/>\n<script type=\"application\/ld+json\" class=\"yoast-schema-graph\">{\"@context\":\"https:\/\/schema.org\",\"@graph\":[{\"@type\":\"WebPage\",\"@id\":\"https:\/\/caefs.ca\/fr\/qui-sommes-nous\/our-network\/\",\"url\":\"https:\/\/caefs.ca\/fr\/qui-sommes-nous\/our-network\/\",\"name\":\"Notre r\u00e9seau - ACSEF\",\"isPartOf\":{\"@id\":\"https:\/\/caefs.ca\/fr\/#website\"},\"datePublished\":\"2021-09-17T19:36:10+00:00\",\"dateModified\":\"2026-03-24T14:06:28+00:00\",\"breadcrumb\":{\"@id\":\"https:\/\/caefs.ca\/fr\/qui-sommes-nous\/our-network\/#breadcrumb\"},\"inLanguage\":\"fr-FR\",\"potentialAction\":[{\"@type\":\"ReadAction\",\"target\":[\"https:\/\/caefs.ca\/fr\/qui-sommes-nous\/our-network\/\"]}]},{\"@type\":\"BreadcrumbList\",\"@id\":\"https:\/\/caefs.ca\/fr\/qui-sommes-nous\/our-network\/#breadcrumb\",\"itemListElement\":[{\"@type\":\"ListItem\",\"position\":1,\"name\":\"Accueil\",\"item\":\"https:\/\/caefs.ca\/fr\/\"},{\"@type\":\"ListItem\",\"position\":2,\"name\":\"Qui sommes-nous?\",\"item\":\"https:\/\/caefs.ca\/fr\/qui-sommes-nous\/\"},{\"@type\":\"ListItem\",\"position\":3,\"name\":\"Notre r\u00e9seau\"}]},{\"@type\":\"WebSite\",\"@id\":\"https:\/\/caefs.ca\/fr\/#website\",\"url\":\"https:\/\/caefs.ca\/fr\/\",\"name\":\"ACSEF\",\"description\":\"Just another WordPress site\",\"potentialAction\":[{\"@type\":\"SearchAction\",\"target\":{\"@type\":\"EntryPoint\",\"urlTemplate\":\"https:\/\/caefs.ca\/fr\/?s={search_term_string}\"},\"query-input\":{\"@type\":\"PropertyValueSpecification\",\"valueRequired\":true,\"valueName\":\"search_term_string\"}}],\"inLanguage\":\"fr-FR\"}]}<\/script>\n<!-- \/ Yoast SEO plugin. -->","yoast_head_json":{"title":"Notre r\u00e9seau - ACSEF","robots":{"index":"index","follow":"follow","max-snippet":"max-snippet:-1","max-image-preview":"max-image-preview:large","max-video-preview":"max-video-preview:-1"},"canonical":"https:\/\/caefs.ca\/fr\/qui-sommes-nous\/our-network\/","og_locale":"fr_FR","og_type":"article","og_title":"Notre r\u00e9seau - ACSEF","og_url":"https:\/\/caefs.ca\/fr\/qui-sommes-nous\/our-network\/","og_site_name":"ACSEF","article_modified_time":"2026-03-24T14:06:28+00:00","twitter_card":"summary_large_image","schema":{"@context":"https:\/\/schema.org","@graph":[{"@type":"WebPage","@id":"https:\/\/caefs.ca\/fr\/qui-sommes-nous\/our-network\/","url":"https:\/\/caefs.ca\/fr\/qui-sommes-nous\/our-network\/","name":"Notre r\u00e9seau - ACSEF","isPartOf":{"@id":"https:\/\/caefs.ca\/fr\/#website"},"datePublished":"2021-09-17T19:36:10+00:00","dateModified":"2026-03-24T14:06:28+00:00","breadcrumb":{"@id":"https:\/\/caefs.ca\/fr\/qui-sommes-nous\/our-network\/#breadcrumb"},"inLanguage":"fr-FR","potentialAction":[{"@type":"ReadAction","target":["https:\/\/caefs.ca\/fr\/qui-sommes-nous\/our-network\/"]}]},{"@type":"BreadcrumbList","@id":"https:\/\/caefs.ca\/fr\/qui-sommes-nous\/our-network\/#breadcrumb","itemListElement":[{"@type":"ListItem","position":1,"name":"Accueil","item":"https:\/\/caefs.ca\/fr\/"},{"@type":"ListItem","position":2,"name":"Qui sommes-nous?","item":"https:\/\/caefs.ca\/fr\/qui-sommes-nous\/"},{"@type":"ListItem","position":3,"name":"Notre r\u00e9seau"}]},{"@type":"WebSite","@id":"https:\/\/caefs.ca\/fr\/#website","url":"https:\/\/caefs.ca\/fr\/","name":"ACSEF","description":"Just another WordPress site","potentialAction":[{"@type":"SearchAction","target":{"@type":"EntryPoint","urlTemplate":"https:\/\/caefs.ca\/fr\/?s={search_term_string}"},"query-input":{"@type":"PropertyValueSpecification","valueRequired":true,"valueName":"search_term_string"}}],"inLanguage":"fr-FR"}]}},"_links":{"self":[{"href":"https:\/\/caefs.ca\/fr\/wp-json\/wp\/v2\/pages\/2437","targetHints":{"allow":["GET"]}}],"collection":[{"href":"https:\/\/caefs.ca\/fr\/wp-json\/wp\/v2\/pages"}],"about":[{"href":"https:\/\/caefs.ca\/fr\/wp-json\/wp\/v2\/types\/page"}],"author":[{"embeddable":true,"href":"https:\/\/caefs.ca\/fr\/wp-json\/wp\/v2\/users\/2"}],"replies":[{"embeddable":true,"href":"https:\/\/caefs.ca\/fr\/wp-json\/wp\/v2\/comments?post=2437"}],"version-history":[{"count":78,"href":"https:\/\/caefs.ca\/fr\/wp-json\/wp\/v2\/pages\/2437\/revisions"}],"predecessor-version":[{"id":7868,"href":"https:\/\/caefs.ca\/fr\/wp-json\/wp\/v2\/pages\/2437\/revisions\/7868"}],"up":[{"embeddable":true,"href":"https:\/\/caefs.ca\/fr\/wp-json\/wp\/v2\/pages\/4340"}],"wp:attachment":[{"href":"https:\/\/caefs.ca\/fr\/wp-json\/wp\/v2\/media?parent=2437"}],"wp:term":[{"taxonomy":"category","embeddable":true,"href":"https:\/\/caefs.ca\/fr\/wp-json\/wp\/v2\/category?post=2437"}],"curies":[{"name":"wp","href":"https:\/\/api.w.org\/{rel}","templated":true}]}}