{"id":2438,"date":"2021-07-19T18:07:30","date_gmt":"2021-07-19T22:07:30","guid":{"rendered":"https:\/\/caefs.ca\/privacy-policy\/"},"modified":"2022-04-19T10:15:50","modified_gmt":"2022-04-19T14:15:50","slug":"privacy-policy","status":"publish","type":"page","link":"https:\/\/caefs.ca\/fr\/privacy-policy\/","title":{"rendered":"Politique de confidentialit\u00e9"},"content":{"rendered":"\n<h2 class=\"wp-block-heading\">Qui sommes-nous?<\/h2>\n\n\n\n<p>L\u2019adresse de notre site Web est : https:\/\/caefs.ca.<\/p>\n\n\n\n<h2 class=\"wp-block-heading\">Quelles donn\u00e9es personnelles collectons-nous et pourquoi?<\/h2>\n\n\n\n<h3 class=\"wp-block-heading\">Commentaires<\/h3>\n\n\n\n<p>Lorsque des internautes laissent des commentaires sur le site, nous collectons les donn\u00e9es affich\u00e9es dans le formulaire de commentaires, ainsi que l\u2019adresse IP de l\u2019internaute et la cha\u00eene d\u2019agent utilisateur pour faciliter la d\u00e9tection de spam.<\/p>\n\n\n\n<p>Une cha\u00eene \u00ab anonymis\u00e9e \u00bb cr\u00e9\u00e9e \u00e0 partir de votre adresse courriel (\u00e9galement appel\u00e9e hachage) peut \u00eatre fournie au service Gravatar pour voir si vous l\u2019utilisez. La politique de confidentialit\u00e9 du service Gravatar est disponible ici : https:\/\/automattic.com\/privacy\/ (en anglais). Apr\u00e8s validation de votre commentaire, votre photo de profil est visible publiquement \u00e0 c\u00f4t\u00e9 de votre commentaire.<\/p>\n\n\n\n<h3 class=\"wp-block-heading\">Images<\/h3>\n\n\n\n<p>Si vous t\u00e9l\u00e9versez des images sur notre site Web, \u00e9vitez de t\u00e9l\u00e9versez des images avec des donn\u00e9es de localisation int\u00e9gr\u00e9es (EXIF GPS). Les internautes peuvent t\u00e9l\u00e9charger et extraire toutes les donn\u00e9es de localisation des images contenues sur notre site Web.<\/p>\n\n\n\n<h3 class=\"wp-block-heading\">Formulaire de contact<\/h3>\n\n\n\n<h3 class=\"wp-block-heading\">T\u00e9moins<\/h3>\n\n\n\n<p>Si vous laissez un commentaire sur notre site, vous pouvez choisir d\u2019enregistrer votre nom, votre adresse courriel et votre site Web dans les t\u00e9moins. Ces donn\u00e9es sont uniquement enregistr\u00e9es pour faciliter votre prochaine visite, afin que vous n\u2019ayez pas \u00e0 ressaisir vos renseignements lorsque vous laisserez un autre commentaire. Ces t\u00e9moins durent un an.<\/p>\n\n\n\n<p>Si vous vous rendez sur notre page de connexion, nous d\u00e9finirons un t\u00e9moin temporaire pour d\u00e9terminer si votre navigateur accepte les t\u00e9moins. Ce t\u00e9moin ne contient aucune donn\u00e9e personnelle et est supprim\u00e9 lorsque vous fermez votre navigateur.<\/p>\n\n\n\n<p>Quand vous vous connectez, nous installons \u00e9galement plusieurs t\u00e9moins pour enregistrer vos informations de connexion et vos choix d&rsquo;affichage. Les t\u00e9moins de connexion durent deux jours et les t\u00e9moins de choix d\u2019affichage durent un an. Si vous s\u00e9lectionnez \u00ab&nbsp;Se souvenir de moi&nbsp;\u00bb, votre connexion dure deux semaines. Si vous vous d\u00e9connectez de votre compte, les t\u00e9moins de connexion sont supprim\u00e9s.<\/p>\n\n\n\n<p>Si vous modifiez ou publiez un article, un t\u00e9moin suppl\u00e9mentaire est enregistr\u00e9 dans votre navigateur. Ce t\u00e9moin ne contient aucune donn\u00e9e personnelle et indique simplement quel article que vous venez de modifier. Il expire apr\u00e8s 1 jour.<\/p>\n\n\n\n<h3 class=\"wp-block-heading\">Contenus provenant d\u2019autres sites Web<\/h3>\n\n\n\n<p>Les articles de ce site peuvent comprendre des contenus int\u00e9gr\u00e9s (par exemple des vid\u00e9os, des images, des articles, etc.). Les contenus int\u00e9gr\u00e9s provenant d\u2019autres sites Web se comportent exactement de la m\u00eame mani\u00e8re que si l\u2019internaute avait visit\u00e9 ces autres sites.<\/p>\n\n\n\n<p>En effet, ces autres sites peuvent collecter des donn\u00e9es vous concernant, utiliser des t\u00e9moins, int\u00e9grer un suivi suppl\u00e9mentaire de tiers et surveiller votre interaction avec ces contenus int\u00e9gr\u00e9s, notamment si vous avez un compte et \u00eates connect\u00e9(e) \u00e0 ces autres sites Web.<\/p>\n\n\n\n<h3 class=\"wp-block-heading\">Analyse des donn\u00e9es<\/h3>\n\n\n\n<h2 class=\"wp-block-heading\">\u00c0 qui communiquons-nous vos donn\u00e9es?<\/h2>\n\n\n\n<h2 class=\"wp-block-heading\">Combien de temps les conservons-nous?<\/h2>\n\n\n\n<p>Si vous laissez un commentaire, le commentaire et ses m\u00e9tadonn\u00e9es sont conserv\u00e9s ind\u00e9finiment. C\u2019est ainsi que nous pouvons reconna\u00eetre et approuver automatiquement tous vos commentaires de suivi au lieu de les garder dans une file d\u2019attente.<\/p>\n\n\n\n<p>Pour les internautes qui se connectent \u00e0 notre site Web (le cas \u00e9ch\u00e9ant), nous stockons \u00e9galement les informations personnelles qu\u2019ils fournissent dans leur profil d\u2019utilisateur. Tous les internautes peuvent voir, modifier ou supprimer leurs informations personnelles \u00e0 tout moment (\u00e0 l\u2019exception de leur nom d\u2019utilisateur). Les administrateurs du site peuvent \u00e9galement voir et modifier ces informations.<\/p>\n\n\n\n<h2 class=\"wp-block-heading\">Quels droits avez-vous sur vos donn\u00e9es?<\/h2>\n\n\n\n<p>Si vous avez un compte sur ce site ou y avez laiss\u00e9 des commentaires, vous pouvez demander \u00e0 recevoir un fichier export\u00e9 de vos donn\u00e9es personnelles, o\u00f9 se trouvent toutes les donn\u00e9es que vous nous avez fournies. Vous pouvez \u00e9galement demander que nous effacions toutes les donn\u00e9es personnelles que nous d\u00e9tenons \u00e0 votre sujet. Cela ne comprend cependant pas les donn\u00e9es que nous sommes oblig\u00e9s de conserver \u00e0 des fins administratives, juridiques ou de s\u00e9curit\u00e9.<\/p>\n\n\n\n<h2 class=\"wp-block-heading\">O\u00f9 envoyons-nous vos donn\u00e9es?<\/h2>\n\n\n\n<p>Les commentaires des internautes peuvent \u00eatre v\u00e9rifi\u00e9s gr\u00e2ce \u00e0 un service automatis\u00e9 de d\u00e9tection de spam.<\/p>\n\n\n\n<h2 class=\"wp-block-heading\">Vos coordonn\u00e9es<\/h2>\n\n\n\n<h2 class=\"wp-block-heading\">Renseignements suppl\u00e9mentaires<\/h2>\n\n\n\n<h3 class=\"wp-block-heading\">Comment prot\u00e9geons-nous vos donn\u00e9es?<\/h3>\n\n\n\n<h3 class=\"wp-block-heading\">Quelles proc\u00e9dures avons-nous mises en place en cas de vol de donn\u00e9es?<\/h3>\n\n\n\n<h3 class=\"wp-block-heading\">De quels tiers recevons-nous des donn\u00e9es?<\/h3>\n\n\n\n<h3 class=\"wp-block-heading\">Quelle prise de d\u00e9cision automatis\u00e9e et\/ou profilage faisons-nous avec les donn\u00e9es des internautes?<\/h3>\n\n\n\n<h3 class=\"wp-block-heading\">Exigences r\u00e9glementaires en mati\u00e8re de divulgation des organismes<\/h3>\n","protected":false},"excerpt":{"rendered":"<p>Qui sommes-nous? L\u2019adresse de notre site Web est : https:\/\/caefs.ca. Quelles donn\u00e9es personnelles collectons-nous et pourquoi? Commentaires Lorsque des internautes laissent des commentaires sur le site, nous collectons les donn\u00e9es [&hellip;]<\/p>\n","protected":false},"author":1,"featured_media":0,"parent":0,"menu_order":0,"comment_status":"closed","ping_status":"closed","template":"page-inner.php","meta":{"_acf_changed":false,"om_disable_all_campaigns":false,"_monsterinsights_skip_tracking":false,"_monsterinsights_sitenote_active":false,"_monsterinsights_sitenote_note":"","_monsterinsights_sitenote_category":0,"footnotes":""},"category":[],"class_list":["post-2438","page","type-page","status-publish","hentry"],"acf":[],"aioseo_notices":[],"yoast_head":"<!-- This site is optimized with the Yoast SEO plugin v27.4 - https:\/\/yoast.com\/product\/yoast-seo-wordpress\/ -->\n<title>Politique de confidentialit\u00e9 - ACSEF<\/title>\n<meta name=\"robots\" content=\"index, follow, max-snippet:-1, max-image-preview:large, max-video-preview:-1\" \/>\n<link rel=\"canonical\" href=\"https:\/\/caefs.ca\/fr\/privacy-policy\/\" \/>\n<meta property=\"og:locale\" content=\"fr_FR\" \/>\n<meta property=\"og:type\" content=\"article\" \/>\n<meta property=\"og:title\" content=\"Politique de confidentialit\u00e9 - ACSEF\" \/>\n<meta property=\"og:description\" content=\"Qui sommes-nous? L\u2019adresse de notre site Web est : https:\/\/caefs.ca. Quelles donn\u00e9es personnelles collectons-nous et pourquoi? Commentaires Lorsque des internautes laissent des commentaires sur le site, nous collectons les donn\u00e9es [&hellip;]\" \/>\n<meta property=\"og:url\" content=\"https:\/\/caefs.ca\/fr\/privacy-policy\/\" \/>\n<meta property=\"og:site_name\" content=\"ACSEF\" \/>\n<meta property=\"article:modified_time\" content=\"2022-04-19T14:15:50+00:00\" \/>\n<meta name=\"twitter:card\" content=\"summary_large_image\" \/>\n<meta name=\"twitter:label1\" content=\"Dur\u00e9e de lecture estim\u00e9e\" \/>\n\t<meta name=\"twitter:data1\" content=\"3 minutes\" \/>\n<script type=\"application\/ld+json\" class=\"yoast-schema-graph\">{\"@context\":\"https:\\\/\\\/schema.org\",\"@graph\":[{\"@type\":\"WebPage\",\"@id\":\"https:\\\/\\\/caefs.ca\\\/fr\\\/privacy-policy\\\/\",\"url\":\"https:\\\/\\\/caefs.ca\\\/fr\\\/privacy-policy\\\/\",\"name\":\"Politique de confidentialit\u00e9 - ACSEF\",\"isPartOf\":{\"@id\":\"https:\\\/\\\/caefs.ca\\\/fr\\\/#website\"},\"datePublished\":\"2021-07-19T22:07:30+00:00\",\"dateModified\":\"2022-04-19T14:15:50+00:00\",\"breadcrumb\":{\"@id\":\"https:\\\/\\\/caefs.ca\\\/fr\\\/privacy-policy\\\/#breadcrumb\"},\"inLanguage\":\"fr-FR\",\"potentialAction\":[{\"@type\":\"ReadAction\",\"target\":[\"https:\\\/\\\/caefs.ca\\\/fr\\\/privacy-policy\\\/\"]}]},{\"@type\":\"BreadcrumbList\",\"@id\":\"https:\\\/\\\/caefs.ca\\\/fr\\\/privacy-policy\\\/#breadcrumb\",\"itemListElement\":[{\"@type\":\"ListItem\",\"position\":1,\"name\":\"Accueil\",\"item\":\"https:\\\/\\\/caefs.ca\\\/fr\\\/\"},{\"@type\":\"ListItem\",\"position\":2,\"name\":\"Politique de confidentialit\u00e9\"}]},{\"@type\":\"WebSite\",\"@id\":\"https:\\\/\\\/caefs.ca\\\/fr\\\/#website\",\"url\":\"https:\\\/\\\/caefs.ca\\\/fr\\\/\",\"name\":\"ACSEF\",\"description\":\"Just another WordPress site\",\"potentialAction\":[{\"@type\":\"SearchAction\",\"target\":{\"@type\":\"EntryPoint\",\"urlTemplate\":\"https:\\\/\\\/caefs.ca\\\/fr\\\/?s={search_term_string}\"},\"query-input\":{\"@type\":\"PropertyValueSpecification\",\"valueRequired\":true,\"valueName\":\"search_term_string\"}}],\"inLanguage\":\"fr-FR\"}]}<\/script>\n<!-- \/ Yoast SEO plugin. -->","yoast_head_json":{"title":"Politique de confidentialit\u00e9 - ACSEF","robots":{"index":"index","follow":"follow","max-snippet":"max-snippet:-1","max-image-preview":"max-image-preview:large","max-video-preview":"max-video-preview:-1"},"canonical":"https:\/\/caefs.ca\/fr\/privacy-policy\/","og_locale":"fr_FR","og_type":"article","og_title":"Politique de confidentialit\u00e9 - ACSEF","og_description":"Qui sommes-nous? L\u2019adresse de notre site Web est : https:\/\/caefs.ca. Quelles donn\u00e9es personnelles collectons-nous et pourquoi? Commentaires Lorsque des internautes laissent des commentaires sur le site, nous collectons les donn\u00e9es [&hellip;]","og_url":"https:\/\/caefs.ca\/fr\/privacy-policy\/","og_site_name":"ACSEF","article_modified_time":"2022-04-19T14:15:50+00:00","twitter_card":"summary_large_image","twitter_misc":{"Dur\u00e9e de lecture estim\u00e9e":"3 minutes"},"schema":{"@context":"https:\/\/schema.org","@graph":[{"@type":"WebPage","@id":"https:\/\/caefs.ca\/fr\/privacy-policy\/","url":"https:\/\/caefs.ca\/fr\/privacy-policy\/","name":"Politique de confidentialit\u00e9 - ACSEF","isPartOf":{"@id":"https:\/\/caefs.ca\/fr\/#website"},"datePublished":"2021-07-19T22:07:30+00:00","dateModified":"2022-04-19T14:15:50+00:00","breadcrumb":{"@id":"https:\/\/caefs.ca\/fr\/privacy-policy\/#breadcrumb"},"inLanguage":"fr-FR","potentialAction":[{"@type":"ReadAction","target":["https:\/\/caefs.ca\/fr\/privacy-policy\/"]}]},{"@type":"BreadcrumbList","@id":"https:\/\/caefs.ca\/fr\/privacy-policy\/#breadcrumb","itemListElement":[{"@type":"ListItem","position":1,"name":"Accueil","item":"https:\/\/caefs.ca\/fr\/"},{"@type":"ListItem","position":2,"name":"Politique de confidentialit\u00e9"}]},{"@type":"WebSite","@id":"https:\/\/caefs.ca\/fr\/#website","url":"https:\/\/caefs.ca\/fr\/","name":"ACSEF","description":"Just another WordPress site","potentialAction":[{"@type":"SearchAction","target":{"@type":"EntryPoint","urlTemplate":"https:\/\/caefs.ca\/fr\/?s={search_term_string}"},"query-input":{"@type":"PropertyValueSpecification","valueRequired":true,"valueName":"search_term_string"}}],"inLanguage":"fr-FR"}]}},"_links":{"self":[{"href":"https:\/\/caefs.ca\/fr\/wp-json\/wp\/v2\/pages\/2438","targetHints":{"allow":["GET"]}}],"collection":[{"href":"https:\/\/caefs.ca\/fr\/wp-json\/wp\/v2\/pages"}],"about":[{"href":"https:\/\/caefs.ca\/fr\/wp-json\/wp\/v2\/types\/page"}],"author":[{"embeddable":true,"href":"https:\/\/caefs.ca\/fr\/wp-json\/wp\/v2\/users\/1"}],"replies":[{"embeddable":true,"href":"https:\/\/caefs.ca\/fr\/wp-json\/wp\/v2\/comments?post=2438"}],"version-history":[{"count":3,"href":"https:\/\/caefs.ca\/fr\/wp-json\/wp\/v2\/pages\/2438\/revisions"}],"predecessor-version":[{"id":3785,"href":"https:\/\/caefs.ca\/fr\/wp-json\/wp\/v2\/pages\/2438\/revisions\/3785"}],"wp:attachment":[{"href":"https:\/\/caefs.ca\/fr\/wp-json\/wp\/v2\/media?parent=2438"}],"wp:term":[{"taxonomy":"category","embeddable":true,"href":"https:\/\/caefs.ca\/fr\/wp-json\/wp\/v2\/category?post=2438"}],"curies":[{"name":"wp","href":"https:\/\/api.w.org\/{rel}","templated":true}]}}