{"id":2441,"date":"2021-08-31T19:07:55","date_gmt":"2021-08-31T23:07:55","guid":{"rendered":"https:\/\/caefs.ca\/land-acknowledgement\/"},"modified":"2022-04-22T08:27:35","modified_gmt":"2022-04-22T12:27:35","slug":"land-acknowledgement","status":"publish","type":"page","link":"https:\/\/caefs.ca\/fr\/land-acknowledgement\/","title":{"rendered":"Reconnaissance territoriale"},"content":{"rendered":"<div data-magellan-target=\"custom-heading-block_612eb66958e2f\" id=\"custom-heading-block_612eb66958e2f\" class=\"custom-heading with-border \">\n    <div class=\"row\">\n        <div class=\"medium-12 column\">\n                <h1>Reconnaissance territoriale<\/h1>\n        <\/div>\n    <\/div>\n<\/div>\n\n\n\n<p>Le bureau de l\u2019Association canadienne des Soci\u00e9t\u00e9s Elizabeth\u00a0Fry (ACSEF) se trouve sur le territoire traditionnel et non c\u00e9d\u00e9 de la nation algonquine, que beaucoup connaissent dans le contexte colonial sous le nom d\u2019Ottawa, en Ontario. Le territoire algonquin h\u00e9berge toujours de nombreux membres des Premi\u00e8res Nations, des Inuit et des M\u00e9tis de toute l\u2019\u00eele de la Tortue. Bien que notre bureau principal se trouve sur ce territoire, nous r\u00e9alisons notre travail dans le pays au complet et donc, sur les terres traditionnelles d\u2019un grand nombre de nations.<\/p>\n\n\n\n<p>Beaucoup de personnes travaillant dans le r\u00e9seau de l\u2019ACSEF sont des personnes blanches descendantes de colons europ\u00e9ens, certaines sont venues sur ce territoire en raison d\u2019autres histoires li\u00e9es au colonialisme et ancr\u00e9es dans l\u2019esclavage et les migrations forc\u00e9es, et plusieurs sont autochtones et originaires de l\u2019\u00cele de la Tortue. Tous les jours, nous nous effor\u00e7ons de reconna\u00eetre notre relation avec cette terre et avec le colonialisme, et de travailler \u00e0 la d\u00e9colonisation en solidarit\u00e9 avec les peuples autochtones \u2013 notamment en portant une attention critique aux fa\u00e7ons dont notre environnement de travail continue de reproduire des logiques coloniales.<\/p>\n\n\n\n<p>Le lien entre la colonisation et la criminalisation des peuples autochtones est irr\u00e9futable. Il a conduit \u00e0 une crise se traduisant par l\u2019incarc\u00e9ration excessive des femmes et des personnes de diverses identit\u00e9s de genre autochtones, ainsi qu\u2019\u00e0 des peines disproportionn\u00e9es \u00e0 leur \u00e9gard. Pour aller de l\u2019avant et mettre fin \u00e0 cette crise, il faut s\u2019attaquer \u00e0 ses causes profondes et mettre l\u2019autod\u00e9termination des peuples autochtones au centre des solutions. Nous nous joignons aux communaut\u00e9s autochtones pour demander au gouvernement canadien de mettre en \u0153uvre les appels \u00e0 l\u2019action de l\u2019<a href=\"https:\/\/www.mmiwg-ffada.ca\/fr\/final-report\/\" target=\"_blank\" rel=\"noreferrer noopener\">Enqu\u00eate nationale sur les femmes et les filles autochtones disparues et assassin\u00e9es (ENFFADA)<\/a>, de la <a href=\"https:\/\/www.bac-lac.gc.ca\/fra\/decouvrez\/patrimoine-autochtone\/commission-royale-peuples-autochtones\/Pages\/introduction.aspx\" target=\"_blank\" rel=\"noreferrer noopener\">Commission royale sur les peuples autochtones (CRPA)<\/a> et de la <a href=\"https:\/\/nctr.ca\/documents\/rapports\/?lang=fr#rapports-cvr\" target=\"_blank\" rel=\"noreferrer noopener\">Commission de v\u00e9rit\u00e9 et r\u00e9conciliation (CVR)<\/a>.<\/p>\n\n\n\n<div style=\"height:100px\" aria-hidden=\"true\" class=\"wp-block-spacer\"><\/div>\n","protected":false},"excerpt":{"rendered":"<p>Le bureau de l\u2019Association canadienne des Soci\u00e9t\u00e9s Elizabeth\u00a0Fry (ACSEF) se trouve sur le territoire traditionnel et non c\u00e9d\u00e9 de la nation algonquine, que beaucoup connaissent dans le contexte colonial sous [&hellip;]<\/p>\n","protected":false},"author":1,"featured_media":0,"parent":0,"menu_order":1,"comment_status":"closed","ping_status":"closed","template":"page-inner.php","meta":{"_acf_changed":false,"om_disable_all_campaigns":false,"_monsterinsights_skip_tracking":false,"_monsterinsights_sitenote_active":false,"_monsterinsights_sitenote_note":"","_monsterinsights_sitenote_category":0,"footnotes":""},"category":[],"class_list":["post-2441","page","type-page","status-publish","hentry"],"acf":[],"aioseo_notices":[],"yoast_head":"<!-- This site is optimized with the Yoast SEO plugin v27.2 - https:\/\/yoast.com\/product\/yoast-seo-wordpress\/ -->\n<title>Reconnaissance territoriale - ACSEF<\/title>\n<meta name=\"robots\" content=\"index, follow, max-snippet:-1, max-image-preview:large, max-video-preview:-1\" \/>\n<link rel=\"canonical\" href=\"https:\/\/caefs.ca\/fr\/land-acknowledgement\/\" \/>\n<meta property=\"og:locale\" content=\"fr_FR\" \/>\n<meta property=\"og:type\" content=\"article\" \/>\n<meta property=\"og:title\" content=\"Reconnaissance territoriale - ACSEF\" \/>\n<meta property=\"og:description\" content=\"Le bureau de l\u2019Association canadienne des Soci\u00e9t\u00e9s Elizabeth\u00a0Fry (ACSEF) se trouve sur le territoire traditionnel et non c\u00e9d\u00e9 de la nation algonquine, que beaucoup connaissent dans le contexte colonial sous [&hellip;]\" \/>\n<meta property=\"og:url\" content=\"https:\/\/caefs.ca\/fr\/land-acknowledgement\/\" \/>\n<meta property=\"og:site_name\" content=\"ACSEF\" \/>\n<meta property=\"article:modified_time\" content=\"2022-04-22T12:27:35+00:00\" \/>\n<meta name=\"twitter:card\" content=\"summary_large_image\" \/>\n<meta name=\"twitter:label1\" content=\"Dur\u00e9e de lecture estim\u00e9e\" \/>\n\t<meta name=\"twitter:data1\" content=\"2 minutes\" \/>\n<script type=\"application\/ld+json\" class=\"yoast-schema-graph\">{\"@context\":\"https:\/\/schema.org\",\"@graph\":[{\"@type\":\"WebPage\",\"@id\":\"https:\/\/caefs.ca\/fr\/land-acknowledgement\/\",\"url\":\"https:\/\/caefs.ca\/fr\/land-acknowledgement\/\",\"name\":\"Reconnaissance territoriale - ACSEF\",\"isPartOf\":{\"@id\":\"https:\/\/caefs.ca\/fr\/#website\"},\"datePublished\":\"2021-08-31T23:07:55+00:00\",\"dateModified\":\"2022-04-22T12:27:35+00:00\",\"breadcrumb\":{\"@id\":\"https:\/\/caefs.ca\/fr\/land-acknowledgement\/#breadcrumb\"},\"inLanguage\":\"fr-FR\",\"potentialAction\":[{\"@type\":\"ReadAction\",\"target\":[\"https:\/\/caefs.ca\/fr\/land-acknowledgement\/\"]}]},{\"@type\":\"BreadcrumbList\",\"@id\":\"https:\/\/caefs.ca\/fr\/land-acknowledgement\/#breadcrumb\",\"itemListElement\":[{\"@type\":\"ListItem\",\"position\":1,\"name\":\"Accueil\",\"item\":\"https:\/\/caefs.ca\/fr\/\"},{\"@type\":\"ListItem\",\"position\":2,\"name\":\"Reconnaissance territoriale\"}]},{\"@type\":\"WebSite\",\"@id\":\"https:\/\/caefs.ca\/fr\/#website\",\"url\":\"https:\/\/caefs.ca\/fr\/\",\"name\":\"ACSEF\",\"description\":\"Just another WordPress site\",\"potentialAction\":[{\"@type\":\"SearchAction\",\"target\":{\"@type\":\"EntryPoint\",\"urlTemplate\":\"https:\/\/caefs.ca\/fr\/?s={search_term_string}\"},\"query-input\":{\"@type\":\"PropertyValueSpecification\",\"valueRequired\":true,\"valueName\":\"search_term_string\"}}],\"inLanguage\":\"fr-FR\"}]}<\/script>\n<!-- \/ Yoast SEO plugin. -->","yoast_head_json":{"title":"Reconnaissance territoriale - ACSEF","robots":{"index":"index","follow":"follow","max-snippet":"max-snippet:-1","max-image-preview":"max-image-preview:large","max-video-preview":"max-video-preview:-1"},"canonical":"https:\/\/caefs.ca\/fr\/land-acknowledgement\/","og_locale":"fr_FR","og_type":"article","og_title":"Reconnaissance territoriale - ACSEF","og_description":"Le bureau de l\u2019Association canadienne des Soci\u00e9t\u00e9s Elizabeth\u00a0Fry (ACSEF) se trouve sur le territoire traditionnel et non c\u00e9d\u00e9 de la nation algonquine, que beaucoup connaissent dans le contexte colonial sous [&hellip;]","og_url":"https:\/\/caefs.ca\/fr\/land-acknowledgement\/","og_site_name":"ACSEF","article_modified_time":"2022-04-22T12:27:35+00:00","twitter_card":"summary_large_image","twitter_misc":{"Dur\u00e9e de lecture estim\u00e9e":"2 minutes"},"schema":{"@context":"https:\/\/schema.org","@graph":[{"@type":"WebPage","@id":"https:\/\/caefs.ca\/fr\/land-acknowledgement\/","url":"https:\/\/caefs.ca\/fr\/land-acknowledgement\/","name":"Reconnaissance territoriale - ACSEF","isPartOf":{"@id":"https:\/\/caefs.ca\/fr\/#website"},"datePublished":"2021-08-31T23:07:55+00:00","dateModified":"2022-04-22T12:27:35+00:00","breadcrumb":{"@id":"https:\/\/caefs.ca\/fr\/land-acknowledgement\/#breadcrumb"},"inLanguage":"fr-FR","potentialAction":[{"@type":"ReadAction","target":["https:\/\/caefs.ca\/fr\/land-acknowledgement\/"]}]},{"@type":"BreadcrumbList","@id":"https:\/\/caefs.ca\/fr\/land-acknowledgement\/#breadcrumb","itemListElement":[{"@type":"ListItem","position":1,"name":"Accueil","item":"https:\/\/caefs.ca\/fr\/"},{"@type":"ListItem","position":2,"name":"Reconnaissance territoriale"}]},{"@type":"WebSite","@id":"https:\/\/caefs.ca\/fr\/#website","url":"https:\/\/caefs.ca\/fr\/","name":"ACSEF","description":"Just another WordPress site","potentialAction":[{"@type":"SearchAction","target":{"@type":"EntryPoint","urlTemplate":"https:\/\/caefs.ca\/fr\/?s={search_term_string}"},"query-input":{"@type":"PropertyValueSpecification","valueRequired":true,"valueName":"search_term_string"}}],"inLanguage":"fr-FR"}]}},"_links":{"self":[{"href":"https:\/\/caefs.ca\/fr\/wp-json\/wp\/v2\/pages\/2441","targetHints":{"allow":["GET"]}}],"collection":[{"href":"https:\/\/caefs.ca\/fr\/wp-json\/wp\/v2\/pages"}],"about":[{"href":"https:\/\/caefs.ca\/fr\/wp-json\/wp\/v2\/types\/page"}],"author":[{"embeddable":true,"href":"https:\/\/caefs.ca\/fr\/wp-json\/wp\/v2\/users\/1"}],"replies":[{"embeddable":true,"href":"https:\/\/caefs.ca\/fr\/wp-json\/wp\/v2\/comments?post=2441"}],"version-history":[{"count":4,"href":"https:\/\/caefs.ca\/fr\/wp-json\/wp\/v2\/pages\/2441\/revisions"}],"predecessor-version":[{"id":4101,"href":"https:\/\/caefs.ca\/fr\/wp-json\/wp\/v2\/pages\/2441\/revisions\/4101"}],"wp:attachment":[{"href":"https:\/\/caefs.ca\/fr\/wp-json\/wp\/v2\/media?parent=2441"}],"wp:term":[{"taxonomy":"category","embeddable":true,"href":"https:\/\/caefs.ca\/fr\/wp-json\/wp\/v2\/category?post=2441"}],"curies":[{"name":"wp","href":"https:\/\/api.w.org\/{rel}","templated":true}]}}