{"id":2442,"date":"2021-08-07T11:57:50","date_gmt":"2021-08-07T15:57:50","guid":{"rendered":"https:\/\/caefs.ca\/work-with-us\/"},"modified":"2026-03-27T09:20:37","modified_gmt":"2026-03-27T13:20:37","slug":"travaillez-avec-nous","status":"publish","type":"page","link":"https:\/\/caefs.ca\/fr\/travaillez-avec-nous\/","title":{"rendered":"Travaillez avec nous"},"content":{"rendered":"<div data-magellan-target=\"work-with-us\" id=\"work-with-us\" class=\"custom-heading with-border \">\n    <div class=\"row\">\n        <div class=\"medium-12 column\">\n                <h1>Travaillez avec nous<\/h1>\n        <\/div>\n    <\/div>\n<\/div>\n\n\n\n<div style=\"height:30px\" aria-hidden=\"true\" class=\"wp-block-spacer\"><\/div>\n\n\n\n<p>Nous sommes une petite \u00e9quipe dynamique qui travaille \u00e0 distance de partout au Canada. Consultez la section ci-dessous pour voir comment travailler avec nous.&nbsp;<\/p>\n\n\n\n<div style=\"height:40px\" aria-hidden=\"true\" class=\"wp-block-spacer\"><\/div>\n\n\n\n<h2 class=\"wp-block-heading\">Offres d\u2019emploi<\/h2>\n\n\n\n<p>Il n&rsquo;y a actuellement aucune offre d&#8217;emploi disponible au sein de l&rsquo;ACSEF. Veuillez v\u00e9rifier \u00e0 nouveau plus tard !<\/p>\n\n\n\n<div style=\"height:50px\" aria-hidden=\"true\" class=\"wp-block-spacer\"><\/div>\n\n\n\n<h2 class=\"wp-block-heading\">Offres de b\u00e9n\u00e9volat<\/h2>\n\n\n\n<p>Merci de votre int\u00e9r\u00eat pour le b\u00e9n\u00e9volat \u00e0 l&rsquo;ACSEF. Nous n&rsquo;acceptons pas de nouveaux b\u00e9n\u00e9voles pour le moment. Veuillez revenir plus tard et nous suivre sur les m\u00e9dias sociaux pour savoir quand des opportunit\u00e9s se pr\u00e9senteront.<\/p>\n\n\n\n<h2 class=\"wp-block-heading\">Offres pour les \u00e9tudiant(e)s<\/h2>\n\n\n\n<p>Veuillez noter que le CAEFS n&rsquo;accepte actuellement que les \u00e9tudiants en stage dont le stage s&rsquo;\u00e9tend sur au moins 3 jours par semaine. Si vous \u00eates int\u00e9ress\u00e9(e) par un stage au CAEFS et que celui-ci s&rsquo;\u00e9tendrait sur plus de 3 jours par semaine, Veuillez envoyer un e-mail \u00e0 Jacqueline, conseill\u00e8re principale, \u00e0 l&rsquo;adresse jomstead@caefs.ca. Les \u00e9tudiants sont accept\u00e9s au fur et \u00e0 mesure dans divers programmes\/postes, en fonction des besoins et des capacit\u00e9s de la CAEFS. Merci de l&rsquo;int\u00e9r\u00eat que vous portez \u00e0 la CAEFS pour votre stage !&nbsp;<\/p>\n\n\n\n<div style=\"height:71px\" aria-hidden=\"true\" class=\"wp-block-spacer\"><\/div>\n","protected":false},"excerpt":{"rendered":"<p>Nous sommes une petite \u00e9quipe dynamique qui travaille \u00e0 distance de partout au Canada. Consultez la section ci-dessous pour voir comment travailler avec nous.&nbsp; Offres d\u2019emploi Il n&rsquo;y a actuellement [&hellip;]<\/p>\n","protected":false},"author":1,"featured_media":0,"parent":0,"menu_order":1,"comment_status":"closed","ping_status":"closed","template":"page-banner.php","meta":{"_acf_changed":false,"om_disable_all_campaigns":false,"_monsterinsights_skip_tracking":false,"_monsterinsights_sitenote_active":false,"_monsterinsights_sitenote_note":"","_monsterinsights_sitenote_category":0,"footnotes":""},"category":[],"class_list":["post-2442","page","type-page","status-publish","hentry"],"acf":[],"aioseo_notices":[],"yoast_head":"<!-- This site is optimized with the Yoast SEO plugin v27.2 - https:\/\/yoast.com\/product\/yoast-seo-wordpress\/ -->\n<title>Travaillez avec nous - ACSEF<\/title>\n<meta name=\"robots\" content=\"index, follow, max-snippet:-1, max-image-preview:large, max-video-preview:-1\" \/>\n<link rel=\"canonical\" href=\"https:\/\/caefs.ca\/fr\/travaillez-avec-nous\/\" \/>\n<meta property=\"og:locale\" content=\"fr_FR\" \/>\n<meta property=\"og:type\" content=\"article\" \/>\n<meta property=\"og:title\" content=\"Travaillez avec nous - ACSEF\" \/>\n<meta property=\"og:description\" content=\"Nous sommes une petite \u00e9quipe dynamique qui travaille \u00e0 distance de partout au Canada. Consultez la section ci-dessous pour voir comment travailler avec nous.&nbsp; Offres d\u2019emploi Il n&rsquo;y a actuellement [&hellip;]\" \/>\n<meta property=\"og:url\" content=\"https:\/\/caefs.ca\/fr\/travaillez-avec-nous\/\" \/>\n<meta property=\"og:site_name\" content=\"ACSEF\" \/>\n<meta property=\"article:modified_time\" content=\"2026-03-27T13:20:37+00:00\" \/>\n<meta name=\"twitter:card\" content=\"summary_large_image\" \/>\n<meta name=\"twitter:label1\" content=\"Dur\u00e9e de lecture estim\u00e9e\" \/>\n\t<meta name=\"twitter:data1\" content=\"1 minute\" \/>\n<script type=\"application\/ld+json\" class=\"yoast-schema-graph\">{\"@context\":\"https:\/\/schema.org\",\"@graph\":[{\"@type\":\"WebPage\",\"@id\":\"https:\/\/caefs.ca\/fr\/travaillez-avec-nous\/\",\"url\":\"https:\/\/caefs.ca\/fr\/travaillez-avec-nous\/\",\"name\":\"Travaillez avec nous - ACSEF\",\"isPartOf\":{\"@id\":\"https:\/\/caefs.ca\/fr\/#website\"},\"datePublished\":\"2021-08-07T15:57:50+00:00\",\"dateModified\":\"2026-03-27T13:20:37+00:00\",\"breadcrumb\":{\"@id\":\"https:\/\/caefs.ca\/fr\/travaillez-avec-nous\/#breadcrumb\"},\"inLanguage\":\"fr-FR\",\"potentialAction\":[{\"@type\":\"ReadAction\",\"target\":[\"https:\/\/caefs.ca\/fr\/travaillez-avec-nous\/\"]}]},{\"@type\":\"BreadcrumbList\",\"@id\":\"https:\/\/caefs.ca\/fr\/travaillez-avec-nous\/#breadcrumb\",\"itemListElement\":[{\"@type\":\"ListItem\",\"position\":1,\"name\":\"Accueil\",\"item\":\"https:\/\/caefs.ca\/fr\/\"},{\"@type\":\"ListItem\",\"position\":2,\"name\":\"Travaillez avec nous\"}]},{\"@type\":\"WebSite\",\"@id\":\"https:\/\/caefs.ca\/fr\/#website\",\"url\":\"https:\/\/caefs.ca\/fr\/\",\"name\":\"ACSEF\",\"description\":\"Just another WordPress site\",\"potentialAction\":[{\"@type\":\"SearchAction\",\"target\":{\"@type\":\"EntryPoint\",\"urlTemplate\":\"https:\/\/caefs.ca\/fr\/?s={search_term_string}\"},\"query-input\":{\"@type\":\"PropertyValueSpecification\",\"valueRequired\":true,\"valueName\":\"search_term_string\"}}],\"inLanguage\":\"fr-FR\"}]}<\/script>\n<!-- \/ Yoast SEO plugin. -->","yoast_head_json":{"title":"Travaillez avec nous - ACSEF","robots":{"index":"index","follow":"follow","max-snippet":"max-snippet:-1","max-image-preview":"max-image-preview:large","max-video-preview":"max-video-preview:-1"},"canonical":"https:\/\/caefs.ca\/fr\/travaillez-avec-nous\/","og_locale":"fr_FR","og_type":"article","og_title":"Travaillez avec nous - ACSEF","og_description":"Nous sommes une petite \u00e9quipe dynamique qui travaille \u00e0 distance de partout au Canada. Consultez la section ci-dessous pour voir comment travailler avec nous.&nbsp; Offres d\u2019emploi Il n&rsquo;y a actuellement [&hellip;]","og_url":"https:\/\/caefs.ca\/fr\/travaillez-avec-nous\/","og_site_name":"ACSEF","article_modified_time":"2026-03-27T13:20:37+00:00","twitter_card":"summary_large_image","twitter_misc":{"Dur\u00e9e de lecture estim\u00e9e":"1 minute"},"schema":{"@context":"https:\/\/schema.org","@graph":[{"@type":"WebPage","@id":"https:\/\/caefs.ca\/fr\/travaillez-avec-nous\/","url":"https:\/\/caefs.ca\/fr\/travaillez-avec-nous\/","name":"Travaillez avec nous - ACSEF","isPartOf":{"@id":"https:\/\/caefs.ca\/fr\/#website"},"datePublished":"2021-08-07T15:57:50+00:00","dateModified":"2026-03-27T13:20:37+00:00","breadcrumb":{"@id":"https:\/\/caefs.ca\/fr\/travaillez-avec-nous\/#breadcrumb"},"inLanguage":"fr-FR","potentialAction":[{"@type":"ReadAction","target":["https:\/\/caefs.ca\/fr\/travaillez-avec-nous\/"]}]},{"@type":"BreadcrumbList","@id":"https:\/\/caefs.ca\/fr\/travaillez-avec-nous\/#breadcrumb","itemListElement":[{"@type":"ListItem","position":1,"name":"Accueil","item":"https:\/\/caefs.ca\/fr\/"},{"@type":"ListItem","position":2,"name":"Travaillez avec nous"}]},{"@type":"WebSite","@id":"https:\/\/caefs.ca\/fr\/#website","url":"https:\/\/caefs.ca\/fr\/","name":"ACSEF","description":"Just another WordPress site","potentialAction":[{"@type":"SearchAction","target":{"@type":"EntryPoint","urlTemplate":"https:\/\/caefs.ca\/fr\/?s={search_term_string}"},"query-input":{"@type":"PropertyValueSpecification","valueRequired":true,"valueName":"search_term_string"}}],"inLanguage":"fr-FR"}]}},"_links":{"self":[{"href":"https:\/\/caefs.ca\/fr\/wp-json\/wp\/v2\/pages\/2442","targetHints":{"allow":["GET"]}}],"collection":[{"href":"https:\/\/caefs.ca\/fr\/wp-json\/wp\/v2\/pages"}],"about":[{"href":"https:\/\/caefs.ca\/fr\/wp-json\/wp\/v2\/types\/page"}],"author":[{"embeddable":true,"href":"https:\/\/caefs.ca\/fr\/wp-json\/wp\/v2\/users\/1"}],"replies":[{"embeddable":true,"href":"https:\/\/caefs.ca\/fr\/wp-json\/wp\/v2\/comments?post=2442"}],"version-history":[{"count":18,"href":"https:\/\/caefs.ca\/fr\/wp-json\/wp\/v2\/pages\/2442\/revisions"}],"predecessor-version":[{"id":7885,"href":"https:\/\/caefs.ca\/fr\/wp-json\/wp\/v2\/pages\/2442\/revisions\/7885"}],"wp:attachment":[{"href":"https:\/\/caefs.ca\/fr\/wp-json\/wp\/v2\/media?parent=2442"}],"wp:term":[{"taxonomy":"category","embeddable":true,"href":"https:\/\/caefs.ca\/fr\/wp-json\/wp\/v2\/category?post=2442"}],"curies":[{"name":"wp","href":"https:\/\/api.w.org\/{rel}","templated":true}]}}