{"id":2443,"date":"2021-08-31T19:11:50","date_gmt":"2021-08-31T23:11:50","guid":{"rendered":"https:\/\/caefs.ca\/statement-of-purpose\/"},"modified":"2022-04-25T09:39:58","modified_gmt":"2022-04-25T13:39:58","slug":"vision-declaration-dintention","status":"publish","type":"page","link":"https:\/\/caefs.ca\/fr\/qui-sommes-nous\/vision-declaration-dintention\/","title":{"rendered":"Vision et d\u00e9claration d\u2019intention"},"content":{"rendered":"<div data-magellan-target=\"custom-heading-block_612eb723fb169\" id=\"custom-heading-block_612eb723fb169\" class=\"custom-heading with-border \">\n    <div class=\"row\">\n        <div class=\"medium-12 column\">\n                <h1>Vision et d\u00e9claration d\u2019intention<\/h1>\n        <\/div>\n    <\/div>\n<\/div>\n\n\n\n<div class=\"wp-block-columns is-layout-flex wp-container-core-columns-is-layout-9d6595d7 wp-block-columns-is-layout-flex\">\n<div class=\"wp-block-column is-layout-flow wp-block-column-is-layout-flow\" style=\"flex-basis:33.33%\">\n<figure class=\"wp-block-image size-large is-resized\"><img loading=\"lazy\" decoding=\"async\" src=\"https:\/\/caefs.ca\/wp-content\/uploads\/2021\/11\/CAEFS_birdpurple2.svg\" alt=\"\" class=\"wp-image-1779\" width=\"232\" height=\"288\"\/><\/figure>\n<\/div>\n\n\n\n<div class=\"wp-block-column is-layout-flow wp-block-column-is-layout-flow\" style=\"flex-basis:66.66%\"><div data-magellan-target=\"custom-heading-block_624df9f497909\" id=\"custom-heading-block_624df9f497909\" class=\"custom-heading  \">\n    <div class=\"row\">\n        <div class=\"medium-12 column\">\n                <h3>Notre vision<\/h3>\n        <\/div>\n    <\/div>\n<\/div>\n\n\n\n<p>Notre vision est celle d\u2019un monde sans prisons, avec des communaut\u00e9s fortes et dot\u00e9es de ressources pour toutes et tous.<\/p>\n<p><\/p>\n\n\n<div data-magellan-target=\"custom-heading-block_624dfb139790c\" id=\"custom-heading-block_624dfb139790c\" class=\"custom-heading  \">\n    <div class=\"row\">\n        <div class=\"medium-12 column\">\n                <h3>Notre d\u00e9claration d\u2019intention<\/h3>\n        <\/div>\n    <\/div>\n<\/div>\n\n\n\n<p>L\u2019Association canadienne des Soci\u00e9t\u00e9s Elizabeth Fry (ACSEF) s\u2019efforce de rem\u00e9dier \u00e0 la d\u00e9shumanisation et \u00e0 l\u2019exclusion sociale persistantes des femmes et des personnes de diverses identit\u00e9s de genre criminalis\u00e9es.<\/p>\n<\/div>\n<\/div>\n","protected":false},"excerpt":{"rendered":"<p>Notre vision est celle d\u2019un monde sans prisons, avec des communaut\u00e9s fortes et dot\u00e9es de ressources pour toutes et tous. L\u2019Association canadienne des Soci\u00e9t\u00e9s Elizabeth Fry (ACSEF) s\u2019efforce de rem\u00e9dier [&hellip;]<\/p>\n","protected":false},"author":1,"featured_media":0,"parent":4340,"menu_order":2,"comment_status":"closed","ping_status":"closed","template":"page-inner.php","meta":{"_acf_changed":false,"om_disable_all_campaigns":false,"_monsterinsights_skip_tracking":false,"_monsterinsights_sitenote_active":false,"_monsterinsights_sitenote_note":"","_monsterinsights_sitenote_category":0,"footnotes":""},"category":[],"class_list":["post-2443","page","type-page","status-publish","hentry"],"acf":[],"aioseo_notices":[],"yoast_head":"<!-- This site is optimized with the Yoast SEO plugin v27.2 - https:\/\/yoast.com\/product\/yoast-seo-wordpress\/ -->\n<title>Vision et d\u00e9claration d\u2019intention - ACSEF<\/title>\n<meta name=\"robots\" content=\"index, follow, max-snippet:-1, max-image-preview:large, max-video-preview:-1\" \/>\n<link rel=\"canonical\" href=\"https:\/\/caefs.ca\/fr\/qui-sommes-nous\/vision-declaration-dintention\/\" \/>\n<meta property=\"og:locale\" content=\"fr_FR\" \/>\n<meta property=\"og:type\" content=\"article\" \/>\n<meta property=\"og:title\" content=\"Vision et d\u00e9claration d\u2019intention - ACSEF\" \/>\n<meta property=\"og:description\" content=\"Notre vision est celle d\u2019un monde sans prisons, avec des communaut\u00e9s fortes et dot\u00e9es de ressources pour toutes et tous. L\u2019Association canadienne des Soci\u00e9t\u00e9s Elizabeth Fry (ACSEF) s\u2019efforce de rem\u00e9dier [&hellip;]\" \/>\n<meta property=\"og:url\" content=\"https:\/\/caefs.ca\/fr\/qui-sommes-nous\/vision-declaration-dintention\/\" \/>\n<meta property=\"og:site_name\" content=\"ACSEF\" \/>\n<meta property=\"article:modified_time\" content=\"2022-04-25T13:39:58+00:00\" \/>\n<meta property=\"og:image\" content=\"https:\/\/caefs.ca\/wp-content\/uploads\/2021\/11\/CAEFS_birdpurple2.svg\" \/>\n<meta name=\"twitter:card\" content=\"summary_large_image\" \/>\n<meta name=\"twitter:label1\" content=\"Dur\u00e9e de lecture estim\u00e9e\" \/>\n\t<meta name=\"twitter:data1\" content=\"1 minute\" \/>\n<script type=\"application\/ld+json\" class=\"yoast-schema-graph\">{\"@context\":\"https:\/\/schema.org\",\"@graph\":[{\"@type\":\"WebPage\",\"@id\":\"https:\/\/caefs.ca\/fr\/qui-sommes-nous\/vision-declaration-dintention\/\",\"url\":\"https:\/\/caefs.ca\/fr\/qui-sommes-nous\/vision-declaration-dintention\/\",\"name\":\"Vision et d\u00e9claration d\u2019intention - ACSEF\",\"isPartOf\":{\"@id\":\"https:\/\/caefs.ca\/fr\/#website\"},\"primaryImageOfPage\":{\"@id\":\"https:\/\/caefs.ca\/fr\/qui-sommes-nous\/vision-declaration-dintention\/#primaryimage\"},\"image\":{\"@id\":\"https:\/\/caefs.ca\/fr\/qui-sommes-nous\/vision-declaration-dintention\/#primaryimage\"},\"thumbnailUrl\":\"https:\/\/caefs.ca\/wp-content\/uploads\/2021\/11\/CAEFS_birdpurple2.svg\",\"datePublished\":\"2021-08-31T23:11:50+00:00\",\"dateModified\":\"2022-04-25T13:39:58+00:00\",\"breadcrumb\":{\"@id\":\"https:\/\/caefs.ca\/fr\/qui-sommes-nous\/vision-declaration-dintention\/#breadcrumb\"},\"inLanguage\":\"fr-FR\",\"potentialAction\":[{\"@type\":\"ReadAction\",\"target\":[\"https:\/\/caefs.ca\/fr\/qui-sommes-nous\/vision-declaration-dintention\/\"]}]},{\"@type\":\"ImageObject\",\"inLanguage\":\"fr-FR\",\"@id\":\"https:\/\/caefs.ca\/fr\/qui-sommes-nous\/vision-declaration-dintention\/#primaryimage\",\"url\":\"https:\/\/caefs.ca\/wp-content\/uploads\/2021\/11\/CAEFS_birdpurple2.svg\",\"contentUrl\":\"https:\/\/caefs.ca\/wp-content\/uploads\/2021\/11\/CAEFS_birdpurple2.svg\"},{\"@type\":\"BreadcrumbList\",\"@id\":\"https:\/\/caefs.ca\/fr\/qui-sommes-nous\/vision-declaration-dintention\/#breadcrumb\",\"itemListElement\":[{\"@type\":\"ListItem\",\"position\":1,\"name\":\"Accueil\",\"item\":\"https:\/\/caefs.ca\/fr\/\"},{\"@type\":\"ListItem\",\"position\":2,\"name\":\"Qui sommes-nous?\",\"item\":\"https:\/\/caefs.ca\/fr\/qui-sommes-nous\/\"},{\"@type\":\"ListItem\",\"position\":3,\"name\":\"Vision et d\u00e9claration d\u2019intention\"}]},{\"@type\":\"WebSite\",\"@id\":\"https:\/\/caefs.ca\/fr\/#website\",\"url\":\"https:\/\/caefs.ca\/fr\/\",\"name\":\"ACSEF\",\"description\":\"Just another WordPress site\",\"potentialAction\":[{\"@type\":\"SearchAction\",\"target\":{\"@type\":\"EntryPoint\",\"urlTemplate\":\"https:\/\/caefs.ca\/fr\/?s={search_term_string}\"},\"query-input\":{\"@type\":\"PropertyValueSpecification\",\"valueRequired\":true,\"valueName\":\"search_term_string\"}}],\"inLanguage\":\"fr-FR\"}]}<\/script>\n<!-- \/ Yoast SEO plugin. -->","yoast_head_json":{"title":"Vision et d\u00e9claration d\u2019intention - ACSEF","robots":{"index":"index","follow":"follow","max-snippet":"max-snippet:-1","max-image-preview":"max-image-preview:large","max-video-preview":"max-video-preview:-1"},"canonical":"https:\/\/caefs.ca\/fr\/qui-sommes-nous\/vision-declaration-dintention\/","og_locale":"fr_FR","og_type":"article","og_title":"Vision et d\u00e9claration d\u2019intention - ACSEF","og_description":"Notre vision est celle d\u2019un monde sans prisons, avec des communaut\u00e9s fortes et dot\u00e9es de ressources pour toutes et tous. L\u2019Association canadienne des Soci\u00e9t\u00e9s Elizabeth Fry (ACSEF) s\u2019efforce de rem\u00e9dier [&hellip;]","og_url":"https:\/\/caefs.ca\/fr\/qui-sommes-nous\/vision-declaration-dintention\/","og_site_name":"ACSEF","article_modified_time":"2022-04-25T13:39:58+00:00","og_image":[{"url":"https:\/\/caefs.ca\/wp-content\/uploads\/2021\/11\/CAEFS_birdpurple2.svg","type":"","width":"","height":""}],"twitter_card":"summary_large_image","twitter_misc":{"Dur\u00e9e de lecture estim\u00e9e":"1 minute"},"schema":{"@context":"https:\/\/schema.org","@graph":[{"@type":"WebPage","@id":"https:\/\/caefs.ca\/fr\/qui-sommes-nous\/vision-declaration-dintention\/","url":"https:\/\/caefs.ca\/fr\/qui-sommes-nous\/vision-declaration-dintention\/","name":"Vision et d\u00e9claration d\u2019intention - ACSEF","isPartOf":{"@id":"https:\/\/caefs.ca\/fr\/#website"},"primaryImageOfPage":{"@id":"https:\/\/caefs.ca\/fr\/qui-sommes-nous\/vision-declaration-dintention\/#primaryimage"},"image":{"@id":"https:\/\/caefs.ca\/fr\/qui-sommes-nous\/vision-declaration-dintention\/#primaryimage"},"thumbnailUrl":"https:\/\/caefs.ca\/wp-content\/uploads\/2021\/11\/CAEFS_birdpurple2.svg","datePublished":"2021-08-31T23:11:50+00:00","dateModified":"2022-04-25T13:39:58+00:00","breadcrumb":{"@id":"https:\/\/caefs.ca\/fr\/qui-sommes-nous\/vision-declaration-dintention\/#breadcrumb"},"inLanguage":"fr-FR","potentialAction":[{"@type":"ReadAction","target":["https:\/\/caefs.ca\/fr\/qui-sommes-nous\/vision-declaration-dintention\/"]}]},{"@type":"ImageObject","inLanguage":"fr-FR","@id":"https:\/\/caefs.ca\/fr\/qui-sommes-nous\/vision-declaration-dintention\/#primaryimage","url":"https:\/\/caefs.ca\/wp-content\/uploads\/2021\/11\/CAEFS_birdpurple2.svg","contentUrl":"https:\/\/caefs.ca\/wp-content\/uploads\/2021\/11\/CAEFS_birdpurple2.svg"},{"@type":"BreadcrumbList","@id":"https:\/\/caefs.ca\/fr\/qui-sommes-nous\/vision-declaration-dintention\/#breadcrumb","itemListElement":[{"@type":"ListItem","position":1,"name":"Accueil","item":"https:\/\/caefs.ca\/fr\/"},{"@type":"ListItem","position":2,"name":"Qui sommes-nous?","item":"https:\/\/caefs.ca\/fr\/qui-sommes-nous\/"},{"@type":"ListItem","position":3,"name":"Vision et d\u00e9claration d\u2019intention"}]},{"@type":"WebSite","@id":"https:\/\/caefs.ca\/fr\/#website","url":"https:\/\/caefs.ca\/fr\/","name":"ACSEF","description":"Just another WordPress site","potentialAction":[{"@type":"SearchAction","target":{"@type":"EntryPoint","urlTemplate":"https:\/\/caefs.ca\/fr\/?s={search_term_string}"},"query-input":{"@type":"PropertyValueSpecification","valueRequired":true,"valueName":"search_term_string"}}],"inLanguage":"fr-FR"}]}},"_links":{"self":[{"href":"https:\/\/caefs.ca\/fr\/wp-json\/wp\/v2\/pages\/2443","targetHints":{"allow":["GET"]}}],"collection":[{"href":"https:\/\/caefs.ca\/fr\/wp-json\/wp\/v2\/pages"}],"about":[{"href":"https:\/\/caefs.ca\/fr\/wp-json\/wp\/v2\/types\/page"}],"author":[{"embeddable":true,"href":"https:\/\/caefs.ca\/fr\/wp-json\/wp\/v2\/users\/1"}],"replies":[{"embeddable":true,"href":"https:\/\/caefs.ca\/fr\/wp-json\/wp\/v2\/comments?post=2443"}],"version-history":[{"count":13,"href":"https:\/\/caefs.ca\/fr\/wp-json\/wp\/v2\/pages\/2443\/revisions"}],"predecessor-version":[{"id":4378,"href":"https:\/\/caefs.ca\/fr\/wp-json\/wp\/v2\/pages\/2443\/revisions\/4378"}],"up":[{"embeddable":true,"href":"https:\/\/caefs.ca\/fr\/wp-json\/wp\/v2\/pages\/4340"}],"wp:attachment":[{"href":"https:\/\/caefs.ca\/fr\/wp-json\/wp\/v2\/media?parent=2443"}],"wp:term":[{"taxonomy":"category","embeddable":true,"href":"https:\/\/caefs.ca\/fr\/wp-json\/wp\/v2\/category?post=2443"}],"curies":[{"name":"wp","href":"https:\/\/api.w.org\/{rel}","templated":true}]}}