{"id":2444,"date":"2021-09-01T14:55:04","date_gmt":"2021-09-01T18:55:04","guid":{"rendered":"https:\/\/caefs.ca\/initiatives\/"},"modified":"2023-01-06T16:03:01","modified_gmt":"2023-01-06T21:03:01","slug":"our-work","status":"publish","type":"page","link":"https:\/\/caefs.ca\/fr\/our-work\/","title":{"rendered":"Nos \u00e9v\u00e9nements"},"content":{"rendered":"<div id=\"initiatives-2-block_fde47cdb12c1261d8b8a31d13ad51ac6\" tabindex=\"-1\" class=\"initiatives-block-2\">\n    <div class=\"row\">\n        <div class=\"large-12 column\">\n             <div class=\"page-title\" id=\"initiatives-wrapper\" >\n                <h1>Nos \u00e9v\u00e9nements<\/h1>\n                <p>Pour en savoir plus sur les \u00e9v\u00e9nements pass\u00e9s, actuels et \u00e0 venir de l&rsquo;ACSEF.<\/p>\n            <\/div>\n        <\/div>\n    <\/div>\n    \n    <div class=\"row\">\n            <div class=\"medium-3 medium-push-9 column\">\n                <div class=\"sidebar\">\n                    <ul>\n                        <li class=\"widget widget_initiatives\">\n                            <h2 class=\"widgettitle\">Quelles initiatives voulez-vous voir?<\/h2>\n                            <ul class=\"zones\">\n                                <li class=\"active\"><a href=\"https:\/\/caefs.ca\/fr\/our-work\/?zone=all\">Tout<\/a><\/li>\n                                                                <li><a href=\"https:\/\/caefs.ca\/fr\/our-work\/?zone=a-venir\">\u00c0 venir<\/a><\/li>\n                                                                <li><a href=\"https:\/\/caefs.ca\/fr\/our-work\/?zone=actuel\">Actuel<\/a><\/li>\n                                                                <li><a href=\"https:\/\/caefs.ca\/fr\/our-work\/?zone=passe\">Pass\u00e9<\/a><\/li>\n                                                            <\/ul>\n                        <\/li>\n                    <\/ul>\n                <\/div>\n            <\/div>\n            <div class=\"medium-9 medium-pull-3 column\">\n\t                                <div class=\"search-results-container post-wrapper\">\n\t\t\t                                        <div class=\"news-item\">\n                                                                <div class=\"post-item-details\">\n                                    <h4><a href=\"https:\/\/caefs.ca\/fr\/notre-travail\/semaine-elizabeth-fry-comprendre-la-liberation-conditionnelle-mai-2023\/\" title=\"Semaine Elizabeth Fry: Comprendre la lib\u00e9ration conditionnelle, mai 2023\">Semaine Elizabeth Fry: Comprendre la lib\u00e9ration conditionnelle, mai 2023<\/a><\/h4>\n                                    <span class=\"past\">Actuel<\/span>\n                                    <p>La Semaine Elizabeth Fry 2023 sera consacr\u00e9e au th\u00e8me \u00ab Comprendre la lib\u00e9ration conditionnelle \u00bb. Le cadre juridique de la lib\u00e9ration conditionnelle et le v\u00e9cu des personnes concern\u00e9es sont tr\u00e8s [&hellip;]<\/p>\n                                    <a href=\"https:\/\/caefs.ca\/fr\/notre-travail\/semaine-elizabeth-fry-comprendre-la-liberation-conditionnelle-mai-2023\/\" class=\"cta\">\n                                        Lire la suite                                    <\/a>\n                                <\/div>\n                            <\/div>\n\t\t\t                                        <div class=\"news-item\">\n                                                                <div class=\"post-item-details\">\n                                    <h4><a href=\"https:\/\/caefs.ca\/fr\/notre-travail\/elizabeth-fry-week-doing-life-may-2022\/\" title=\"Semaine Elizabeth Fry\u00a0: \u00ab\u00a0Sentence vie\u00a0\u00bb, mai\u00a02022\">Semaine Elizabeth Fry\u00a0: \u00ab\u00a0Sentence vie\u00a0\u00bb, mai\u00a02022<\/a><\/h4>\n                                    <span class=\"past\">Pass\u00e9<\/span>\n                                    <p>Le but de la Semaine Elizabeth&nbsp;Fry est de sensibiliser les gens et de les informer sur les probl\u00e8mes qui touchent les femmes et les personnes de diverses identit\u00e9s de genre [&hellip;]<\/p>\n                                    <a href=\"https:\/\/caefs.ca\/fr\/notre-travail\/elizabeth-fry-week-doing-life-may-2022\/\" class=\"cta\">\n                                        Lire la suite                                    <\/a>\n                                <\/div>\n                            <\/div>\n\t\t\t                                        <div class=\"news-item\">\n                                                                <div class=\"post-item-details\">\n                                    <h4><a href=\"https:\/\/caefs.ca\/fr\/notre-travail\/annual-general-meeting-september-2021\/\" title=\"Assembl\u00e9e g\u00e9n\u00e9rale annuelle, septembre 2021\">Assembl\u00e9e g\u00e9n\u00e9rale annuelle, septembre 2021<\/a><\/h4>\n                                    <span class=\"past\">Pass\u00e9<\/span>\n                                    <p>Le 25 septembre 2021, nous nous sommes r\u00e9unies en ligne pour notre assembl\u00e9e g\u00e9n\u00e9rale annuelle, qui \u00e9tait ax\u00e9e autour du th\u00e8me \u00ab&nbsp;De la connaissance aux actions&nbsp;: travailler avec des partenaires [&hellip;]<\/p>\n                                    <a href=\"https:\/\/caefs.ca\/fr\/notre-travail\/annual-general-meeting-september-2021\/\" class=\"cta\">\n                                        Lire la suite                                    <\/a>\n                                <\/div>\n                            <\/div>\n\t\t\t                                        <div class=\"news-item\">\n                                                                <div class=\"post-item-details\">\n                                    <h4><a href=\"https:\/\/caefs.ca\/fr\/notre-travail\/virtual-conference-may-2021\/\" title=\"Conf\u00e9rence virtuelle, mai 2021\">Conf\u00e9rence virtuelle, mai 2021<\/a><\/h4>\n                                    <span class=\"past\">Pass\u00e9<\/span>\n                                    <p>Le 6&nbsp;mai&nbsp;2021, l\u2019ACSEF a organis\u00e9 une conf\u00e9rence virtuelle gratuite d\u2019une journ\u00e9e \u00e0 l\u2019intention de son r\u00e9seau et de ses partenaires, qui portait sur les enjeux en mati\u00e8re de droits de [&hellip;]<\/p>\n                                    <a href=\"https:\/\/caefs.ca\/fr\/notre-travail\/virtual-conference-may-2021\/\" class=\"cta\">\n                                        Lire la suite                                    <\/a>\n                                <\/div>\n                            <\/div>\n\t\t\t                                        <div class=\"news-item\">\n                                                                <div class=\"post-item-details\">\n                                    <h4><a href=\"https:\/\/caefs.ca\/fr\/notre-travail\/elizabeth-fry-week-human-rights-in-action-may-2021\/\" title=\"Semaine Elizabeth Fry\u00a0: Droits de la personne en action, mai 2021\">Semaine Elizabeth Fry\u00a0: Droits de la personne en action, mai 2021<\/a><\/h4>\n                                    <span class=\"past\">Pass\u00e9<\/span>\n                                    <p>Notre organisation a toujours su qu\u2019il fallait se battre pour faire reconna\u00eetre les droits des personnes criminalis\u00e9es et marginalis\u00e9es. Lors de la pand\u00e9mie de COVID-19, toutefois, nous avons constat\u00e9 que [&hellip;]<\/p>\n                                    <a href=\"https:\/\/caefs.ca\/fr\/notre-travail\/elizabeth-fry-week-human-rights-in-action-may-2021\/\" class=\"cta\">\n                                        Lire la suite                                    <\/a>\n                                <\/div>\n                            <\/div>\n\t\t\t                                <\/div>\n\t\t            \t\t<div class=\"ets-pagination\">\n\t\t\t<div class=\"ets-pagination-inner\">\n\t\t\t\t<div class=\"previous-link\"><a href=\"https:\/\/caefs.ca\/fr\/wp-json\/wp\/v2\/pages\/2444\/\" class=\"prev \"><i class=\"icon icon-right-arrow\"><\/i> Pr\u00e9c\u00e9dent<\/a><\/div><div class=\"pages-links\"><a href=\"https:\/\/caefs.ca\/fr\/wp-json\/wp\/v2\/pages\/2444\/\" class=\"current\">1<\/a><a href=\"https:\/\/caefs.ca\/fr\/wp-json\/wp\/v2\/pages\/2444\/page\/2\/\">2<\/a><a href=\"https:\/\/caefs.ca\/fr\/wp-json\/wp\/v2\/pages\/2444\/page\/3\/\">3<\/a><\/div><div class=\"next-link\"><a href=\"https:\/\/caefs.ca\/fr\/wp-json\/wp\/v2\/pages\/2444\/page\/2\/\" class=\"next active\">Suivant <i class=\"icon icon-right-arrow\"><\/i><\/a><\/div>\t\t\t<\/div>\n\t\t<\/div>\n\t            <\/div>\n    <\/div>\n<\/div>\n","protected":false},"excerpt":{"rendered":"","protected":false},"author":1,"featured_media":0,"parent":0,"menu_order":3,"comment_status":"closed","ping_status":"closed","template":"page-banner.php","meta":{"_acf_changed":false,"om_disable_all_campaigns":false,"_monsterinsights_skip_tracking":false,"_monsterinsights_sitenote_active":false,"_monsterinsights_sitenote_note":"","_monsterinsights_sitenote_category":0,"footnotes":""},"category":[],"class_list":["post-2444","page","type-page","status-publish","hentry"],"acf":[],"aioseo_notices":[],"yoast_head":"<!-- This site is optimized with the Yoast SEO plugin v27.4 - https:\/\/yoast.com\/product\/yoast-seo-wordpress\/ -->\n<title>Nos \u00e9v\u00e9nements - ACSEF<\/title>\n<meta name=\"robots\" content=\"index, follow, max-snippet:-1, max-image-preview:large, max-video-preview:-1\" \/>\n<link rel=\"canonical\" href=\"https:\/\/caefs.ca\/fr\/our-work\/\" \/>\n<meta property=\"og:locale\" content=\"fr_FR\" \/>\n<meta property=\"og:type\" content=\"article\" \/>\n<meta property=\"og:title\" content=\"Nos \u00e9v\u00e9nements - ACSEF\" \/>\n<meta property=\"og:url\" content=\"https:\/\/caefs.ca\/fr\/our-work\/\" \/>\n<meta property=\"og:site_name\" content=\"ACSEF\" \/>\n<meta property=\"article:modified_time\" content=\"2023-01-06T21:03:01+00:00\" \/>\n<meta name=\"twitter:card\" content=\"summary_large_image\" \/>\n<script type=\"application\/ld+json\" class=\"yoast-schema-graph\">{\"@context\":\"https:\\\/\\\/schema.org\",\"@graph\":[{\"@type\":\"WebPage\",\"@id\":\"https:\\\/\\\/caefs.ca\\\/fr\\\/our-work\\\/\",\"url\":\"https:\\\/\\\/caefs.ca\\\/fr\\\/our-work\\\/\",\"name\":\"Nos \u00e9v\u00e9nements - ACSEF\",\"isPartOf\":{\"@id\":\"https:\\\/\\\/caefs.ca\\\/fr\\\/#website\"},\"datePublished\":\"2021-09-01T18:55:04+00:00\",\"dateModified\":\"2023-01-06T21:03:01+00:00\",\"breadcrumb\":{\"@id\":\"https:\\\/\\\/caefs.ca\\\/fr\\\/our-work\\\/#breadcrumb\"},\"inLanguage\":\"fr-FR\",\"potentialAction\":[{\"@type\":\"ReadAction\",\"target\":[\"https:\\\/\\\/caefs.ca\\\/fr\\\/our-work\\\/\"]}]},{\"@type\":\"BreadcrumbList\",\"@id\":\"https:\\\/\\\/caefs.ca\\\/fr\\\/our-work\\\/#breadcrumb\",\"itemListElement\":[{\"@type\":\"ListItem\",\"position\":1,\"name\":\"Accueil\",\"item\":\"https:\\\/\\\/caefs.ca\\\/fr\\\/\"},{\"@type\":\"ListItem\",\"position\":2,\"name\":\"Nos \u00e9v\u00e9nements\"}]},{\"@type\":\"WebSite\",\"@id\":\"https:\\\/\\\/caefs.ca\\\/fr\\\/#website\",\"url\":\"https:\\\/\\\/caefs.ca\\\/fr\\\/\",\"name\":\"ACSEF\",\"description\":\"Just another WordPress site\",\"potentialAction\":[{\"@type\":\"SearchAction\",\"target\":{\"@type\":\"EntryPoint\",\"urlTemplate\":\"https:\\\/\\\/caefs.ca\\\/fr\\\/?s={search_term_string}\"},\"query-input\":{\"@type\":\"PropertyValueSpecification\",\"valueRequired\":true,\"valueName\":\"search_term_string\"}}],\"inLanguage\":\"fr-FR\"}]}<\/script>\n<!-- \/ Yoast SEO plugin. -->","yoast_head_json":{"title":"Nos \u00e9v\u00e9nements - ACSEF","robots":{"index":"index","follow":"follow","max-snippet":"max-snippet:-1","max-image-preview":"max-image-preview:large","max-video-preview":"max-video-preview:-1"},"canonical":"https:\/\/caefs.ca\/fr\/our-work\/","og_locale":"fr_FR","og_type":"article","og_title":"Nos \u00e9v\u00e9nements - ACSEF","og_url":"https:\/\/caefs.ca\/fr\/our-work\/","og_site_name":"ACSEF","article_modified_time":"2023-01-06T21:03:01+00:00","twitter_card":"summary_large_image","schema":{"@context":"https:\/\/schema.org","@graph":[{"@type":"WebPage","@id":"https:\/\/caefs.ca\/fr\/our-work\/","url":"https:\/\/caefs.ca\/fr\/our-work\/","name":"Nos \u00e9v\u00e9nements - ACSEF","isPartOf":{"@id":"https:\/\/caefs.ca\/fr\/#website"},"datePublished":"2021-09-01T18:55:04+00:00","dateModified":"2023-01-06T21:03:01+00:00","breadcrumb":{"@id":"https:\/\/caefs.ca\/fr\/our-work\/#breadcrumb"},"inLanguage":"fr-FR","potentialAction":[{"@type":"ReadAction","target":["https:\/\/caefs.ca\/fr\/our-work\/"]}]},{"@type":"BreadcrumbList","@id":"https:\/\/caefs.ca\/fr\/our-work\/#breadcrumb","itemListElement":[{"@type":"ListItem","position":1,"name":"Accueil","item":"https:\/\/caefs.ca\/fr\/"},{"@type":"ListItem","position":2,"name":"Nos \u00e9v\u00e9nements"}]},{"@type":"WebSite","@id":"https:\/\/caefs.ca\/fr\/#website","url":"https:\/\/caefs.ca\/fr\/","name":"ACSEF","description":"Just another WordPress site","potentialAction":[{"@type":"SearchAction","target":{"@type":"EntryPoint","urlTemplate":"https:\/\/caefs.ca\/fr\/?s={search_term_string}"},"query-input":{"@type":"PropertyValueSpecification","valueRequired":true,"valueName":"search_term_string"}}],"inLanguage":"fr-FR"}]}},"_links":{"self":[{"href":"https:\/\/caefs.ca\/fr\/wp-json\/wp\/v2\/pages\/2444","targetHints":{"allow":["GET"]}}],"collection":[{"href":"https:\/\/caefs.ca\/fr\/wp-json\/wp\/v2\/pages"}],"about":[{"href":"https:\/\/caefs.ca\/fr\/wp-json\/wp\/v2\/types\/page"}],"author":[{"embeddable":true,"href":"https:\/\/caefs.ca\/fr\/wp-json\/wp\/v2\/users\/1"}],"replies":[{"embeddable":true,"href":"https:\/\/caefs.ca\/fr\/wp-json\/wp\/v2\/comments?post=2444"}],"version-history":[{"count":13,"href":"https:\/\/caefs.ca\/fr\/wp-json\/wp\/v2\/pages\/2444\/revisions"}],"predecessor-version":[{"id":5888,"href":"https:\/\/caefs.ca\/fr\/wp-json\/wp\/v2\/pages\/2444\/revisions\/5888"}],"wp:attachment":[{"href":"https:\/\/caefs.ca\/fr\/wp-json\/wp\/v2\/media?parent=2444"}],"wp:term":[{"taxonomy":"category","embeddable":true,"href":"https:\/\/caefs.ca\/fr\/wp-json\/wp\/v2\/category?post=2444"}],"curies":[{"name":"wp","href":"https:\/\/api.w.org\/{rel}","templated":true}]}}