{"id":5789,"date":"2022-12-15T10:59:04","date_gmt":"2022-12-15T15:59:04","guid":{"rendered":"https:\/\/caefs.ca\/associations-coalitions-and-committees\/"},"modified":"2023-01-05T10:45:48","modified_gmt":"2023-01-05T15:45:48","slug":"associations-coalitions-and-committees","status":"publish","type":"page","link":"https:\/\/caefs.ca\/fr\/associations-coalitions-and-committees\/","title":{"rendered":"Associations et coalitions"},"content":{"rendered":"\n<div style=\"height:50px\" aria-hidden=\"true\" class=\"wp-block-spacer\"><\/div>\n\n\n<div data-magellan-target=\"custom-heading-block_323dc8b7022873405388138a4a58e40a\" id=\"custom-heading-block_323dc8b7022873405388138a4a58e40a\" class=\"custom-heading with-border \">\n    <div class=\"row\">\n        <div class=\"medium-12 column\">\n                <h1>Associations et coalitions<\/h1>\n        <\/div>\n    <\/div>\n<\/div>\n\n\n\n<p>Pour en savoir plus sur les associations et les coalitions dont l&rsquo;ACSEF est membre.<\/p>\n\n\n<div data-magellan-target=\"custom-heading-block_ad9821969bdc0020d594cece73754e31\" id=\"custom-heading-block_ad9821969bdc0020d594cece73754e31\" class=\"custom-heading  \">\n    <div class=\"row\">\n        <div class=\"medium-12 column\">\n                <h2>Associations nationales int\u00e9ress\u00e9es \u00e0 la justice criminelle<\/h2>\n        <\/div>\n    <\/div>\n<\/div>\n\n\n\n<p>En tant que membre des <a href=\"https:\/\/www.naacj.org\/fr\/index.php\" target=\"_blank\" rel=\"noreferrer noopener\">Associations nationales int\u00e9ress\u00e9es \u00e0 la justice criminelle<\/a>, l\u2019ACSEF travaille avec d\u2019autres membres pour am\u00e9liorer les capacit\u00e9s du r\u00e9seau, afin de contribuer \u00e0 b\u00e2tir un syst\u00e8me de justice plus humain, juste, \u00e9quitable et efficace. Emilie Coyle, directrice g\u00e9n\u00e9rale de l\u2019ACSEF, est la vice-pr\u00e9sidente du conseil d\u2019administration des ANIJC.<\/p>\n\n\n\n<div style=\"height:50px\" aria-hidden=\"true\" class=\"wp-block-spacer\"><\/div>\n\n\n<div data-magellan-target=\"custom-heading-block_98d8a00288743d0875e9daa08c325bfe\" id=\"custom-heading-block_98d8a00288743d0875e9daa08c325bfe\" class=\"custom-heading  \">\n    <div class=\"row\">\n        <div class=\"medium-12 column\">\n                <h2>Association du Barreau canadien<\/h2>\n        <\/div>\n    <\/div>\n<\/div>\n\n\n\n<p>La directrice g\u00e9n\u00e9rale de l\u2019ACSEF est membre de l\u2019<a href=\"https:\/\/www.cba.org\/Home?lang=fr-ca\" target=\"_blank\" rel=\"noreferrer noopener\">Association du Barreau canadien (ABC)<\/a>, au sein de laquelle nous collaborons avec d\u2019autres personnes du secteur juridique sur des enjeux li\u00e9s au droit carc\u00e9ral, au droit p\u00e9nal et \u00e0 d\u2019autres domaines du droit qui concernent le travail de l\u2019ACSEF.<\/p>\n\n\n\n<div style=\"height:50px\" aria-hidden=\"true\" class=\"wp-block-spacer\"><\/div>\n\n\n<div data-magellan-target=\"custom-heading-block_8cd051b11cb8c91ab66084413afb9e69\" id=\"custom-heading-block_8cd051b11cb8c91ab66084413afb9e69\" class=\"custom-heading  \">\n    <div class=\"row\">\n        <div class=\"medium-12 column\">\n                <h2>Canadian Prison Law Association (Association canadienne du droit carc\u00e9ral)<\/h2>\n        <\/div>\n    <\/div>\n<\/div>\n\n\n\n<p>La <a href=\"https:\/\/canadianprisonlaw.ca\/\" target=\"_blank\" rel=\"noreferrer noopener\">Canadian Prison Law Association<\/a> offre un forum aux avocat(e)s et aux autres personnes qui travaillent au nom des personnes incarc\u00e9r\u00e9es et qui cherchent \u00e0 prot\u00e9ger et \u00e0 promouvoir leurs droits constitutionnels, leurs int\u00e9r\u00eats et leurs privil\u00e8ges, au Canada et dans le reste du monde. La directrice g\u00e9n\u00e9rale de l\u2019ACSEF est une membre active de cette association.<\/p>\n\n\n\n<div style=\"height:50px\" aria-hidden=\"true\" class=\"wp-block-spacer\"><\/div>\n\n\n<div data-magellan-target=\"custom-heading-block_a8dcbff9b8ba8471cb58394944f940e8\" id=\"custom-heading-block_a8dcbff9b8ba8471cb58394944f940e8\" class=\"custom-heading  \">\n    <div class=\"row\">\n        <div class=\"medium-12 column\">\n                <h2>Coalition \u00ab Nouveau d\u00e9part \u00bb<\/h2>\n        <\/div>\n    <\/div>\n<\/div>\n\n\n\n<p>L\u2019ACSEF, aux c\u00f4t\u00e9s de plus de 85&nbsp;organismes et particuliers, milite pour qu\u2019un r\u00e9gime de \u00ab&nbsp;peines r\u00e9volues&nbsp;\u00bb remplace le r\u00e9gime actuel, qui oblige les personnes \u00e0 pr\u00e9senter une demande longue et co\u00fbteuse pour obtenir la suspension de leur casier judiciaire. Un r\u00e9gime de peines r\u00e9volues scellerait automatiquement le casier judiciaire d\u2019une personne apr\u00e8s un certain temps et lui permettrait de se lib\u00e9rer de son pass\u00e9. La Coalition s\u2019est engag\u00e9e \u00e0 faire pression sur le gouvernement et \u00e0 sensibiliser le public \u00e0 cet important changement l\u00e9gislatif qui b\u00e9n\u00e9ficierait \u00e0 des milliers de personnes dans tout le pays. Vous pouvez en savoir plus sur le travail de la Coalition sur son <a href=\"https:\/\/freshstartcoalition.ca\/fr\/\" target=\"_blank\" rel=\"noreferrer noopener\">site Web<\/a>.<\/p>\n\n\n\n<div style=\"height:50px\" aria-hidden=\"true\" class=\"wp-block-spacer\"><\/div>\n\n\n\n<div style=\"height:50px\" aria-hidden=\"true\" class=\"wp-block-spacer\"><\/div>\n","protected":false},"excerpt":{"rendered":"<p>Pour en savoir plus sur les associations et les coalitions dont l&rsquo;ACSEF est membre. En tant que membre des Associations nationales int\u00e9ress\u00e9es \u00e0 la justice criminelle, l\u2019ACSEF travaille avec d\u2019autres [&hellip;]<\/p>\n","protected":false},"author":3,"featured_media":0,"parent":0,"menu_order":0,"comment_status":"closed","ping_status":"closed","template":"","meta":{"_acf_changed":false,"om_disable_all_campaigns":false,"_monsterinsights_skip_tracking":false,"_monsterinsights_sitenote_active":false,"_monsterinsights_sitenote_note":"","_monsterinsights_sitenote_category":0,"footnotes":""},"category":[],"class_list":["post-5789","page","type-page","status-publish","hentry"],"acf":[],"aioseo_notices":[],"yoast_head":"<!-- This site is optimized with the Yoast SEO plugin v27.2 - https:\/\/yoast.com\/product\/yoast-seo-wordpress\/ -->\n<title>Associations et coalitions - ACSEF<\/title>\n<meta name=\"robots\" content=\"index, follow, max-snippet:-1, max-image-preview:large, max-video-preview:-1\" \/>\n<link rel=\"canonical\" href=\"https:\/\/caefs.ca\/fr\/associations-coalitions-and-committees\/\" \/>\n<meta property=\"og:locale\" content=\"fr_FR\" \/>\n<meta property=\"og:type\" content=\"article\" \/>\n<meta property=\"og:title\" content=\"Associations et coalitions - ACSEF\" \/>\n<meta property=\"og:description\" content=\"Pour en savoir plus sur les associations et les coalitions dont l&rsquo;ACSEF est membre. En tant que membre des Associations nationales int\u00e9ress\u00e9es \u00e0 la justice criminelle, l\u2019ACSEF travaille avec d\u2019autres [&hellip;]\" \/>\n<meta property=\"og:url\" content=\"https:\/\/caefs.ca\/fr\/associations-coalitions-and-committees\/\" \/>\n<meta property=\"og:site_name\" content=\"ACSEF\" \/>\n<meta property=\"article:modified_time\" content=\"2023-01-05T15:45:48+00:00\" \/>\n<meta name=\"twitter:card\" content=\"summary_large_image\" \/>\n<meta name=\"twitter:label1\" content=\"Dur\u00e9e de lecture estim\u00e9e\" \/>\n\t<meta name=\"twitter:data1\" content=\"2 minutes\" \/>\n<script type=\"application\/ld+json\" class=\"yoast-schema-graph\">{\"@context\":\"https:\/\/schema.org\",\"@graph\":[{\"@type\":\"WebPage\",\"@id\":\"https:\/\/caefs.ca\/fr\/associations-coalitions-and-committees\/\",\"url\":\"https:\/\/caefs.ca\/fr\/associations-coalitions-and-committees\/\",\"name\":\"Associations et coalitions - ACSEF\",\"isPartOf\":{\"@id\":\"https:\/\/caefs.ca\/fr\/#website\"},\"datePublished\":\"2022-12-15T15:59:04+00:00\",\"dateModified\":\"2023-01-05T15:45:48+00:00\",\"breadcrumb\":{\"@id\":\"https:\/\/caefs.ca\/fr\/associations-coalitions-and-committees\/#breadcrumb\"},\"inLanguage\":\"fr-FR\",\"potentialAction\":[{\"@type\":\"ReadAction\",\"target\":[\"https:\/\/caefs.ca\/fr\/associations-coalitions-and-committees\/\"]}]},{\"@type\":\"BreadcrumbList\",\"@id\":\"https:\/\/caefs.ca\/fr\/associations-coalitions-and-committees\/#breadcrumb\",\"itemListElement\":[{\"@type\":\"ListItem\",\"position\":1,\"name\":\"Accueil\",\"item\":\"https:\/\/caefs.ca\/fr\/\"},{\"@type\":\"ListItem\",\"position\":2,\"name\":\"Associations et coalitions\"}]},{\"@type\":\"WebSite\",\"@id\":\"https:\/\/caefs.ca\/fr\/#website\",\"url\":\"https:\/\/caefs.ca\/fr\/\",\"name\":\"ACSEF\",\"description\":\"Just another WordPress site\",\"potentialAction\":[{\"@type\":\"SearchAction\",\"target\":{\"@type\":\"EntryPoint\",\"urlTemplate\":\"https:\/\/caefs.ca\/fr\/?s={search_term_string}\"},\"query-input\":{\"@type\":\"PropertyValueSpecification\",\"valueRequired\":true,\"valueName\":\"search_term_string\"}}],\"inLanguage\":\"fr-FR\"}]}<\/script>\n<!-- \/ Yoast SEO plugin. -->","yoast_head_json":{"title":"Associations et coalitions - ACSEF","robots":{"index":"index","follow":"follow","max-snippet":"max-snippet:-1","max-image-preview":"max-image-preview:large","max-video-preview":"max-video-preview:-1"},"canonical":"https:\/\/caefs.ca\/fr\/associations-coalitions-and-committees\/","og_locale":"fr_FR","og_type":"article","og_title":"Associations et coalitions - ACSEF","og_description":"Pour en savoir plus sur les associations et les coalitions dont l&rsquo;ACSEF est membre. En tant que membre des Associations nationales int\u00e9ress\u00e9es \u00e0 la justice criminelle, l\u2019ACSEF travaille avec d\u2019autres [&hellip;]","og_url":"https:\/\/caefs.ca\/fr\/associations-coalitions-and-committees\/","og_site_name":"ACSEF","article_modified_time":"2023-01-05T15:45:48+00:00","twitter_card":"summary_large_image","twitter_misc":{"Dur\u00e9e de lecture estim\u00e9e":"2 minutes"},"schema":{"@context":"https:\/\/schema.org","@graph":[{"@type":"WebPage","@id":"https:\/\/caefs.ca\/fr\/associations-coalitions-and-committees\/","url":"https:\/\/caefs.ca\/fr\/associations-coalitions-and-committees\/","name":"Associations et coalitions - ACSEF","isPartOf":{"@id":"https:\/\/caefs.ca\/fr\/#website"},"datePublished":"2022-12-15T15:59:04+00:00","dateModified":"2023-01-05T15:45:48+00:00","breadcrumb":{"@id":"https:\/\/caefs.ca\/fr\/associations-coalitions-and-committees\/#breadcrumb"},"inLanguage":"fr-FR","potentialAction":[{"@type":"ReadAction","target":["https:\/\/caefs.ca\/fr\/associations-coalitions-and-committees\/"]}]},{"@type":"BreadcrumbList","@id":"https:\/\/caefs.ca\/fr\/associations-coalitions-and-committees\/#breadcrumb","itemListElement":[{"@type":"ListItem","position":1,"name":"Accueil","item":"https:\/\/caefs.ca\/fr\/"},{"@type":"ListItem","position":2,"name":"Associations et coalitions"}]},{"@type":"WebSite","@id":"https:\/\/caefs.ca\/fr\/#website","url":"https:\/\/caefs.ca\/fr\/","name":"ACSEF","description":"Just another WordPress site","potentialAction":[{"@type":"SearchAction","target":{"@type":"EntryPoint","urlTemplate":"https:\/\/caefs.ca\/fr\/?s={search_term_string}"},"query-input":{"@type":"PropertyValueSpecification","valueRequired":true,"valueName":"search_term_string"}}],"inLanguage":"fr-FR"}]}},"_links":{"self":[{"href":"https:\/\/caefs.ca\/fr\/wp-json\/wp\/v2\/pages\/5789","targetHints":{"allow":["GET"]}}],"collection":[{"href":"https:\/\/caefs.ca\/fr\/wp-json\/wp\/v2\/pages"}],"about":[{"href":"https:\/\/caefs.ca\/fr\/wp-json\/wp\/v2\/types\/page"}],"author":[{"embeddable":true,"href":"https:\/\/caefs.ca\/fr\/wp-json\/wp\/v2\/users\/3"}],"replies":[{"embeddable":true,"href":"https:\/\/caefs.ca\/fr\/wp-json\/wp\/v2\/comments?post=5789"}],"version-history":[{"count":11,"href":"https:\/\/caefs.ca\/fr\/wp-json\/wp\/v2\/pages\/5789\/revisions"}],"predecessor-version":[{"id":5840,"href":"https:\/\/caefs.ca\/fr\/wp-json\/wp\/v2\/pages\/5789\/revisions\/5840"}],"wp:attachment":[{"href":"https:\/\/caefs.ca\/fr\/wp-json\/wp\/v2\/media?parent=5789"}],"wp:term":[{"taxonomy":"category","embeddable":true,"href":"https:\/\/caefs.ca\/fr\/wp-json\/wp\/v2\/category?post=5789"}],"curies":[{"name":"wp","href":"https:\/\/api.w.org\/{rel}","templated":true}]}}