{"id":5817,"date":"2023-01-03T10:46:50","date_gmt":"2023-01-03T15:46:50","guid":{"rendered":"https:\/\/caefs.ca\/caefs-work\/"},"modified":"2026-03-20T14:47:24","modified_gmt":"2026-03-20T18:47:24","slug":"caefs-work","status":"publish","type":"page","link":"https:\/\/caefs.ca\/fr\/caefs-work\/","title":{"rendered":"Notre travail"},"content":{"rendered":"<div id=\"key-issues-block_5583db745b126643c62421d97af484f9\" class=\"key-issues alignfull  grey\">\n    <div class=\"row\">\n        <div class=\"large-8 large-offset-2 column\">\n            <div class=\"block-title\">\n                <h2>Notre travail<\/h2>\n                <p><\/p>\n            <\/div>\n        <\/div>\n    <\/div>\n\t    <div class=\"contents\">\n        <div class=\"row\">\n\t                    <div class=\"medium-3 column\">\n                <div class=\"issue-box\">\n                                                            <a href=\"https:\/\/caefs.ca\/fr\/legal-advocacy\/\" title=\"D\u00e9fense des droits juridiques\" >\n                        D\u00e9fense des droits juridiques                    <\/a>\n                <\/div>\n            <\/div>\n                        <div class=\"medium-3 column\">\n                <div class=\"issue-box\">\n                                                            <a href=\"https:\/\/caefs.ca\/fr\/projects-and-initiatives\/\" title=\"Projets et initiatives\" >\n                        Projets et initiatives                    <\/a>\n                <\/div>\n            <\/div>\n                        <div class=\"medium-3 column\">\n                <div class=\"issue-box\">\n                                                            <a href=\"https:\/\/caefs.ca\/fr\/defense-des-droits-dans-les-penitenciers-dits-pour-femmes\/\" title=\"D\u00e9fense des droits des personnes incarc\u00e9r\u00e9eset conditions de d\u00e9tention\" >\n                        D\u00e9fense des droits des personnes incarc\u00e9r\u00e9eset conditions de d\u00e9tention                    <\/a>\n                <\/div>\n            <\/div>\n                        <div class=\"medium-3 column\">\n                <div class=\"issue-box\">\n                                                            <a href=\"https:\/\/caefs.ca\/travail-de-modification-legislative\/\" title=\"Travail de modification l\u00e9gislative\" >\n                        Travail de modification l\u00e9gislative                    <\/a>\n                <\/div>\n            <\/div>\n                    <\/div>\n    <\/div>\n        <div class=\"row\">\n        <div class=\"large-12 column\">\n            <div class=\"block-cta\">\n\t                        <\/div>\n        <\/div>\n    <\/div>\n<\/div>\n","protected":false},"excerpt":{"rendered":"","protected":false},"author":3,"featured_media":0,"parent":0,"menu_order":0,"comment_status":"closed","ping_status":"closed","template":"","meta":{"_acf_changed":false,"om_disable_all_campaigns":false,"_monsterinsights_skip_tracking":false,"_monsterinsights_sitenote_active":false,"_monsterinsights_sitenote_note":"","_monsterinsights_sitenote_category":0,"footnotes":""},"category":[],"class_list":["post-5817","page","type-page","status-publish","hentry"],"acf":[],"aioseo_notices":[],"yoast_head":"<!-- This site is optimized with the Yoast SEO plugin v27.4 - https:\/\/yoast.com\/product\/yoast-seo-wordpress\/ -->\n<title>Notre travail - ACSEF<\/title>\n<meta name=\"robots\" content=\"index, follow, max-snippet:-1, max-image-preview:large, max-video-preview:-1\" \/>\n<link rel=\"canonical\" href=\"https:\/\/caefs.ca\/fr\/caefs-work\/\" \/>\n<meta property=\"og:locale\" content=\"fr_FR\" \/>\n<meta property=\"og:type\" content=\"article\" \/>\n<meta property=\"og:title\" content=\"Notre travail - ACSEF\" \/>\n<meta property=\"og:url\" content=\"https:\/\/caefs.ca\/fr\/caefs-work\/\" \/>\n<meta property=\"og:site_name\" content=\"ACSEF\" \/>\n<meta property=\"article:modified_time\" content=\"2026-03-20T18:47:24+00:00\" \/>\n<meta name=\"twitter:card\" content=\"summary_large_image\" \/>\n<script type=\"application\/ld+json\" class=\"yoast-schema-graph\">{\"@context\":\"https:\\\/\\\/schema.org\",\"@graph\":[{\"@type\":\"WebPage\",\"@id\":\"https:\\\/\\\/caefs.ca\\\/fr\\\/caefs-work\\\/\",\"url\":\"https:\\\/\\\/caefs.ca\\\/fr\\\/caefs-work\\\/\",\"name\":\"Notre travail - ACSEF\",\"isPartOf\":{\"@id\":\"https:\\\/\\\/caefs.ca\\\/fr\\\/#website\"},\"datePublished\":\"2023-01-03T15:46:50+00:00\",\"dateModified\":\"2026-03-20T18:47:24+00:00\",\"breadcrumb\":{\"@id\":\"https:\\\/\\\/caefs.ca\\\/fr\\\/caefs-work\\\/#breadcrumb\"},\"inLanguage\":\"fr-FR\",\"potentialAction\":[{\"@type\":\"ReadAction\",\"target\":[\"https:\\\/\\\/caefs.ca\\\/fr\\\/caefs-work\\\/\"]}]},{\"@type\":\"BreadcrumbList\",\"@id\":\"https:\\\/\\\/caefs.ca\\\/fr\\\/caefs-work\\\/#breadcrumb\",\"itemListElement\":[{\"@type\":\"ListItem\",\"position\":1,\"name\":\"Accueil\",\"item\":\"https:\\\/\\\/caefs.ca\\\/fr\\\/\"},{\"@type\":\"ListItem\",\"position\":2,\"name\":\"Notre travail\"}]},{\"@type\":\"WebSite\",\"@id\":\"https:\\\/\\\/caefs.ca\\\/fr\\\/#website\",\"url\":\"https:\\\/\\\/caefs.ca\\\/fr\\\/\",\"name\":\"ACSEF\",\"description\":\"Just another WordPress site\",\"potentialAction\":[{\"@type\":\"SearchAction\",\"target\":{\"@type\":\"EntryPoint\",\"urlTemplate\":\"https:\\\/\\\/caefs.ca\\\/fr\\\/?s={search_term_string}\"},\"query-input\":{\"@type\":\"PropertyValueSpecification\",\"valueRequired\":true,\"valueName\":\"search_term_string\"}}],\"inLanguage\":\"fr-FR\"}]}<\/script>\n<!-- \/ Yoast SEO plugin. -->","yoast_head_json":{"title":"Notre travail - ACSEF","robots":{"index":"index","follow":"follow","max-snippet":"max-snippet:-1","max-image-preview":"max-image-preview:large","max-video-preview":"max-video-preview:-1"},"canonical":"https:\/\/caefs.ca\/fr\/caefs-work\/","og_locale":"fr_FR","og_type":"article","og_title":"Notre travail - ACSEF","og_url":"https:\/\/caefs.ca\/fr\/caefs-work\/","og_site_name":"ACSEF","article_modified_time":"2026-03-20T18:47:24+00:00","twitter_card":"summary_large_image","schema":{"@context":"https:\/\/schema.org","@graph":[{"@type":"WebPage","@id":"https:\/\/caefs.ca\/fr\/caefs-work\/","url":"https:\/\/caefs.ca\/fr\/caefs-work\/","name":"Notre travail - ACSEF","isPartOf":{"@id":"https:\/\/caefs.ca\/fr\/#website"},"datePublished":"2023-01-03T15:46:50+00:00","dateModified":"2026-03-20T18:47:24+00:00","breadcrumb":{"@id":"https:\/\/caefs.ca\/fr\/caefs-work\/#breadcrumb"},"inLanguage":"fr-FR","potentialAction":[{"@type":"ReadAction","target":["https:\/\/caefs.ca\/fr\/caefs-work\/"]}]},{"@type":"BreadcrumbList","@id":"https:\/\/caefs.ca\/fr\/caefs-work\/#breadcrumb","itemListElement":[{"@type":"ListItem","position":1,"name":"Accueil","item":"https:\/\/caefs.ca\/fr\/"},{"@type":"ListItem","position":2,"name":"Notre travail"}]},{"@type":"WebSite","@id":"https:\/\/caefs.ca\/fr\/#website","url":"https:\/\/caefs.ca\/fr\/","name":"ACSEF","description":"Just another WordPress site","potentialAction":[{"@type":"SearchAction","target":{"@type":"EntryPoint","urlTemplate":"https:\/\/caefs.ca\/fr\/?s={search_term_string}"},"query-input":{"@type":"PropertyValueSpecification","valueRequired":true,"valueName":"search_term_string"}}],"inLanguage":"fr-FR"}]}},"_links":{"self":[{"href":"https:\/\/caefs.ca\/fr\/wp-json\/wp\/v2\/pages\/5817","targetHints":{"allow":["GET"]}}],"collection":[{"href":"https:\/\/caefs.ca\/fr\/wp-json\/wp\/v2\/pages"}],"about":[{"href":"https:\/\/caefs.ca\/fr\/wp-json\/wp\/v2\/types\/page"}],"author":[{"embeddable":true,"href":"https:\/\/caefs.ca\/fr\/wp-json\/wp\/v2\/users\/3"}],"replies":[{"embeddable":true,"href":"https:\/\/caefs.ca\/fr\/wp-json\/wp\/v2\/comments?post=5817"}],"version-history":[{"count":11,"href":"https:\/\/caefs.ca\/fr\/wp-json\/wp\/v2\/pages\/5817\/revisions"}],"predecessor-version":[{"id":7796,"href":"https:\/\/caefs.ca\/fr\/wp-json\/wp\/v2\/pages\/5817\/revisions\/7796"}],"wp:attachment":[{"href":"https:\/\/caefs.ca\/fr\/wp-json\/wp\/v2\/media?parent=5817"}],"wp:term":[{"taxonomy":"category","embeddable":true,"href":"https:\/\/caefs.ca\/fr\/wp-json\/wp\/v2\/category?post=5817"}],"curies":[{"name":"wp","href":"https:\/\/api.w.org\/{rel}","templated":true}]}}