{"id":7860,"date":"2026-03-23T11:48:27","date_gmt":"2026-03-23T15:48:27","guid":{"rendered":"https:\/\/caefs.ca\/?page_id=7860"},"modified":"2026-03-23T11:52:19","modified_gmt":"2026-03-23T15:52:19","slug":"la-surincarceration-des-femmes-et-des-personnes-de-genre-diverse-autochtones","status":"publish","type":"page","link":"https:\/\/caefs.ca\/fr\/la-surincarceration-des-femmes-et-des-personnes-de-genre-diverse-autochtones\/","title":{"rendered":"La surincarc\u00e9ration des femmes et des personnes de genre diverse autochtones."},"content":{"rendered":"\n<p><\/p>\n\n\n<div id=\"accordion-content-block_8b8f4640c4d4a700869a273f2fc468be\" class=\"accordion-wrapper \">\n        <div class=\"block-title\">\n        <h2>Au Canada, il y a une surincarc\u00e9ration des femmes et des personnes de genre divers autochtones.<\/h2>\n    <\/div>\n        <ul class=\"accordion\" data-accordion data-multi-expand=\"false\"  data-allow-all-closed=\"true\" data-accordion data-deep-link=\"true\" data-update-history=\"true\" data-deep-link-smudge=\"true\" data-deep-link-smudge-delay=\"500\">\n            <\/ul>\n<\/div>\n\n\n\n<p>Au Canada, l&rsquo;incarc\u00e9ration massive des femmes autochtones et des personnes de genre divers constitue l&rsquo;une des violations les plus flagrantes des droits humains auxquelles notre pays est confront\u00e9. Les femmes autochtones et les personnes de genre divers repr\u00e9sentent plus de 50 % de la population carc\u00e9rale des prisons f\u00e9d\u00e9rales r\u00e9serv\u00e9es aux femmes \u2014 plus d&rsquo;une femme sur deux purgeant une peine f\u00e9d\u00e9rale est autochtone ! Cela repr\u00e9sente une disparit\u00e9 stup\u00e9fiante, \u00e9tant donn\u00e9 que les Autochtones constituent moins de 5 % de la population totale.<\/p>\n\n\n\n<p>Dans certaines r\u00e9gions, les populations carc\u00e9rales provinciales et f\u00e9d\u00e9rales comptent entre 75 % et plus de 90 % de personnes autochtones. Cette situation scandaleuse refl\u00e8te la violence syst\u00e9mique et le racisme profonds qui persistent dans les institutions canadiennes, et souligne le besoin urgent d\u2019une action collective de notre part.<\/p>\n\n\n\n<p>Nous vous encourageons \u00e0 consulter les liens suivants et \u00e0 acc\u00e9der aux ressources ci-dessous pour en savoir plus et d\u00e9couvrir comment vous pouvez contribuer \u00e0 la solution.<\/p>\n\n\n\n<h2 class=\"wp-block-heading\">Ressources<\/h2>\n\n\n<div id=\"accordion-content-block_234f2725200ebaabd011b519eee99480\" class=\"accordion-wrapper \">\n        <ul class=\"accordion\" data-accordion data-multi-expand=\"false\"  data-allow-all-closed=\"true\" data-accordion data-deep-link=\"true\" data-update-history=\"true\" data-deep-link-smudge=\"true\" data-deep-link-smudge-delay=\"500\">\n                    <li class=\"accordion-item\" data-accordion-item>\n                <a href=\"#block_234f2725200ebaabd011b519eee99480-0\" class=\"accordion-title\">T\u00e9l\u00e9charger le PDF d&rsquo;information (disponibles uniquement en anglais)<\/a>\n                <div class=\"accordion-content\" data-tab-content id=\"block_234f2725200ebaabd011b519eee99480-0\">\n                    <p><img loading=\"lazy\" decoding=\"async\" class=\"alignnone size-medium wp-image-7167\" src=\"https:\/\/caefs.ca\/wp-content\/uploads\/2024\/10\/Fact-Sheet-TRC-212x300.jpg\" alt=\"\" width=\"212\" height=\"300\" srcset=\"https:\/\/caefs.ca\/wp-content\/uploads\/2024\/10\/Fact-Sheet-TRC-212x300.jpg 212w, https:\/\/caefs.ca\/wp-content\/uploads\/2024\/10\/Fact-Sheet-TRC-724x1024.jpg 724w, https:\/\/caefs.ca\/wp-content\/uploads\/2024\/10\/Fact-Sheet-TRC-768x1086.jpg 768w, https:\/\/caefs.ca\/wp-content\/uploads\/2024\/10\/Fact-Sheet-TRC-1086x1536.jpg 1086w, https:\/\/caefs.ca\/wp-content\/uploads\/2024\/10\/Fact-Sheet-TRC-400x566.jpg 400w, https:\/\/caefs.ca\/wp-content\/uploads\/2024\/10\/Fact-Sheet-TRC.jpg 1414w\" sizes=\"auto, (max-width: 212px) 100vw, 212px\" \/><\/p>\n                                    <\/div>\n            <\/li>\n                    <li class=\"accordion-item\" data-accordion-item>\n                <a href=\"#block_234f2725200ebaabd011b519eee99480-1\" class=\"accordion-title\">Page d&rsquo;accueil de l&rsquo;Association des femmes autochtones du Canada<\/a>\n                <div class=\"accordion-content\" data-tab-content id=\"block_234f2725200ebaabd011b519eee99480-1\">\n                    <p><a href=\"https:\/\/nwac.ca\/assets-knowledge-centre\/FNIHB_Over_Incarceration_of_Indigenous-Women-Policy-Brief.pdf\">https:\/\/nwac.ca<\/a><\/p>\n                                    <\/div>\n            <\/li>\n            <\/ul>\n<\/div>\n\n\n\n<h2 class=\"wp-block-heading\">M\u00e9dia<\/h2>\n\n\n\n<p>*Les articles sont disponibles uniquement en anglais.<\/p>\n\n\n<div id=\"accordion-content-block_ae6b61454c47263a5b47cfe7e533a235\" class=\"accordion-wrapper \">\n        <ul class=\"accordion\" data-accordion data-multi-expand=\"false\"  data-allow-all-closed=\"true\" data-accordion data-deep-link=\"true\" data-update-history=\"true\" data-deep-link-smudge=\"true\" data-deep-link-smudge-delay=\"500\">\n                    <li class=\"accordion-item\" data-accordion-item>\n                <a href=\"#block_ae6b61454c47263a5b47cfe7e533a235-0\" class=\"accordion-title\">CBC: Indigenous women make up almost half the female prison population, ombudsman says<\/a>\n                <div class=\"accordion-content\" data-tab-content id=\"block_ae6b61454c47263a5b47cfe7e533a235-0\">\n                    <p><a href=\"https:\/\/www.cbc.ca\/news\/politics\/indigenous-women-half-inmate-population-canada-1.6289674\">https:\/\/www.cbc.ca\/news\/politics\/indigenous-women-half-inmate-population-canada-1.6289674<\/a><\/p>\n                                    <\/div>\n            <\/li>\n                    <li class=\"accordion-item\" data-accordion-item>\n                <a href=\"#block_ae6b61454c47263a5b47cfe7e533a235-1\" class=\"accordion-title\">CBC: &lsquo;A national travesty:&rsquo; Prison watchdog urges reform to tackle Indigenous over-incarceration<\/a>\n                <div class=\"accordion-content\" data-tab-content id=\"block_ae6b61454c47263a5b47cfe7e533a235-1\">\n                    <p><a href=\"https:\/\/www.cbc.ca\/news\/indigenous\/correctional-investigator-indigenous-special-report-2023-1.7015596\">https:\/\/www.cbc.ca\/news\/indigenous\/correctional-investigator-indigenous-special-report-2023-1.7015596<\/a><\/p>\n                                    <\/div>\n            <\/li>\n                    <li class=\"accordion-item\" data-accordion-item>\n                <a href=\"#block_ae6b61454c47263a5b47cfe7e533a235-2\" class=\"accordion-title\">APTN: Canada\u2019s prison system has changed little for Indigenous Peoples: Report<\/a>\n                <div class=\"accordion-content\" data-tab-content id=\"block_ae6b61454c47263a5b47cfe7e533a235-2\">\n                    <blockquote class=\"wp-embedded-content\" data-secret=\"4SJEdVDvnc\"><p><a href=\"https:\/\/www.aptnnews.ca\/national-news\/canadas-prison-system-has-changed-little-for-indigenous-peoples-report\/\">Canada\u2019s prison system has changed little for Indigenous Peoples: Report<\/a><\/p><\/blockquote>\n<p><iframe loading=\"lazy\" class=\"wp-embedded-content\" sandbox=\"allow-scripts\" security=\"restricted\" style=\"position: absolute; visibility: hidden;\" title=\"&#8220;Canada\u2019s prison system has changed little for Indigenous Peoples: Report&#8221; &#8212; APTN News\" src=\"https:\/\/www.aptnnews.ca\/national-news\/canadas-prison-system-has-changed-little-for-indigenous-peoples-report\/embed\/#?secret=ObQEtmmueJ#?secret=4SJEdVDvnc\" data-secret=\"4SJEdVDvnc\" width=\"500\" height=\"282\" frameborder=\"0\" marginwidth=\"0\" marginheight=\"0\" scrolling=\"no\"><\/iframe><\/p>\n                                    <\/div>\n            <\/li>\n            <\/ul>\n<\/div>\n\n\n\n<h2 class=\"wp-block-heading\">\u00c9laborer des solutions en favorisant les lib\u00e9rations en vertu de l&rsquo;article 81<\/h2>\n\n\n\n<p>En explorant l&rsquo;article 81 de la Loi sur le syst\u00e8me correctionnel et la mise en libert\u00e9 sous condition (LSCMC) et la question de l&rsquo;autod\u00e9termination, le CAEFS a pris part \u00e0 des initiatives collaboratives r\u00e9unissant des experts et des alli\u00e9s autochtones et non autochtones issus de divers secteurs, dans le but d&rsquo;am\u00e9liorer la compr\u00e9hension et l&rsquo;engagement concernant l&rsquo;article 81 de la LSCMC.<\/p>\n\n\n\n<p>Au cours de sessions virtuelles de partage des connaissances organis\u00e9es d&rsquo;octobre 2023 \u00e0 avril 2024 et d&rsquo;un \u00e9v\u00e9nement en pr\u00e9sentiel pr\u00e9vu en ao\u00fbt 2024, des th\u00e8mes cl\u00e9s tels que l&rsquo;\u00e9laboration de politiques pour les centres de gu\u00e9rison et le soutien \u00e0 l&rsquo;autod\u00e9termination des communaut\u00e9s autochtones et aux collaborations ont \u00e9t\u00e9 abord\u00e9s. Les id\u00e9es et les discussions issues de ces sessions seront synth\u00e9tis\u00e9es dans un document complet sur l&rsquo;\u00e9volution des politiques visant \u00e0 faire progresser les connaissances collectives et \u00e0 mobiliser les parties prenantes. Ce document sera partag\u00e9 avec les organisations partenaires et les parties prenantes en vue d&rsquo;une diffusion et d&rsquo;une mise en \u0153uvre plus larges au sein de divers r\u00e9seaux et communaut\u00e9s.<\/p>\n","protected":false},"excerpt":{"rendered":"<p>Au Canada, l&rsquo;incarc\u00e9ration massive des femmes autochtones et des personnes de genre divers constitue l&rsquo;une des violations les plus flagrantes des droits humains auxquelles notre pays est confront\u00e9. Les femmes [&hellip;]<\/p>\n","protected":false},"author":3,"featured_media":0,"parent":0,"menu_order":0,"comment_status":"closed","ping_status":"closed","template":"","meta":{"_acf_changed":false,"om_disable_all_campaigns":false,"_monsterinsights_skip_tracking":false,"_monsterinsights_sitenote_active":false,"_monsterinsights_sitenote_note":"","_monsterinsights_sitenote_category":0,"footnotes":""},"category":[],"class_list":["post-7860","page","type-page","status-publish","hentry"],"acf":[],"aioseo_notices":[],"yoast_head":"<!-- This site is optimized with the Yoast SEO plugin v27.2 - https:\/\/yoast.com\/product\/yoast-seo-wordpress\/ -->\n<title>La surincarc\u00e9ration des femmes et des personnes de genre diverse autochtones. - ACSEF<\/title>\n<meta name=\"robots\" content=\"index, follow, max-snippet:-1, max-image-preview:large, max-video-preview:-1\" \/>\n<link rel=\"canonical\" href=\"https:\/\/caefs.ca\/fr\/la-surincarceration-des-femmes-et-des-personnes-de-genre-diverse-autochtones\/\" \/>\n<meta property=\"og:locale\" content=\"fr_FR\" \/>\n<meta property=\"og:type\" content=\"article\" \/>\n<meta property=\"og:title\" content=\"La surincarc\u00e9ration des femmes et des personnes de genre diverse autochtones. - ACSEF\" \/>\n<meta property=\"og:description\" content=\"Au Canada, l&rsquo;incarc\u00e9ration massive des femmes autochtones et des personnes de genre divers constitue l&rsquo;une des violations les plus flagrantes des droits humains auxquelles notre pays est confront\u00e9. Les femmes [&hellip;]\" \/>\n<meta property=\"og:url\" content=\"https:\/\/caefs.ca\/fr\/la-surincarceration-des-femmes-et-des-personnes-de-genre-diverse-autochtones\/\" \/>\n<meta property=\"og:site_name\" content=\"ACSEF\" \/>\n<meta property=\"article:modified_time\" content=\"2026-03-23T15:52:19+00:00\" \/>\n<meta name=\"twitter:card\" content=\"summary_large_image\" \/>\n<meta name=\"twitter:label1\" content=\"Dur\u00e9e de lecture estim\u00e9e\" \/>\n\t<meta name=\"twitter:data1\" content=\"2 minutes\" \/>\n<script type=\"application\/ld+json\" class=\"yoast-schema-graph\">{\"@context\":\"https:\/\/schema.org\",\"@graph\":[{\"@type\":\"WebPage\",\"@id\":\"https:\/\/caefs.ca\/fr\/la-surincarceration-des-femmes-et-des-personnes-de-genre-diverse-autochtones\/\",\"url\":\"https:\/\/caefs.ca\/fr\/la-surincarceration-des-femmes-et-des-personnes-de-genre-diverse-autochtones\/\",\"name\":\"La surincarc\u00e9ration des femmes et des personnes de genre diverse autochtones. - ACSEF\",\"isPartOf\":{\"@id\":\"https:\/\/caefs.ca\/fr\/#website\"},\"datePublished\":\"2026-03-23T15:48:27+00:00\",\"dateModified\":\"2026-03-23T15:52:19+00:00\",\"breadcrumb\":{\"@id\":\"https:\/\/caefs.ca\/fr\/la-surincarceration-des-femmes-et-des-personnes-de-genre-diverse-autochtones\/#breadcrumb\"},\"inLanguage\":\"fr-FR\",\"potentialAction\":[{\"@type\":\"ReadAction\",\"target\":[\"https:\/\/caefs.ca\/fr\/la-surincarceration-des-femmes-et-des-personnes-de-genre-diverse-autochtones\/\"]}]},{\"@type\":\"BreadcrumbList\",\"@id\":\"https:\/\/caefs.ca\/fr\/la-surincarceration-des-femmes-et-des-personnes-de-genre-diverse-autochtones\/#breadcrumb\",\"itemListElement\":[{\"@type\":\"ListItem\",\"position\":1,\"name\":\"Accueil\",\"item\":\"https:\/\/caefs.ca\/fr\/\"},{\"@type\":\"ListItem\",\"position\":2,\"name\":\"La surincarc\u00e9ration des femmes et des personnes de genre diverse autochtones.\"}]},{\"@type\":\"WebSite\",\"@id\":\"https:\/\/caefs.ca\/fr\/#website\",\"url\":\"https:\/\/caefs.ca\/fr\/\",\"name\":\"ACSEF\",\"description\":\"Just another WordPress site\",\"potentialAction\":[{\"@type\":\"SearchAction\",\"target\":{\"@type\":\"EntryPoint\",\"urlTemplate\":\"https:\/\/caefs.ca\/fr\/?s={search_term_string}\"},\"query-input\":{\"@type\":\"PropertyValueSpecification\",\"valueRequired\":true,\"valueName\":\"search_term_string\"}}],\"inLanguage\":\"fr-FR\"}]}<\/script>\n<!-- \/ Yoast SEO plugin. -->","yoast_head_json":{"title":"La surincarc\u00e9ration des femmes et des personnes de genre diverse autochtones. - ACSEF","robots":{"index":"index","follow":"follow","max-snippet":"max-snippet:-1","max-image-preview":"max-image-preview:large","max-video-preview":"max-video-preview:-1"},"canonical":"https:\/\/caefs.ca\/fr\/la-surincarceration-des-femmes-et-des-personnes-de-genre-diverse-autochtones\/","og_locale":"fr_FR","og_type":"article","og_title":"La surincarc\u00e9ration des femmes et des personnes de genre diverse autochtones. - ACSEF","og_description":"Au Canada, l&rsquo;incarc\u00e9ration massive des femmes autochtones et des personnes de genre divers constitue l&rsquo;une des violations les plus flagrantes des droits humains auxquelles notre pays est confront\u00e9. Les femmes [&hellip;]","og_url":"https:\/\/caefs.ca\/fr\/la-surincarceration-des-femmes-et-des-personnes-de-genre-diverse-autochtones\/","og_site_name":"ACSEF","article_modified_time":"2026-03-23T15:52:19+00:00","twitter_card":"summary_large_image","twitter_misc":{"Dur\u00e9e de lecture estim\u00e9e":"2 minutes"},"schema":{"@context":"https:\/\/schema.org","@graph":[{"@type":"WebPage","@id":"https:\/\/caefs.ca\/fr\/la-surincarceration-des-femmes-et-des-personnes-de-genre-diverse-autochtones\/","url":"https:\/\/caefs.ca\/fr\/la-surincarceration-des-femmes-et-des-personnes-de-genre-diverse-autochtones\/","name":"La surincarc\u00e9ration des femmes et des personnes de genre diverse autochtones. - ACSEF","isPartOf":{"@id":"https:\/\/caefs.ca\/fr\/#website"},"datePublished":"2026-03-23T15:48:27+00:00","dateModified":"2026-03-23T15:52:19+00:00","breadcrumb":{"@id":"https:\/\/caefs.ca\/fr\/la-surincarceration-des-femmes-et-des-personnes-de-genre-diverse-autochtones\/#breadcrumb"},"inLanguage":"fr-FR","potentialAction":[{"@type":"ReadAction","target":["https:\/\/caefs.ca\/fr\/la-surincarceration-des-femmes-et-des-personnes-de-genre-diverse-autochtones\/"]}]},{"@type":"BreadcrumbList","@id":"https:\/\/caefs.ca\/fr\/la-surincarceration-des-femmes-et-des-personnes-de-genre-diverse-autochtones\/#breadcrumb","itemListElement":[{"@type":"ListItem","position":1,"name":"Accueil","item":"https:\/\/caefs.ca\/fr\/"},{"@type":"ListItem","position":2,"name":"La surincarc\u00e9ration des femmes et des personnes de genre diverse autochtones."}]},{"@type":"WebSite","@id":"https:\/\/caefs.ca\/fr\/#website","url":"https:\/\/caefs.ca\/fr\/","name":"ACSEF","description":"Just another WordPress site","potentialAction":[{"@type":"SearchAction","target":{"@type":"EntryPoint","urlTemplate":"https:\/\/caefs.ca\/fr\/?s={search_term_string}"},"query-input":{"@type":"PropertyValueSpecification","valueRequired":true,"valueName":"search_term_string"}}],"inLanguage":"fr-FR"}]}},"_links":{"self":[{"href":"https:\/\/caefs.ca\/fr\/wp-json\/wp\/v2\/pages\/7860","targetHints":{"allow":["GET"]}}],"collection":[{"href":"https:\/\/caefs.ca\/fr\/wp-json\/wp\/v2\/pages"}],"about":[{"href":"https:\/\/caefs.ca\/fr\/wp-json\/wp\/v2\/types\/page"}],"author":[{"embeddable":true,"href":"https:\/\/caefs.ca\/fr\/wp-json\/wp\/v2\/users\/3"}],"replies":[{"embeddable":true,"href":"https:\/\/caefs.ca\/fr\/wp-json\/wp\/v2\/comments?post=7860"}],"version-history":[{"count":3,"href":"https:\/\/caefs.ca\/fr\/wp-json\/wp\/v2\/pages\/7860\/revisions"}],"predecessor-version":[{"id":7867,"href":"https:\/\/caefs.ca\/fr\/wp-json\/wp\/v2\/pages\/7860\/revisions\/7867"}],"wp:attachment":[{"href":"https:\/\/caefs.ca\/fr\/wp-json\/wp\/v2\/media?parent=7860"}],"wp:term":[{"taxonomy":"category","embeddable":true,"href":"https:\/\/caefs.ca\/fr\/wp-json\/wp\/v2\/category?post=7860"}],"curies":[{"name":"wp","href":"https:\/\/api.w.org\/{rel}","templated":true}]}}